{"id":6622,"date":"2023-08-07T13:30:52","date_gmt":"2023-08-07T11:30:52","guid":{"rendered":"https:\/\/varat.tn\/produit\/three-phase-power-transformer\/"},"modified":"2023-08-07T13:30:52","modified_gmt":"2023-08-07T12:30:52","slug":"three-phase-power-transformer","status":"publish","type":"product","link":"https:\/\/varat.tn\/en\/product\/three-phase-power-transformer\/","title":{"rendered":"Three-phase power transformer"},"content":{"rendered":"<div style=\"width: 1172px\" class=\"wp-caption aligncenter\"><img loading=\"lazy\" decoding=\"async\" src=\"http:\/\/someflighting.com\/wp-content\/uploads\/2023\/08\/triphase-1.png\" alt=\"Three-phase power transformer datasheet\" width=\"1162\" height=\"438\"><p class=\"wp-caption-text\">Three-phase power transformer datasheet<\/p><\/div>\n<div style=\"width: 1178px\" class=\"wp-caption aligncenter\"><img loading=\"lazy\" decoding=\"async\" src=\"http:\/\/someflighting.com\/wp-content\/uploads\/2023\/08\/triphase-2.png\" alt=\"Three-phase power transformer datasheet\" width=\"1168\" height=\"460\"><p class=\"wp-caption-text\">Three-phase power transformer datasheet<\/p><\/div>\n<p>&nbsp;<\/p>\n<p><strong>Three-phase power transformers<\/strong> are classified as isolation transformers according to the standard (IEC 96.1) IEC 61558-1 IEC61558-2-4 up to 5KVA, and the standard IEC 61558-2-4. They are also known as power transformers <\/p>\n<p>The three-phase power transformer is used to supply three-phase loads such as motors, industrial machinery and electrical equipment in commercial, residential and industrial installations. It converts single-phase electrical energy into three-phase electrical energy to meet the needs of alternating current electrical appliances. <\/p>\n<p>The three-phase power transformer datasheet (see above and at the<a href=\"https:\/\/varat.tn\/en\/telechargement\/\"> following link<\/a>) provides detailed information on its technical specifications such as input and output voltage, frequency, rated current, output power and dimensions. This allows users to select the appropriate transformer based on their specific needs. <\/p>\n<p>In addition to providing stable and reliable power supply, three-phase power transformers also offer electrical isolation to ensure the safety of devices connected to the power grid. They can also be equipped with protective devices such as fuses or circuit breakers to prevent any risk of fire or overload. <\/p>\n<p>Three-phase power transformers are designed to be compact and easy to install in various environments. They can be mounted on poles, walls or even containers for outdoor use. In addition, they are available in different sizes and power ratings to meet the specific needs of each user.  <\/p>","protected":false},"excerpt":{"rendered":"<p>&#8211; Three-phase transformers are classified as isolation transformers according to the standard (IEC 96.1) IEC 61558-1 IEC61558-2-4 up to 5KVA, and the standard IEC 61558-2-4.<br \/>\n&#8211; Single primary voltage max. 1000V. Single secondary max. 1000V. Class F insulation.<br \/>\n&#8211; Maximum ambient temperature 45\u00b0C. Protection grade IP00<br \/>\n&#8211; Varnish impregnated class H and oven dried.<br \/>\n&#8211; Low loss magnetic sheet (1.5 W\/Kg).<br \/>\n&#8211; Grain-oriented sheet for power ratings above 6KVA. Star\/Delta\/Zigzag coupling  <\/p>\n<p>NB: Upon request: It is possible to add an electrostatic screen between the primary and secondary connected to a grounding terminal.<\/p>\n<p><a target=\"_self\" class=\"btn  small\" href=\"https:\/\/someflighting.com\/wp-content\/uploads\/2024\/06\/5.pdf\"><span> Datasheet<\/span><\/a><\/p>","protected":false},"featured_media":2688,"template":"","meta":[],"etheme_brands":[],"product_brand":[],"product_cat":[298,288,290],"product_tag":[],"class_list":{"0":"post-6622","1":"product","2":"type-product","3":"status-publish","4":"has-post-thumbnail","6":"product_cat-electrical-transformers","7":"product_cat-hospital","8":"product_cat-usine","10":"first","11":"instock","12":"shipping-taxable","13":"product-type-simple"},"yoast_head":"<!-- This site is optimized with the Yoast SEO plugin v27.3 - https:\/\/yoast.com\/product\/yoast-seo-wordpress\/ -->\n<title>Three-phase power transformer<\/title>\n<meta name=\"description\" content=\"Three-phase power transformer, Find the three-phase electrical power you need with our three-phase transformers.\" \/>\n<meta name=\"robots\" content=\"index, follow, max-snippet:-1, max-image-preview:large, max-video-preview:-1\" \/>\n<link rel=\"canonical\" href=\"\/en\/https:\/\/varat.tn\/en\/product\/three-phase-power-transformer\/\/\" \/>\n<meta property=\"og:locale\" content=\"en_US\" \/>\n<meta property=\"og:type\" content=\"article\" \/>\n<meta property=\"og:title\" content=\"Three-phase power transformer\" \/>\n<meta property=\"og:description\" content=\"Three-phase power transformer, Find the three-phase electrical power you need with our three-phase transformers.\" \/>\n<meta property=\"og:url\" content=\"\/en\/https:\/\/varat.tn\/en\/product\/three-phase-power-transformer\/\/\" \/>\n<meta property=\"og:site_name\" content=\"VARAT\" \/>\n<meta property=\"article:publisher\" content=\"https:\/\/www.facebook.com\/SOMEF.Lighting\/\" \/>\n<meta property=\"article:modified_time\" content=\"2023-08-07T12:30:52+00:00\" \/>\n<meta property=\"og:image\" content=\"https:\/\/varat.tn\/wp-content\/uploads\/2023\/08\/1-3-300x300.png\" \/>\n<meta name=\"twitter:card\" content=\"summary_large_image\" \/>\n<meta name=\"twitter:title\" content=\"Three-phase power transformer\" \/>\n<meta name=\"twitter:description\" content=\"Three-phase power transformer, Find the three-phase electrical power you need with our three-phase transformers.\" \/>\n<meta name=\"twitter:image\" content=\"https:\/\/varat.tn\/wp-content\/uploads\/2023\/08\/1-3.png\" \/>\n<meta name=\"twitter:label1\" content=\"Est. reading time\" \/>\n\t<meta name=\"twitter:data1\" content=\"1 minute\" \/>\n<!-- \/ Yoast SEO plugin. -->","yoast_head_json":{"title":"Three-phase power transformer","description":"Three-phase power transformer, Find the three-phase electrical power you need with our three-phase transformers.","robots":{"index":"index","follow":"follow","max-snippet":"max-snippet:-1","max-image-preview":"max-image-preview:large","max-video-preview":"max-video-preview:-1"},"canonical":"\/en\/https:\/\/varat.tn\/en\/product\/three-phase-power-transformer\/\/","og_locale":"en_US","og_type":"article","og_title":"Three-phase power transformer","og_description":"Three-phase power transformer, Find the three-phase electrical power you need with our three-phase transformers.","og_url":"\/en\/https:\/\/varat.tn\/en\/product\/three-phase-power-transformer\/\/","og_site_name":"VARAT","article_publisher":"https:\/\/www.facebook.com\/SOMEF.Lighting\/","article_modified_time":"2023-08-07T12:30:52+00:00","og_image":[{"url":"https:\/\/varat.tn\/wp-content\/uploads\/2023\/08\/1-3-300x300.png","type":"","width":"","height":""}],"twitter_card":"summary_large_image","twitter_title":"Three-phase power transformer","twitter_description":"Three-phase power transformer, Find the three-phase electrical power you need with our three-phase transformers.","twitter_image":"https:\/\/varat.tn\/wp-content\/uploads\/2023\/08\/1-3.png","twitter_misc":{"Est. reading time":"1 minute"},"schema":{"@context":"https:\/\/schema.org","@graph":[{"@type":"WebPage","@id":"https:\/\/varat.tn\/en\/product\/three-phase-power-transformer\/","url":"https:\/\/varat.tn\/en\/product\/three-phase-power-transformer\/","name":"Three-phase power transformer","isPartOf":{"@id":"https:\/\/varat.tn\/en\/#website"},"primaryImageOfPage":{"@id":"https:\/\/varat.tn\/en\/product\/three-phase-power-transformer\/#primaryimage"},"image":{"@id":"https:\/\/varat.tn\/en\/product\/three-phase-power-transformer\/#primaryimage"},"thumbnailUrl":"https:\/\/varat.tn\/wp-content\/uploads\/2023\/08\/1-3.png","datePublished":"2023-08-07T11:30:52+00:00","dateModified":"2023-08-07T12:30:52+00:00","description":"Three-phase power transformer, Find the three-phase electrical power you need with our three-phase transformers.","breadcrumb":{"@id":"https:\/\/varat.tn\/en\/product\/three-phase-power-transformer\/#breadcrumb"},"inLanguage":"en-US","potentialAction":[{"@type":"ReadAction","target":["https:\/\/varat.tn\/en\/product\/three-phase-power-transformer\/"]}]},{"@type":"ImageObject","inLanguage":"en-US","@id":"https:\/\/varat.tn\/en\/product\/three-phase-power-transformer\/#primaryimage","url":"https:\/\/varat.tn\/wp-content\/uploads\/2023\/08\/1-3.png","contentUrl":"https:\/\/varat.tn\/wp-content\/uploads\/2023\/08\/1-3.png","width":1000,"height":1000,"caption":"Three-phase power transformer"},{"@type":"BreadcrumbList","@id":"https:\/\/varat.tn\/en\/product\/three-phase-power-transformer\/#breadcrumb","itemListElement":[{"@type":"ListItem","position":1,"name":"Accueil","item":"https:\/\/varat.tn\/en\/home\/"},{"@type":"ListItem","position":2,"name":"Boutique","item":"https:\/\/varat.tn\/en\/boutique\/"},{"@type":"ListItem","position":3,"name":"Three-phase power transformer"}]},{"@type":"WebSite","@id":"https:\/\/varat.tn\/en\/#website","url":"https:\/\/varat.tn\/en\/","name":"VARAT","description":"\u00e9clairage Tunisie, Transformateurs \u00e9lectriques, lampes LED, \u00e9clairage r\u00e9sidentiel, \u00e9clairage industriel, \u00e9clairage bureautique et h\u00f4pitaux, \u00e9clairage urbain","potentialAction":[{"@type":"SearchAction","target":{"@type":"EntryPoint","urlTemplate":"https:\/\/varat.tn\/en\/?s={search_term_string}"},"query-input":{"@type":"PropertyValueSpecification","valueRequired":true,"valueName":"search_term_string"}}],"inLanguage":"en-US"}]}},"_links":{"self":[{"href":"https:\/\/varat.tn\/en\/wp-json\/wp\/v2\/product\/6622","targetHints":{"allow":["GET"]}}],"collection":[{"href":"https:\/\/varat.tn\/en\/wp-json\/wp\/v2\/product"}],"about":[{"href":"https:\/\/varat.tn\/en\/wp-json\/wp\/v2\/types\/product"}],"version-history":[{"count":0,"href":"https:\/\/varat.tn\/en\/wp-json\/wp\/v2\/product\/6622\/revisions"}],"wp:featuredmedia":[{"embeddable":true,"href":"https:\/\/varat.tn\/en\/wp-json\/wp\/v2\/media\/2688"}],"wp:attachment":[{"href":"https:\/\/varat.tn\/en\/wp-json\/wp\/v2\/media?parent=6622"}],"wp:term":[{"taxonomy":"brand","embeddable":true,"href":"https:\/\/varat.tn\/en\/wp-json\/wp\/v2\/etheme_brands?post=6622"},{"taxonomy":"product_brand","embeddable":true,"href":"https:\/\/varat.tn\/en\/wp-json\/wp\/v2\/product_brand?post=6622"},{"taxonomy":"product_cat","embeddable":true,"href":"https:\/\/varat.tn\/en\/wp-json\/wp\/v2\/product_cat?post=6622"},{"taxonomy":"product_tag","embeddable":true,"href":"https:\/\/varat.tn\/en\/wp-json\/wp\/v2\/product_tag?post=6622"}],"curies":[{"name":"wp","href":"https:\/\/api.w.org\/{rel}","templated":true}]}}