{"id":6614,"date":"2023-08-09T14:33:15","date_gmt":"2023-08-09T12:33:15","guid":{"rendered":"https:\/\/varat.tn\/produit\/vdc\/"},"modified":"2023-08-09T14:33:15","modified_gmt":"2023-08-09T13:33:15","slug":"vdc","status":"publish","type":"product","link":"https:\/\/varat.tn\/en\/product\/vdc\/","title":{"rendered":"VDC"},"content":{"rendered":"<p><img decoding=\"async\" src=\"http:\/\/someflighting.com\/wp-content\/uploads\/2023\/11\/VDC-tableau.png\"><\/p>\n<p>Varat offers you an emergency lighting from the VDC range to ensure the safety of your building in case of emergency.<\/p>\n<p>LED luminaires offer excellent energy efficiency and have a long lifespan, making them an ideal choice for emergency lighting systems.<\/p>\n<p>Les caract\u00e9ristiques techniques de l&#8217;\u00e9clairage VDC sont :<\/p>\n<ul>\n<li>Self-contained luminaire for double-sided backlit signage with a high level of uniformity<\/li>\n<li>Extruded synthetic profile and frame, along with an optical unit featuring a light guide plate with laser marking for optimal internal reflection.<\/li>\n<li>Two pictograms or an opacifying plate for single-sided information display<\/li>\n<li>Sign dimensions 228&#215;114 mm.<\/li>\n<li>Ceiling surface mounting<\/li>\n<li>Minimum luminous flux 60 lm.<\/li>\n<\/ul>\n<p>The LED emergency lighting system is designed to provide an efficient and durable solution in case of emergency in <a href=\"https:\/\/varat.tn\/en\/our-solutions\/industrial-lighting\/\">buildings<\/a>. Thanks to their low energy consumption, these luminaires are cost-effective and environmentally friendly. In addition, their long lifespan helps reduce costs associated with frequent bulb replacement.  <\/p>\n<p>The VDC luminaires have been specially designed to provide clear and uniform signage in case of evacuation. Their profiled design and synthetic material frame ensure outstanding durability and easy installation. <\/p>\n<p>The ceiling surface mounting allows for better light diffusion, ensuring optimal visibility even in dark areas. Furthermore, thanks to their compact dimensions of 228&#215;114 mm, these signs can be installed in restricted spaces without cluttering the area. <\/p>\n<p>With a minimum luminous flux of 60 lm, these luminaires provide sufficient illumination to guide people towards emergency exits in case of emergency. Their uniform lighting also ensures clear and easily identifiable signage. <\/p>","protected":false},"excerpt":{"rendered":"<div class=\"page\" title=\"Page 1\">\n<div class=\"section\">\n<div class=\"layoutArea\">\n<div class=\"column\">\n<p>&#8211; Self-contained luminaire for double-sided backlit signage with a high level of uniformity<br \/>\n&#8211; Extruded synthetic profile and frame, along with an optical unit featuring a light guide plate with laser marking for optimal internal reflection.<br \/>\n&#8211; Two pictograms or an opacifying plate for single-sided information display<br \/>\n&#8211; Sign dimensions 228&#215;114 mm.<br \/>\n&#8211; Ceiling surface mounting<br \/>\n&#8211; Minimum luminous flux 60 lm.<\/p>\n<p><a target=\"_self\" class=\"btn  small\" href=\"https:\/\/someflighting.com\/wp-content\/uploads\/2024\/06\/VDC.pdf\"><span> Datasheet<\/span><\/a><\/p>\n<\/div>\n<\/div>\n<\/div>\n<\/div>","protected":false},"featured_media":6331,"template":"","meta":[],"etheme_brands":[],"product_brand":[],"product_cat":[297,287,288,286,289,290],"product_tag":[],"class_list":{"0":"post-6614","1":"product","2":"type-product","3":"status-publish","4":"has-post-thumbnail","6":"product_cat-emergency-lighting","7":"product_cat-home","8":"product_cat-hospital","9":"product_cat-lighting","10":"product_cat-office","11":"product_cat-usine","13":"first","14":"instock","15":"shipping-taxable","16":"product-type-simple"},"yoast_head":"<!-- This site is optimized with the Yoast SEO plugin v27.3 - https:\/\/yoast.com\/product\/yoast-seo-wordpress\/ -->\n<title>VDC - VARAT<\/title>\n<meta name=\"description\" content=\"VDC, Self-contained luminaire for double-sided backlit signage with a high level of uniformity, safety and emergency lighting\" \/>\n<meta name=\"robots\" content=\"index, follow, max-snippet:-1, max-image-preview:large, max-video-preview:-1\" \/>\n<link rel=\"canonical\" href=\"\/en\/https:\/\/varat.tn\/en\/product\/vdc\/\/\" \/>\n<meta property=\"og:locale\" content=\"en_US\" \/>\n<meta property=\"og:type\" content=\"article\" \/>\n<meta property=\"og:title\" content=\"VDC\" \/>\n<meta property=\"og:description\" content=\"VDC, Self-contained luminaire for double-sided backlit signage with a high level of uniformity, safety and emergency lighting\" \/>\n<meta property=\"og:url\" content=\"\/en\/https:\/\/varat.tn\/en\/product\/vdc\/\/\" \/>\n<meta property=\"og:site_name\" content=\"VARAT\" \/>\n<meta property=\"article:publisher\" content=\"https:\/\/www.facebook.com\/SOMEF.Lighting\/\" \/>\n<meta property=\"article:modified_time\" content=\"2023-08-09T13:33:15+00:00\" \/>\n<meta property=\"og:image\" content=\"https:\/\/varat.tn\/wp-content\/uploads\/2023\/07\/7-2-300x300.png\" \/>\n<meta name=\"twitter:card\" content=\"summary_large_image\" \/>\n<meta name=\"twitter:title\" content=\"VDC\" \/>\n<meta name=\"twitter:description\" content=\"VDC, Self-contained luminaire for double-sided backlit signage with a high level of uniformity, safety and emergency lighting\" \/>\n<meta name=\"twitter:image\" content=\"https:\/\/varat.tn\/wp-content\/uploads\/2023\/07\/7-2.png\" \/>\n<meta name=\"twitter:label1\" content=\"Est. reading time\" \/>\n\t<meta name=\"twitter:data1\" content=\"1 minute\" \/>\n<!-- \/ Yoast SEO plugin. -->","yoast_head_json":{"title":"VDC - VARAT","description":"VDC, Self-contained luminaire for double-sided backlit signage with a high level of uniformity, safety and emergency lighting","robots":{"index":"index","follow":"follow","max-snippet":"max-snippet:-1","max-image-preview":"max-image-preview:large","max-video-preview":"max-video-preview:-1"},"canonical":"\/en\/https:\/\/varat.tn\/en\/product\/vdc\/\/","og_locale":"en_US","og_type":"article","og_title":"VDC","og_description":"VDC, Self-contained luminaire for double-sided backlit signage with a high level of uniformity, safety and emergency lighting","og_url":"\/en\/https:\/\/varat.tn\/en\/product\/vdc\/\/","og_site_name":"VARAT","article_publisher":"https:\/\/www.facebook.com\/SOMEF.Lighting\/","article_modified_time":"2023-08-09T13:33:15+00:00","og_image":[{"url":"https:\/\/varat.tn\/wp-content\/uploads\/2023\/07\/7-2-300x300.png","type":"","width":"","height":""}],"twitter_card":"summary_large_image","twitter_title":"VDC","twitter_description":"VDC, Self-contained luminaire for double-sided backlit signage with a high level of uniformity, safety and emergency lighting","twitter_image":"https:\/\/varat.tn\/wp-content\/uploads\/2023\/07\/7-2.png","twitter_misc":{"Est. reading time":"1 minute"},"schema":{"@context":"https:\/\/schema.org","@graph":[{"@type":"WebPage","@id":"https:\/\/varat.tn\/en\/product\/vdc\/","url":"https:\/\/varat.tn\/en\/product\/vdc\/","name":"VDC - VARAT","isPartOf":{"@id":"https:\/\/varat.tn\/en\/#website"},"primaryImageOfPage":{"@id":"https:\/\/varat.tn\/en\/product\/vdc\/#primaryimage"},"image":{"@id":"https:\/\/varat.tn\/en\/product\/vdc\/#primaryimage"},"thumbnailUrl":"https:\/\/varat.tn\/wp-content\/uploads\/2023\/07\/7-2.png","datePublished":"2023-08-09T12:33:15+00:00","dateModified":"2023-08-09T13:33:15+00:00","description":"VDC, Self-contained luminaire for double-sided backlit signage with a high level of uniformity, safety and emergency lighting","breadcrumb":{"@id":"https:\/\/varat.tn\/en\/product\/vdc\/#breadcrumb"},"inLanguage":"en-US","potentialAction":[{"@type":"ReadAction","target":["https:\/\/varat.tn\/en\/product\/vdc\/"]}]},{"@type":"ImageObject","inLanguage":"en-US","@id":"https:\/\/varat.tn\/en\/product\/vdc\/#primaryimage","url":"https:\/\/varat.tn\/wp-content\/uploads\/2023\/07\/7-2.png","contentUrl":"https:\/\/varat.tn\/wp-content\/uploads\/2023\/07\/7-2.png","width":1000,"height":1000,"caption":"VDC emergency lighting"},{"@type":"BreadcrumbList","@id":"https:\/\/varat.tn\/en\/product\/vdc\/#breadcrumb","itemListElement":[{"@type":"ListItem","position":1,"name":"Accueil","item":"https:\/\/varat.tn\/en\/home\/"},{"@type":"ListItem","position":2,"name":"Boutique","item":"https:\/\/varat.tn\/en\/boutique\/"},{"@type":"ListItem","position":3,"name":"VDC"}]},{"@type":"WebSite","@id":"https:\/\/varat.tn\/en\/#website","url":"https:\/\/varat.tn\/en\/","name":"VARAT","description":"\u00e9clairage Tunisie, Transformateurs \u00e9lectriques, lampes LED, \u00e9clairage r\u00e9sidentiel, \u00e9clairage industriel, \u00e9clairage bureautique et h\u00f4pitaux, \u00e9clairage urbain","potentialAction":[{"@type":"SearchAction","target":{"@type":"EntryPoint","urlTemplate":"https:\/\/varat.tn\/en\/?s={search_term_string}"},"query-input":{"@type":"PropertyValueSpecification","valueRequired":true,"valueName":"search_term_string"}}],"inLanguage":"en-US"}]}},"_links":{"self":[{"href":"https:\/\/varat.tn\/en\/wp-json\/wp\/v2\/product\/6614","targetHints":{"allow":["GET"]}}],"collection":[{"href":"https:\/\/varat.tn\/en\/wp-json\/wp\/v2\/product"}],"about":[{"href":"https:\/\/varat.tn\/en\/wp-json\/wp\/v2\/types\/product"}],"version-history":[{"count":0,"href":"https:\/\/varat.tn\/en\/wp-json\/wp\/v2\/product\/6614\/revisions"}],"wp:featuredmedia":[{"embeddable":true,"href":"https:\/\/varat.tn\/en\/wp-json\/wp\/v2\/media\/6331"}],"wp:attachment":[{"href":"https:\/\/varat.tn\/en\/wp-json\/wp\/v2\/media?parent=6614"}],"wp:term":[{"taxonomy":"brand","embeddable":true,"href":"https:\/\/varat.tn\/en\/wp-json\/wp\/v2\/etheme_brands?post=6614"},{"taxonomy":"product_brand","embeddable":true,"href":"https:\/\/varat.tn\/en\/wp-json\/wp\/v2\/product_brand?post=6614"},{"taxonomy":"product_cat","embeddable":true,"href":"https:\/\/varat.tn\/en\/wp-json\/wp\/v2\/product_cat?post=6614"},{"taxonomy":"product_tag","embeddable":true,"href":"https:\/\/varat.tn\/en\/wp-json\/wp\/v2\/product_tag?post=6614"}],"curies":[{"name":"wp","href":"https:\/\/api.w.org\/{rel}","templated":true}]}}