{"id":6607,"date":"2023-08-09T19:46:30","date_gmt":"2023-08-09T17:46:30","guid":{"rendered":"https:\/\/varat.tn\/produit\/spot-bulb\/"},"modified":"2023-08-09T19:46:30","modified_gmt":"2023-08-09T18:46:30","slug":"spot-bulb","status":"publish","type":"product","link":"https:\/\/varat.tn\/en\/product\/spot-bulb\/","title":{"rendered":"Spot bulb"},"content":{"rendered":"<div id=\"attachment_4182\" style=\"width: 627px\" class=\"wp-caption aligncenter\"><img loading=\"lazy\" decoding=\"async\" aria-describedby=\"caption-attachment-4182\" class=\"wp-image-4182 size-full\" src=\"https:\/\/someflighting.com\/wp-content\/uploads\/2023\/08\/2024-07-31-15_17_56-Window.png\" alt=\"LED spot bulb Somef Lighting\" width=\"617\" height=\"268\" srcset=\"https:\/\/varat.tn\/wp-content\/uploads\/2023\/08\/2024-07-31-15_17_56-Window.png 617w, https:\/\/varat.tn\/wp-content\/uploads\/2023\/08\/2024-07-31-15_17_56-Window-300x130.png 300w, https:\/\/varat.tn\/wp-content\/uploads\/2023\/08\/2024-07-31-15_17_56-Window-18x8.png 18w, https:\/\/varat.tn\/wp-content\/uploads\/2023\/08\/2024-07-31-15_17_56-Window-600x261.png 600w, https:\/\/varat.tn\/wp-content\/uploads\/2023\/08\/2024-07-31-15_17_56-Window-1x1.png 1w, https:\/\/varat.tn\/wp-content\/uploads\/2023\/08\/2024-07-31-15_17_56-Window-10x4.png 10w\" sizes=\"auto, (max-width: 617px) 100vw, 617px\" \/><p id=\"caption-attachment-4182\" class=\"wp-caption-text\">LED spot bulb Somef Lighting<\/p><\/div>\n<p>Varat offers you two models of Spot lamps:<\/p>\n<p><strong>Model available<\/strong> : G5.3<\/p>\n<ul>\n<li>LED &#8211; 7W<\/li>\n<li>560LM &#8211; 60<\/li>\n<li>3000K 4000K 6500K<\/li>\n<li>12V 50\/60Hz<\/li>\n<\/ul>\n<p><strong>Available model<\/strong> : Gu10<\/p>\n<ul>\n<li>LED &#8211; 5W<\/li>\n<li>425LM . 60<\/li>\n<li>3000K 4000K 6500K<\/li>\n<li>220-240V 50\/60Hz<\/li>\n<\/ul>\n<p>The Somef Lighting LED Spot lamps are designed to provide a versatile and efficient light source. With two different models available, you can choose the one that best suits your <a href=\"https:\/\/varat.tn\/en\/products\/lighting\/\">lighting<\/a> needs. <\/p>\n<p>The first model, G5.3, uses 7W LED technology to produce a brightness of 560LM. You also have the choice between three different color temperatures: 3000K, 4000K and 6500K. This lamp operates at a low voltage of 12V and can be used on alternating current of 50\/60Hz.  <\/p>\n<p>The second model, GU10, uses 5W LED technology to produce a brightness of 425LM. Just like the first model, you have the choice between three different color temperatures: 3000K, 4000K and 6500K. However, this lamp operates at a higher voltage of 220-240V and can also be used on alternating current of 50\/60Hz.  <\/p>\n<p>Both models are designed to offer a long lifespan of up to 25,000 hours of use. In addition, they are both highly energy-efficient with a high luminous efficacy of up to 85%. This means they consume less energy while producing greater brightness, allowing you to save on your electricity bills.  <\/p>","protected":false},"excerpt":{"rendered":"<p>Available models<\/p>\n<p><strong>G5.3<\/strong><\/p>\n<p>LED &#8211; 7W<\/p>\n<p>560LM &#8211; 60<\/p>\n<p>3000K 4000K 6500K<\/p>\n<p>12V 50\/60Hz<\/p>\n<p>&nbsp;<\/p>\n<p><strong>Gu10<\/strong><\/p>\n<p>LED &#8211; 5W<\/p>\n<p>425LM . 60<\/p>\n<p>3000K 4000K 6500K<\/p>\n<p>220-240V 50\/60Hz<\/p>","protected":false},"featured_media":6332,"template":"","meta":[],"etheme_brands":[],"product_brand":[],"product_cat":[287,288,293,289,290],"product_tag":[],"class_list":{"0":"post-6607","1":"product","2":"type-product","3":"status-publish","4":"has-post-thumbnail","6":"product_cat-home","7":"product_cat-hospital","8":"product_cat-led-lamps","9":"product_cat-office","10":"product_cat-usine","12":"first","13":"instock","14":"shipping-taxable","15":"product-type-simple"},"yoast_head":"<!-- This site is optimized with the Yoast SEO plugin v27.3 - https:\/\/yoast.com\/product\/yoast-seo-wordpress\/ -->\n<title>Spot lamp - VARAT<\/title>\n<meta name=\"description\" content=\"Spot lamp, LED lighting, LED lamp from the spot range, residential LED lighting solution, office lighting, commercial lighting, hospitals\" \/>\n<meta name=\"robots\" content=\"index, follow, max-snippet:-1, max-image-preview:large, max-video-preview:-1\" \/>\n<link rel=\"canonical\" href=\"\/en\/https:\/\/varat.tn\/en\/product\/spot-bulb\/\/\" \/>\n<meta property=\"og:locale\" content=\"en_US\" \/>\n<meta property=\"og:type\" content=\"article\" \/>\n<meta property=\"og:title\" content=\"Lampe Spot\" \/>\n<meta property=\"og:description\" content=\"Spot lamp, LED lighting, LED lamp from the spot range, residential LED lighting solution, office lighting, commercial lighting, hospitals\" \/>\n<meta property=\"og:url\" content=\"\/en\/https:\/\/varat.tn\/en\/product\/spot-bulb\/\/\" \/>\n<meta property=\"og:site_name\" content=\"VARAT\" \/>\n<meta property=\"article:publisher\" content=\"https:\/\/www.facebook.com\/SOMEF.Lighting\/\" \/>\n<meta property=\"article:modified_time\" content=\"2023-08-09T18:46:30+00:00\" \/>\n<meta property=\"og:image\" content=\"https:\/\/varat.tn\/wp-content\/uploads\/2023\/08\/13-1-300x300.png\" \/>\n<meta name=\"twitter:card\" content=\"summary_large_image\" \/>\n<meta name=\"twitter:title\" content=\"Spot bulb\" \/>\n<meta name=\"twitter:description\" content=\"Spot lamp, LED lighting, LED lamp from the spot range, residential LED lighting solution, office lighting, commercial lighting, hospitals\" \/>\n<meta name=\"twitter:image\" content=\"https:\/\/varat.tn\/wp-content\/uploads\/2023\/08\/13-1.png\" \/>\n<meta name=\"twitter:label1\" content=\"Est. reading time\" \/>\n\t<meta name=\"twitter:data1\" content=\"1 minute\" \/>\n<!-- \/ Yoast SEO plugin. -->","yoast_head_json":{"title":"Spot lamp - VARAT","description":"Spot lamp, LED lighting, LED lamp from the spot range, residential LED lighting solution, office lighting, commercial lighting, hospitals","robots":{"index":"index","follow":"follow","max-snippet":"max-snippet:-1","max-image-preview":"max-image-preview:large","max-video-preview":"max-video-preview:-1"},"canonical":"\/en\/https:\/\/varat.tn\/en\/product\/spot-bulb\/\/","og_locale":"en_US","og_type":"article","og_title":"Lampe Spot","og_description":"Spot lamp, LED lighting, LED lamp from the spot range, residential LED lighting solution, office lighting, commercial lighting, hospitals","og_url":"\/en\/https:\/\/varat.tn\/en\/product\/spot-bulb\/\/","og_site_name":"VARAT","article_publisher":"https:\/\/www.facebook.com\/SOMEF.Lighting\/","article_modified_time":"2023-08-09T18:46:30+00:00","og_image":[{"url":"https:\/\/varat.tn\/wp-content\/uploads\/2023\/08\/13-1-300x300.png","type":"","width":"","height":""}],"twitter_card":"summary_large_image","twitter_title":"Spot bulb","twitter_description":"Spot lamp, LED lighting, LED lamp from the spot range, residential LED lighting solution, office lighting, commercial lighting, hospitals","twitter_image":"https:\/\/varat.tn\/wp-content\/uploads\/2023\/08\/13-1.png","twitter_misc":{"Est. reading time":"1 minute"},"schema":{"@context":"https:\/\/schema.org","@graph":[{"@type":"WebPage","@id":"https:\/\/varat.tn\/en\/product\/spot-bulb\/","url":"https:\/\/varat.tn\/en\/product\/spot-bulb\/","name":"Spot lamp - VARAT","isPartOf":{"@id":"https:\/\/varat.tn\/en\/#website"},"primaryImageOfPage":{"@id":"https:\/\/varat.tn\/en\/product\/spot-bulb\/#primaryimage"},"image":{"@id":"https:\/\/varat.tn\/en\/product\/spot-bulb\/#primaryimage"},"thumbnailUrl":"https:\/\/varat.tn\/wp-content\/uploads\/2023\/08\/1-4.png","datePublished":"2023-08-09T17:46:30+00:00","dateModified":"2023-08-09T18:46:30+00:00","description":"Spot lamp, LED lighting, LED lamp from the spot range, residential LED lighting solution, office lighting, commercial lighting, hospitals","breadcrumb":{"@id":"https:\/\/varat.tn\/en\/product\/spot-bulb\/#breadcrumb"},"inLanguage":"en-US","potentialAction":[{"@type":"ReadAction","target":["https:\/\/varat.tn\/en\/product\/spot-bulb\/"]}]},{"@type":"ImageObject","inLanguage":"en-US","@id":"https:\/\/varat.tn\/en\/product\/spot-bulb\/#primaryimage","url":"https:\/\/varat.tn\/wp-content\/uploads\/2023\/08\/1-4.png","contentUrl":"https:\/\/varat.tn\/wp-content\/uploads\/2023\/08\/1-4.png","width":1000,"height":1000,"caption":"LED Spot Bulb Lighting Tunisia"},{"@type":"BreadcrumbList","@id":"https:\/\/varat.tn\/en\/product\/spot-bulb\/#breadcrumb","itemListElement":[{"@type":"ListItem","position":1,"name":"Accueil","item":"https:\/\/varat.tn\/en\/home\/"},{"@type":"ListItem","position":2,"name":"Boutique","item":"https:\/\/varat.tn\/en\/boutique\/"},{"@type":"ListItem","position":3,"name":"Spot bulb"}]},{"@type":"WebSite","@id":"https:\/\/varat.tn\/en\/#website","url":"https:\/\/varat.tn\/en\/","name":"VARAT","description":"\u00e9clairage Tunisie, Transformateurs \u00e9lectriques, lampes LED, \u00e9clairage r\u00e9sidentiel, \u00e9clairage industriel, \u00e9clairage bureautique et h\u00f4pitaux, \u00e9clairage urbain","potentialAction":[{"@type":"SearchAction","target":{"@type":"EntryPoint","urlTemplate":"https:\/\/varat.tn\/en\/?s={search_term_string}"},"query-input":{"@type":"PropertyValueSpecification","valueRequired":true,"valueName":"search_term_string"}}],"inLanguage":"en-US"}]}},"_links":{"self":[{"href":"https:\/\/varat.tn\/en\/wp-json\/wp\/v2\/product\/6607","targetHints":{"allow":["GET"]}}],"collection":[{"href":"https:\/\/varat.tn\/en\/wp-json\/wp\/v2\/product"}],"about":[{"href":"https:\/\/varat.tn\/en\/wp-json\/wp\/v2\/types\/product"}],"version-history":[{"count":0,"href":"https:\/\/varat.tn\/en\/wp-json\/wp\/v2\/product\/6607\/revisions"}],"wp:featuredmedia":[{"embeddable":true,"href":"https:\/\/varat.tn\/en\/wp-json\/wp\/v2\/media\/6332"}],"wp:attachment":[{"href":"https:\/\/varat.tn\/en\/wp-json\/wp\/v2\/media?parent=6607"}],"wp:term":[{"taxonomy":"brand","embeddable":true,"href":"https:\/\/varat.tn\/en\/wp-json\/wp\/v2\/etheme_brands?post=6607"},{"taxonomy":"product_brand","embeddable":true,"href":"https:\/\/varat.tn\/en\/wp-json\/wp\/v2\/product_brand?post=6607"},{"taxonomy":"product_cat","embeddable":true,"href":"https:\/\/varat.tn\/en\/wp-json\/wp\/v2\/product_cat?post=6607"},{"taxonomy":"product_tag","embeddable":true,"href":"https:\/\/varat.tn\/en\/wp-json\/wp\/v2\/product_tag?post=6607"}],"curies":[{"name":"wp","href":"https:\/\/api.w.org\/{rel}","templated":true}]}}