{"id":6598,"date":"2023-08-12T00:21:25","date_gmt":"2023-08-11T22:21:25","guid":{"rendered":"https:\/\/varat.tn\/produit\/ecold\/"},"modified":"2023-08-12T00:21:25","modified_gmt":"2023-08-11T23:21:25","slug":"ecold","status":"publish","type":"product","link":"https:\/\/varat.tn\/en\/product\/ecold\/","title":{"rendered":"ECOLD"},"content":{"rendered":"<p>&nbsp;<\/p>\n<div id=\"attachment_4165\" style=\"width: 904px\" class=\"wp-caption aligncenter\"><img loading=\"lazy\" decoding=\"async\" aria-describedby=\"caption-attachment-4165\" class=\"wp-image-4165 size-full\" src=\"https:\/\/someflighting.com\/wp-content\/uploads\/2023\/08\/2024-07-29-16_19_04-Window.png\" alt=\"Ecoled emergency light\" width=\"894\" height=\"94\" srcset=\"https:\/\/varat.tn\/wp-content\/uploads\/2023\/08\/2024-07-29-16_19_04-Window.png 894w, https:\/\/varat.tn\/wp-content\/uploads\/2023\/08\/2024-07-29-16_19_04-Window-300x32.png 300w, https:\/\/varat.tn\/wp-content\/uploads\/2023\/08\/2024-07-29-16_19_04-Window-768x81.png 768w, https:\/\/varat.tn\/wp-content\/uploads\/2023\/08\/2024-07-29-16_19_04-Window-18x2.png 18w, https:\/\/varat.tn\/wp-content\/uploads\/2023\/08\/2024-07-29-16_19_04-Window-600x63.png 600w, https:\/\/varat.tn\/wp-content\/uploads\/2023\/08\/2024-07-29-16_19_04-Window-1x1.png 1w, https:\/\/varat.tn\/wp-content\/uploads\/2023\/08\/2024-07-29-16_19_04-Window-10x1.png 10w\" sizes=\"auto, (max-width: 894px) 100vw, 894px\" \/><p id=\"caption-attachment-4165\" class=\"wp-caption-text\">Ecoled emergency light<\/p><\/div>\n<div style=\"width: 1866px\" class=\"wp-caption aligncenter\"><img loading=\"lazy\" decoding=\"async\" src=\"http:\/\/someflighting.com\/wp-content\/uploads\/2023\/08\/ECO-LD-tableau.png\" alt=\"Emergency light Ecoled\" width=\"1856\" height=\"328\"><p class=\"wp-caption-text\">Emergency light Ecoled<\/p><\/div>\n<p><strong>Emergency light ECOLD &#8211; Safety first<\/strong><\/p>\n<p>The ECOLD emergency light is essential equipment for ensuring safety in emergencies in public buildings, shopping centers, <a href=\"https:\/\/varat.tn\/en\/nos-solutions\/eclairage-pour-les-hopitaux-cliniques-et-secteur-medical\/\">hospitals<\/a>, and other establishments open to the public. This type of emergency light is specially designed to guide people toward the exit during an evacuation. <\/p>\n<p>The main characteristic of ECOLD emergency lights is their low energy consumption. Indeed, thanks to the use of LEDs (<a href=\"https:\/\/en.wikipedia.org\/wiki\/Light-emitting_diode\" target=\"_blank\" rel=\"noopener\">light-emitting diodes<\/a>), these units consume very little electricity and have a much longer lifespan than traditional units. <\/p>\n<p>Furthermore, ECOLD emergency lights are very easy to install and do not require major works. They can be fixed to the wall or ceiling according to your needs. Their elegant design integrates perfectly into all types of interiors.  <\/p>\n<p>We offer 5 references for the ECOLD product with different lighting outputs (from 40 to 340 lm) to meet the specific needs of each space.<\/p>\n<p>Our ECOLD technology also enables easy management of emergency lights thanks to its integrated self-test system. This system regularly verifies the proper functioning of the units and alerts you in the event of a malfunction. You can thus be assured that your emergency exits will always be operational in case of emergency.  <\/p>","protected":false},"excerpt":{"rendered":"<div class=\"page\" title=\"Page 1\">\n<div class=\"section\">\n<div class=\"layoutArea\">\n<div><strong>Body <\/strong>: polycarbonate<\/div>\n<div class=\"column\"><strong>Diffuser <\/strong>: Transparent Polycarbonate.<br \/>\n<strong>Indicator<\/strong>: Mains presence. Indicator: Battery charging. On\/off button<br \/>\n<strong>IP 43<\/strong><br \/>\n<strong>IK 04<\/strong><br \/>\n<strong>Battery charging time<\/strong>: 24 hours.<br \/>\n<strong>Warranty :<\/strong> 2 years<\/div>\n<div><strong>Installation<\/strong>: Surface-mounted or recessed<\/div>\n<div><a target=\"_self\" class=\"btn  small\" href=\"https:\/\/someflighting.com\/wp-content\/uploads\/2024\/06\/ECOLD.pdf\"><span> Datasheet<\/span><\/a><\/div>\n<\/div>\n<\/div>\n<\/div>","protected":false},"featured_media":2366,"template":"","meta":[],"etheme_brands":[],"product_brand":[],"product_cat":[297,287,288,286,289,290],"product_tag":[],"class_list":{"0":"post-6598","1":"product","2":"type-product","3":"status-publish","4":"has-post-thumbnail","6":"product_cat-emergency-lighting","7":"product_cat-home","8":"product_cat-hospital","9":"product_cat-lighting","10":"product_cat-office","11":"product_cat-usine","13":"first","14":"instock","15":"shipping-taxable","16":"product-type-simple"},"yoast_head":"<!-- This site is optimized with the Yoast SEO plugin v27.3 - https:\/\/yoast.com\/product\/yoast-seo-wordpress\/ -->\n<title>ECOLD - VARAT<\/title>\n<meta name=\"description\" content=\"ECOLD, emergency lighting somef lighting, emergency lighting Tunisia, Installation type: surface-mounted or recessed\" \/>\n<meta name=\"robots\" content=\"index, follow, max-snippet:-1, max-image-preview:large, max-video-preview:-1\" \/>\n<link rel=\"canonical\" href=\"\/en\/https:\/\/varat.tn\/en\/product\/ecold\/\/\" \/>\n<meta property=\"og:locale\" content=\"en_US\" \/>\n<meta property=\"og:type\" content=\"article\" \/>\n<meta property=\"og:title\" content=\"ECOLD\" \/>\n<meta property=\"og:description\" content=\"ECOLD, emergency lighting somef lighting, emergency lighting Tunisia, Installation type: surface-mounted or recessed\" \/>\n<meta property=\"og:url\" content=\"\/en\/https:\/\/varat.tn\/en\/product\/ecold\/\/\" \/>\n<meta property=\"og:site_name\" content=\"VARAT\" \/>\n<meta property=\"article:publisher\" content=\"https:\/\/www.facebook.com\/SOMEF.Lighting\/\" \/>\n<meta property=\"article:modified_time\" content=\"2023-08-11T23:21:25+00:00\" \/>\n<meta property=\"og:image\" content=\"https:\/\/varat.tn\/wp-content\/uploads\/2023\/08\/Eclairage-de-secours-2-300x300.png\" \/>\n<meta name=\"twitter:card\" content=\"summary_large_image\" \/>\n<meta name=\"twitter:title\" content=\"ECOLD\" \/>\n<meta name=\"twitter:description\" content=\"ECOLD, emergency lighting somef lighting, emergency lighting Tunisia, Installation type: surface-mounted or recessed\" \/>\n<meta name=\"twitter:image\" content=\"https:\/\/varat.tn\/wp-content\/uploads\/2023\/08\/Eclairage-de-secours-2.png\" \/>\n<meta name=\"twitter:label1\" content=\"Est. reading time\" \/>\n\t<meta name=\"twitter:data1\" content=\"1 minute\" \/>\n<!-- \/ Yoast SEO plugin. -->","yoast_head_json":{"title":"ECOLD - VARAT","description":"ECOLD, emergency lighting somef lighting, emergency lighting Tunisia, Installation type: surface-mounted or recessed","robots":{"index":"index","follow":"follow","max-snippet":"max-snippet:-1","max-image-preview":"max-image-preview:large","max-video-preview":"max-video-preview:-1"},"canonical":"\/en\/https:\/\/varat.tn\/en\/product\/ecold\/\/","og_locale":"en_US","og_type":"article","og_title":"ECOLD","og_description":"ECOLD, emergency lighting somef lighting, emergency lighting Tunisia, Installation type: surface-mounted or recessed","og_url":"\/en\/https:\/\/varat.tn\/en\/product\/ecold\/\/","og_site_name":"VARAT","article_publisher":"https:\/\/www.facebook.com\/SOMEF.Lighting\/","article_modified_time":"2023-08-11T23:21:25+00:00","og_image":[{"url":"https:\/\/varat.tn\/wp-content\/uploads\/2023\/08\/Eclairage-de-secours-2-300x300.png","type":"","width":"","height":""}],"twitter_card":"summary_large_image","twitter_title":"ECOLD","twitter_description":"ECOLD, emergency lighting somef lighting, emergency lighting Tunisia, Installation type: surface-mounted or recessed","twitter_image":"https:\/\/varat.tn\/wp-content\/uploads\/2023\/08\/Eclairage-de-secours-2.png","twitter_misc":{"Est. reading time":"1 minute"},"schema":{"@context":"https:\/\/schema.org","@graph":[{"@type":"WebPage","@id":"https:\/\/varat.tn\/en\/product\/ecold\/","url":"https:\/\/varat.tn\/en\/product\/ecold\/","name":"ECOLD - VARAT","isPartOf":{"@id":"https:\/\/varat.tn\/en\/#website"},"primaryImageOfPage":{"@id":"https:\/\/varat.tn\/en\/product\/ecold\/#primaryimage"},"image":{"@id":"https:\/\/varat.tn\/en\/product\/ecold\/#primaryimage"},"thumbnailUrl":"https:\/\/varat.tn\/wp-content\/uploads\/2023\/08\/Eclairage-de-secours-2.png","datePublished":"2023-08-11T22:21:25+00:00","dateModified":"2023-08-11T23:21:25+00:00","description":"ECOLD, emergency lighting somef lighting, emergency lighting Tunisia, Installation type: surface-mounted or recessed","breadcrumb":{"@id":"https:\/\/varat.tn\/en\/product\/ecold\/#breadcrumb"},"inLanguage":"en-US","potentialAction":[{"@type":"ReadAction","target":["https:\/\/varat.tn\/en\/product\/ecold\/"]}]},{"@type":"ImageObject","inLanguage":"en-US","@id":"https:\/\/varat.tn\/en\/product\/ecold\/#primaryimage","url":"https:\/\/varat.tn\/wp-content\/uploads\/2023\/08\/Eclairage-de-secours-2.png","contentUrl":"https:\/\/varat.tn\/wp-content\/uploads\/2023\/08\/Eclairage-de-secours-2.png","width":1000,"height":1000,"caption":"ECOLD emergency light"},{"@type":"BreadcrumbList","@id":"https:\/\/varat.tn\/en\/product\/ecold\/#breadcrumb","itemListElement":[{"@type":"ListItem","position":1,"name":"Accueil","item":"https:\/\/varat.tn\/en\/home\/"},{"@type":"ListItem","position":2,"name":"Boutique","item":"https:\/\/varat.tn\/en\/boutique\/"},{"@type":"ListItem","position":3,"name":"ECOLD"}]},{"@type":"WebSite","@id":"https:\/\/varat.tn\/en\/#website","url":"https:\/\/varat.tn\/en\/","name":"VARAT","description":"\u00e9clairage Tunisie, Transformateurs \u00e9lectriques, lampes LED, \u00e9clairage r\u00e9sidentiel, \u00e9clairage industriel, \u00e9clairage bureautique et h\u00f4pitaux, \u00e9clairage urbain","potentialAction":[{"@type":"SearchAction","target":{"@type":"EntryPoint","urlTemplate":"https:\/\/varat.tn\/en\/?s={search_term_string}"},"query-input":{"@type":"PropertyValueSpecification","valueRequired":true,"valueName":"search_term_string"}}],"inLanguage":"en-US"}]}},"_links":{"self":[{"href":"https:\/\/varat.tn\/en\/wp-json\/wp\/v2\/product\/6598","targetHints":{"allow":["GET"]}}],"collection":[{"href":"https:\/\/varat.tn\/en\/wp-json\/wp\/v2\/product"}],"about":[{"href":"https:\/\/varat.tn\/en\/wp-json\/wp\/v2\/types\/product"}],"version-history":[{"count":0,"href":"https:\/\/varat.tn\/en\/wp-json\/wp\/v2\/product\/6598\/revisions"}],"wp:featuredmedia":[{"embeddable":true,"href":"https:\/\/varat.tn\/en\/wp-json\/wp\/v2\/media\/2366"}],"wp:attachment":[{"href":"https:\/\/varat.tn\/en\/wp-json\/wp\/v2\/media?parent=6598"}],"wp:term":[{"taxonomy":"brand","embeddable":true,"href":"https:\/\/varat.tn\/en\/wp-json\/wp\/v2\/etheme_brands?post=6598"},{"taxonomy":"product_brand","embeddable":true,"href":"https:\/\/varat.tn\/en\/wp-json\/wp\/v2\/product_brand?post=6598"},{"taxonomy":"product_cat","embeddable":true,"href":"https:\/\/varat.tn\/en\/wp-json\/wp\/v2\/product_cat?post=6598"},{"taxonomy":"product_tag","embeddable":true,"href":"https:\/\/varat.tn\/en\/wp-json\/wp\/v2\/product_tag?post=6598"}],"curies":[{"name":"wp","href":"https:\/\/api.w.org\/{rel}","templated":true}]}}