{"id":6595,"date":"2023-08-09T19:59:04","date_gmt":"2023-08-09T17:59:04","guid":{"rendered":"https:\/\/varat.tn\/produit\/candle-bulb\/"},"modified":"2023-08-09T19:59:04","modified_gmt":"2023-08-09T18:59:04","slug":"candle-bulb","status":"publish","type":"product","link":"https:\/\/varat.tn\/en\/product\/candle-bulb\/","title":{"rendered":"Candle bulb"},"content":{"rendered":"<p>&nbsp;<\/p>\n<div id=\"attachment_4178\" style=\"width: 626px\" class=\"wp-caption aligncenter\"><img loading=\"lazy\" decoding=\"async\" aria-describedby=\"caption-attachment-4178\" class=\"wp-image-4178 size-full\" src=\"https:\/\/someflighting.com\/wp-content\/uploads\/2023\/08\/2024-07-31-15_07_09-Window.png\" alt=\"Datasheet candle bulb\" width=\"616\" height=\"215\" srcset=\"https:\/\/varat.tn\/wp-content\/uploads\/2023\/08\/2024-07-31-15_07_09-Window.png 616w, https:\/\/varat.tn\/wp-content\/uploads\/2023\/08\/2024-07-31-15_07_09-Window-300x105.png 300w, https:\/\/varat.tn\/wp-content\/uploads\/2023\/08\/2024-07-31-15_07_09-Window-18x6.png 18w, https:\/\/varat.tn\/wp-content\/uploads\/2023\/08\/2024-07-31-15_07_09-Window-600x209.png 600w, https:\/\/varat.tn\/wp-content\/uploads\/2023\/08\/2024-07-31-15_07_09-Window-1x1.png 1w, https:\/\/varat.tn\/wp-content\/uploads\/2023\/08\/2024-07-31-15_07_09-Window-10x3.png 10w\" sizes=\"auto, (max-width: 616px) 100vw, 616px\" \/><p id=\"caption-attachment-4178\" class=\"wp-caption-text\">Datasheet candle bulb<\/p><\/div>\n<p><strong>Candle bulb<\/strong><\/p>\n<p>VARAT offers you the Candle model with the following technical details:<\/p>\n<ul>\n<li>Available model : <strong>C37<\/strong><\/li>\n<li>LED &#8211; 5W &#8211; E14<\/li>\n<li>450LM 200\u00b0<\/li>\n<li>3000K 4000K 6500K<\/li>\n<li>220-240V 50\/60 <a href=\"https:\/\/en.wikipedia.org\/wiki\/Hertz\" target=\"_blank\" rel=\"noopener\">Hz<\/a><\/li>\n<\/ul>\n<p>The Candle lamp offered by VARAT is a perfect choice for adding an elegant and modern touch to your space. With its candle-shaped design, it will add a warm and unique atmosphere to any room. <\/p>\n<p>But beauty is not everything, which is why we also offer you high-performing technical specifications. The C37 model is equipped with a 5W LED with an E14 base that provides a brightness of 450 lm with a beam angle of 200\u00b0. You will also be able to choose between three color temperatures: 3000K, 4000K, or 6500K according to your preferences.  <\/p>\n<p>Furthermore, this lamp is compatible with a voltage of 220-240V and operates at a frequency of 50\/60Hz. It is ideal for <a href=\"https:\/\/varat.tn\/en\/our-solutions\/residential-lighting\/\">domestic<\/a> or professional use. <\/p>\n<p>So hesitate no longer and opt for VARAT&#8217;s Candle lamp to illuminate your interior with style and efficiency!<\/p>","protected":false},"excerpt":{"rendered":"<p>Available model:<\/p>\n<p><strong>C37<\/strong><\/p>\n<p>LED &#8211; 5W &#8211; E14<\/p>\n<p>450LM 200\u00b0<\/p>\n<p>3000K 4000K 6500K<\/p>\n<p>220-240V 50\/60Hz<\/p>","protected":false},"featured_media":2719,"template":"","meta":[],"etheme_brands":[],"product_brand":[],"product_cat":[287,288,293,289,290],"product_tag":[],"class_list":{"0":"post-6595","1":"product","2":"type-product","3":"status-publish","4":"has-post-thumbnail","6":"product_cat-home","7":"product_cat-hospital","8":"product_cat-led-lamps","9":"product_cat-office","10":"product_cat-usine","12":"first","13":"instock","14":"shipping-taxable","15":"product-type-simple"},"yoast_head":"<!-- This site is optimized with the Yoast SEO plugin v27.3 - https:\/\/yoast.com\/product\/yoast-seo-wordpress\/ -->\n<title>Candle lamp - VARAT<\/title>\n<meta name=\"description\" content=\"Candle lamp, LED lighting, LED lamp from the Candle range, C37 model, residential LED lighting solution, office lighting, commercial lighting\" \/>\n<meta name=\"robots\" content=\"index, follow, max-snippet:-1, max-image-preview:large, max-video-preview:-1\" \/>\n<link rel=\"canonical\" href=\"\/en\/https:\/\/varat.tn\/en\/product\/candle-bulb\/\/\" \/>\n<meta property=\"og:locale\" content=\"en_US\" \/>\n<meta property=\"og:type\" content=\"article\" \/>\n<meta property=\"og:title\" content=\"Lampe flamme\" \/>\n<meta property=\"og:description\" content=\"Candle lamp, LED lighting, LED lamp from the Candle range, C37 model, residential LED lighting solution, office lighting, commercial lighting\" \/>\n<meta property=\"og:url\" content=\"\/en\/https:\/\/varat.tn\/en\/product\/candle-bulb\/\/\" \/>\n<meta property=\"og:site_name\" content=\"VARAT\" \/>\n<meta property=\"article:publisher\" content=\"https:\/\/www.facebook.com\/SOMEF.Lighting\/\" \/>\n<meta property=\"article:modified_time\" content=\"2023-08-09T18:59:04+00:00\" \/>\n<meta property=\"og:image\" content=\"https:\/\/varat.tn\/wp-content\/uploads\/2023\/08\/12-1-300x300.png\" \/>\n<meta name=\"twitter:card\" content=\"summary_large_image\" \/>\n<meta name=\"twitter:title\" content=\"Candle bulb\" \/>\n<meta name=\"twitter:description\" content=\"Candle lamp, LED lighting, LED lamp from the Candle range, C37 model, residential LED lighting solution, office lighting, commercial lighting\" \/>\n<meta name=\"twitter:image\" content=\"https:\/\/varat.tn\/wp-content\/uploads\/2023\/08\/12-1.png\" \/>\n<meta name=\"twitter:label1\" content=\"Est. reading time\" \/>\n\t<meta name=\"twitter:data1\" content=\"1 minute\" \/>\n<!-- \/ Yoast SEO plugin. -->","yoast_head_json":{"title":"Candle lamp - VARAT","description":"Candle lamp, LED lighting, LED lamp from the Candle range, C37 model, residential LED lighting solution, office lighting, commercial lighting","robots":{"index":"index","follow":"follow","max-snippet":"max-snippet:-1","max-image-preview":"max-image-preview:large","max-video-preview":"max-video-preview:-1"},"canonical":"\/en\/https:\/\/varat.tn\/en\/product\/candle-bulb\/\/","og_locale":"en_US","og_type":"article","og_title":"Lampe flamme","og_description":"Candle lamp, LED lighting, LED lamp from the Candle range, C37 model, residential LED lighting solution, office lighting, commercial lighting","og_url":"\/en\/https:\/\/varat.tn\/en\/product\/candle-bulb\/\/","og_site_name":"VARAT","article_publisher":"https:\/\/www.facebook.com\/SOMEF.Lighting\/","article_modified_time":"2023-08-09T18:59:04+00:00","og_image":[{"url":"https:\/\/varat.tn\/wp-content\/uploads\/2023\/08\/12-1-300x300.png","type":"","width":"","height":""}],"twitter_card":"summary_large_image","twitter_title":"Candle bulb","twitter_description":"Candle lamp, LED lighting, LED lamp from the Candle range, C37 model, residential LED lighting solution, office lighting, commercial lighting","twitter_image":"https:\/\/varat.tn\/wp-content\/uploads\/2023\/08\/12-1.png","twitter_misc":{"Est. reading time":"1 minute"},"schema":{"@context":"https:\/\/schema.org","@graph":[{"@type":"WebPage","@id":"https:\/\/varat.tn\/en\/product\/candle-bulb\/","url":"https:\/\/varat.tn\/en\/product\/candle-bulb\/","name":"Candle lamp - VARAT","isPartOf":{"@id":"https:\/\/varat.tn\/en\/#website"},"primaryImageOfPage":{"@id":"https:\/\/varat.tn\/en\/product\/candle-bulb\/#primaryimage"},"image":{"@id":"https:\/\/varat.tn\/en\/product\/candle-bulb\/#primaryimage"},"thumbnailUrl":"https:\/\/varat.tn\/wp-content\/uploads\/2023\/08\/12-1.png","datePublished":"2023-08-09T17:59:04+00:00","dateModified":"2023-08-09T18:59:04+00:00","description":"Candle lamp, LED lighting, LED lamp from the Candle range, C37 model, residential LED lighting solution, office lighting, commercial lighting","breadcrumb":{"@id":"https:\/\/varat.tn\/en\/product\/candle-bulb\/#breadcrumb"},"inLanguage":"en-US","potentialAction":[{"@type":"ReadAction","target":["https:\/\/varat.tn\/en\/product\/candle-bulb\/"]}]},{"@type":"ImageObject","inLanguage":"en-US","@id":"https:\/\/varat.tn\/en\/product\/candle-bulb\/#primaryimage","url":"https:\/\/varat.tn\/wp-content\/uploads\/2023\/08\/12-1.png","contentUrl":"https:\/\/varat.tn\/wp-content\/uploads\/2023\/08\/12-1.png","width":1000,"height":1000,"caption":"LED candle lamp lighting"},{"@type":"BreadcrumbList","@id":"https:\/\/varat.tn\/en\/product\/candle-bulb\/#breadcrumb","itemListElement":[{"@type":"ListItem","position":1,"name":"Accueil","item":"https:\/\/varat.tn\/en\/home\/"},{"@type":"ListItem","position":2,"name":"Boutique","item":"https:\/\/varat.tn\/en\/boutique\/"},{"@type":"ListItem","position":3,"name":"Candle bulb"}]},{"@type":"WebSite","@id":"https:\/\/varat.tn\/en\/#website","url":"https:\/\/varat.tn\/en\/","name":"VARAT","description":"\u00e9clairage Tunisie, Transformateurs \u00e9lectriques, lampes LED, \u00e9clairage r\u00e9sidentiel, \u00e9clairage industriel, \u00e9clairage bureautique et h\u00f4pitaux, \u00e9clairage urbain","potentialAction":[{"@type":"SearchAction","target":{"@type":"EntryPoint","urlTemplate":"https:\/\/varat.tn\/en\/?s={search_term_string}"},"query-input":{"@type":"PropertyValueSpecification","valueRequired":true,"valueName":"search_term_string"}}],"inLanguage":"en-US"}]}},"_links":{"self":[{"href":"https:\/\/varat.tn\/en\/wp-json\/wp\/v2\/product\/6595","targetHints":{"allow":["GET"]}}],"collection":[{"href":"https:\/\/varat.tn\/en\/wp-json\/wp\/v2\/product"}],"about":[{"href":"https:\/\/varat.tn\/en\/wp-json\/wp\/v2\/types\/product"}],"version-history":[{"count":0,"href":"https:\/\/varat.tn\/en\/wp-json\/wp\/v2\/product\/6595\/revisions"}],"wp:featuredmedia":[{"embeddable":true,"href":"https:\/\/varat.tn\/en\/wp-json\/wp\/v2\/media\/2719"}],"wp:attachment":[{"href":"https:\/\/varat.tn\/en\/wp-json\/wp\/v2\/media?parent=6595"}],"wp:term":[{"taxonomy":"brand","embeddable":true,"href":"https:\/\/varat.tn\/en\/wp-json\/wp\/v2\/etheme_brands?post=6595"},{"taxonomy":"product_brand","embeddable":true,"href":"https:\/\/varat.tn\/en\/wp-json\/wp\/v2\/product_brand?post=6595"},{"taxonomy":"product_cat","embeddable":true,"href":"https:\/\/varat.tn\/en\/wp-json\/wp\/v2\/product_cat?post=6595"},{"taxonomy":"product_tag","embeddable":true,"href":"https:\/\/varat.tn\/en\/wp-json\/wp\/v2\/product_tag?post=6595"}],"curies":[{"name":"wp","href":"https:\/\/api.w.org\/{rel}","templated":true}]}}