{"id":6592,"date":"2023-08-09T20:07:25","date_gmt":"2023-08-09T18:07:25","guid":{"rendered":"https:\/\/varat.tn\/produit\/t-lamp\/"},"modified":"2023-08-09T20:07:25","modified_gmt":"2023-08-09T19:07:25","slug":"t-lamp","status":"publish","type":"product","link":"https:\/\/varat.tn\/en\/product\/t-lamp\/","title":{"rendered":"T Lamp"},"content":{"rendered":"<div id=\"attachment_4174\" style=\"width: 651px\" class=\"wp-caption aligncenter\"><img loading=\"lazy\" decoding=\"async\" aria-describedby=\"caption-attachment-4174\" class=\"wp-image-4174 size-full\" src=\"https:\/\/someflighting.com\/wp-content\/uploads\/2023\/08\/2024-07-30-17_58_18-Window.png\" alt=\"T lamp Datasheet\" width=\"641\" height=\"216\" srcset=\"https:\/\/varat.tn\/wp-content\/uploads\/2023\/08\/2024-07-30-17_58_18-Window.png 641w, https:\/\/varat.tn\/wp-content\/uploads\/2023\/08\/2024-07-30-17_58_18-Window-300x101.png 300w, https:\/\/varat.tn\/wp-content\/uploads\/2023\/08\/2024-07-30-17_58_18-Window-18x6.png 18w, https:\/\/varat.tn\/wp-content\/uploads\/2023\/08\/2024-07-30-17_58_18-Window-600x202.png 600w, https:\/\/varat.tn\/wp-content\/uploads\/2023\/08\/2024-07-30-17_58_18-Window-1x1.png 1w, https:\/\/varat.tn\/wp-content\/uploads\/2023\/08\/2024-07-30-17_58_18-Window-10x3.png 10w\" sizes=\"auto, (max-width: 641px) 100vw, 641px\" \/><p id=\"caption-attachment-4174\" class=\"wp-caption-text\">T lamp Datasheet<\/p><\/div>\n<p><strong>T Range for VARAT LED lamps<\/strong><\/p>\n<p><a href=\"https:\/\/varat.tn\/en\/produits\/lampes-led-2\/\">The T range<\/a> from VARAT is specially designed for LED lamps, offering a durable and energy-efficient solution for interior lighting. Thanks to cutting-edge technologies and an elegant design, the T range delivers excellent light quality while significantly reducing your energy consumption. <\/p>\n<p>The LED lamps of the T range are available in a variety of power outputs to suit all your interior lighting applications. Whether for residential or commercial use, you will certainly find the ideal product to meet your needs. <\/p>\n<p>Furthermore, the lamps of the T range have an exceptional lifespan of up to 25,000 hours. This means you will not have to replace your lamps as frequently as with traditional bulbs, saving you time and money in the long term. <\/p>\n<p>The T range also offers two variants, the T140 and T400, with two different lighting capacities (4500 and 2700 <a href=\"https:\/\/en.wikipedia.org\/wiki\/Lumen\" target=\"_blank\" rel=\"noopener\">lm<\/a>).<\/p>","protected":false},"excerpt":{"rendered":"<p>Available models<\/p>\n<p><strong>T140<\/strong><\/p>\n<p>LED &#8211; 50W &#8211; E27<\/p>\n<p>3000K 4000K 6500K<\/p>\n<p>4500LM 200\u00b0<\/p>\n<p>220-240V 50\/60Hz<\/p>\n<p><strong>T100<\/strong><\/p>\n<p>LED &#8211; 30W &#8211; E27<\/p>\n<p>2700LM 200\u00b0<\/p>\n<p>3000K 4000K 6500K<\/p>\n<p>220-240V 50\/60Hz<\/p>","protected":false},"featured_media":2723,"template":"","meta":[],"etheme_brands":[],"product_brand":[],"product_cat":[287,288,293,289,290],"product_tag":[],"class_list":{"0":"post-6592","1":"product","2":"type-product","3":"status-publish","4":"has-post-thumbnail","6":"product_cat-home","7":"product_cat-hospital","8":"product_cat-led-lamps","9":"product_cat-office","10":"product_cat-usine","12":"first","13":"instock","14":"shipping-taxable","15":"product-type-simple"},"yoast_head":"<!-- This site is optimized with the Yoast SEO plugin v27.3 - https:\/\/yoast.com\/product\/yoast-seo-wordpress\/ -->\n<title>Lampe T - VARAT<\/title>\n<meta name=\"description\" content=\"T Lamp, LED lighting, LED lamp from the T range, LED - 50W - E27, 4500LM, 30W - E27, 2700LM, LED lighting solution Tunisia\" \/>\n<meta name=\"robots\" content=\"index, follow, max-snippet:-1, max-image-preview:large, max-video-preview:-1\" \/>\n<link rel=\"canonical\" href=\"\/en\/https:\/\/varat.tn\/en\/product\/t-lamp\/\/\" \/>\n<meta property=\"og:locale\" content=\"en_US\" \/>\n<meta property=\"og:type\" content=\"article\" \/>\n<meta property=\"og:title\" content=\"T Lamp\" \/>\n<meta property=\"og:description\" content=\"T Lamp, LED lighting, LED lamp from the T range, LED - 50W - E27, 4500LM, 30W - E27, 2700LM, LED lighting solution Tunisia\" \/>\n<meta property=\"og:url\" content=\"\/en\/https:\/\/varat.tn\/en\/product\/t-lamp\/\/\" \/>\n<meta property=\"og:site_name\" content=\"VARAT\" \/>\n<meta property=\"article:publisher\" content=\"https:\/\/www.facebook.com\/SOMEF.Lighting\/\" \/>\n<meta property=\"article:modified_time\" content=\"2023-08-09T19:07:25+00:00\" \/>\n<meta property=\"og:image\" content=\"https:\/\/varat.tn\/wp-content\/uploads\/2023\/08\/5-2-300x300.png\" \/>\n<meta name=\"twitter:card\" content=\"summary_large_image\" \/>\n<meta name=\"twitter:title\" content=\"T Lamp\" \/>\n<meta name=\"twitter:description\" content=\"T Lamp, LED lighting, LED lamp from the T range, LED - 50W - E27, 4500LM, 30W - E27, 2700LM, LED lighting solution Tunisia\" \/>\n<meta name=\"twitter:image\" content=\"https:\/\/varat.tn\/wp-content\/uploads\/2023\/08\/5-2.png\" \/>\n<meta name=\"twitter:label1\" content=\"Est. reading time\" \/>\n\t<meta name=\"twitter:data1\" content=\"1 minute\" \/>\n<!-- \/ Yoast SEO plugin. -->","yoast_head_json":{"title":"Lampe T - VARAT","description":"T Lamp, LED lighting, LED lamp from the T range, LED - 50W - E27, 4500LM, 30W - E27, 2700LM, LED lighting solution Tunisia","robots":{"index":"index","follow":"follow","max-snippet":"max-snippet:-1","max-image-preview":"max-image-preview:large","max-video-preview":"max-video-preview:-1"},"canonical":"\/en\/https:\/\/varat.tn\/en\/product\/t-lamp\/\/","og_locale":"en_US","og_type":"article","og_title":"T Lamp","og_description":"T Lamp, LED lighting, LED lamp from the T range, LED - 50W - E27, 4500LM, 30W - E27, 2700LM, LED lighting solution Tunisia","og_url":"\/en\/https:\/\/varat.tn\/en\/product\/t-lamp\/\/","og_site_name":"VARAT","article_publisher":"https:\/\/www.facebook.com\/SOMEF.Lighting\/","article_modified_time":"2023-08-09T19:07:25+00:00","og_image":[{"url":"https:\/\/varat.tn\/wp-content\/uploads\/2023\/08\/5-2-300x300.png","type":"","width":"","height":""}],"twitter_card":"summary_large_image","twitter_title":"T Lamp","twitter_description":"T Lamp, LED lighting, LED lamp from the T range, LED - 50W - E27, 4500LM, 30W - E27, 2700LM, LED lighting solution Tunisia","twitter_image":"https:\/\/varat.tn\/wp-content\/uploads\/2023\/08\/5-2.png","twitter_misc":{"Est. reading time":"1 minute"},"schema":{"@context":"https:\/\/schema.org","@graph":[{"@type":"WebPage","@id":"https:\/\/varat.tn\/en\/product\/t-lamp\/","url":"https:\/\/varat.tn\/en\/product\/t-lamp\/","name":"Lampe T - VARAT","isPartOf":{"@id":"https:\/\/varat.tn\/en\/#website"},"primaryImageOfPage":{"@id":"https:\/\/varat.tn\/en\/product\/t-lamp\/#primaryimage"},"image":{"@id":"https:\/\/varat.tn\/en\/product\/t-lamp\/#primaryimage"},"thumbnailUrl":"https:\/\/varat.tn\/wp-content\/uploads\/2023\/08\/4-1.png","datePublished":"2023-08-09T18:07:25+00:00","dateModified":"2023-08-09T19:07:25+00:00","description":"T Lamp, LED lighting, LED lamp from the T range, LED - 50W - E27, 4500LM, 30W - E27, 2700LM, LED lighting solution Tunisia","breadcrumb":{"@id":"https:\/\/varat.tn\/en\/product\/t-lamp\/#breadcrumb"},"inLanguage":"en-US","potentialAction":[{"@type":"ReadAction","target":["https:\/\/varat.tn\/en\/product\/t-lamp\/"]}]},{"@type":"ImageObject","inLanguage":"en-US","@id":"https:\/\/varat.tn\/en\/product\/t-lamp\/#primaryimage","url":"https:\/\/varat.tn\/wp-content\/uploads\/2023\/08\/4-1.png","contentUrl":"https:\/\/varat.tn\/wp-content\/uploads\/2023\/08\/4-1.png","width":1000,"height":1000,"caption":"T lamp LED lighting"},{"@type":"BreadcrumbList","@id":"https:\/\/varat.tn\/en\/product\/t-lamp\/#breadcrumb","itemListElement":[{"@type":"ListItem","position":1,"name":"Accueil","item":"https:\/\/varat.tn\/en\/home\/"},{"@type":"ListItem","position":2,"name":"Boutique","item":"https:\/\/varat.tn\/en\/boutique\/"},{"@type":"ListItem","position":3,"name":"T Lamp"}]},{"@type":"WebSite","@id":"https:\/\/varat.tn\/en\/#website","url":"https:\/\/varat.tn\/en\/","name":"VARAT","description":"\u00e9clairage Tunisie, Transformateurs \u00e9lectriques, lampes LED, \u00e9clairage r\u00e9sidentiel, \u00e9clairage industriel, \u00e9clairage bureautique et h\u00f4pitaux, \u00e9clairage urbain","potentialAction":[{"@type":"SearchAction","target":{"@type":"EntryPoint","urlTemplate":"https:\/\/varat.tn\/en\/?s={search_term_string}"},"query-input":{"@type":"PropertyValueSpecification","valueRequired":true,"valueName":"search_term_string"}}],"inLanguage":"en-US"}]}},"_links":{"self":[{"href":"https:\/\/varat.tn\/en\/wp-json\/wp\/v2\/product\/6592","targetHints":{"allow":["GET"]}}],"collection":[{"href":"https:\/\/varat.tn\/en\/wp-json\/wp\/v2\/product"}],"about":[{"href":"https:\/\/varat.tn\/en\/wp-json\/wp\/v2\/types\/product"}],"version-history":[{"count":0,"href":"https:\/\/varat.tn\/en\/wp-json\/wp\/v2\/product\/6592\/revisions"}],"wp:featuredmedia":[{"embeddable":true,"href":"https:\/\/varat.tn\/en\/wp-json\/wp\/v2\/media\/2723"}],"wp:attachment":[{"href":"https:\/\/varat.tn\/en\/wp-json\/wp\/v2\/media?parent=6592"}],"wp:term":[{"taxonomy":"brand","embeddable":true,"href":"https:\/\/varat.tn\/en\/wp-json\/wp\/v2\/etheme_brands?post=6592"},{"taxonomy":"product_brand","embeddable":true,"href":"https:\/\/varat.tn\/en\/wp-json\/wp\/v2\/product_brand?post=6592"},{"taxonomy":"product_cat","embeddable":true,"href":"https:\/\/varat.tn\/en\/wp-json\/wp\/v2\/product_cat?post=6592"},{"taxonomy":"product_tag","embeddable":true,"href":"https:\/\/varat.tn\/en\/wp-json\/wp\/v2\/product_tag?post=6592"}],"curies":[{"name":"wp","href":"https:\/\/api.w.org\/{rel}","templated":true}]}}