{"id":6586,"date":"2023-08-10T14:32:51","date_gmt":"2023-08-10T12:32:51","guid":{"rendered":"https:\/\/varat.tn\/produit\/izar\/"},"modified":"2023-08-10T14:32:51","modified_gmt":"2023-08-10T13:32:51","slug":"izar","status":"publish","type":"product","link":"https:\/\/varat.tn\/en\/product\/izar\/","title":{"rendered":"IZAR"},"content":{"rendered":"<p>&nbsp;<\/p>\n<p>&nbsp;<\/p>\n<div id=\"attachment_4172\" style=\"width: 906px\" class=\"wp-caption aligncenter\"><img loading=\"lazy\" decoding=\"async\" aria-describedby=\"caption-attachment-4172\" class=\"wp-image-4172 size-full\" src=\"https:\/\/someflighting.com\/wp-content\/uploads\/2023\/08\/2024-07-30-17_38_51-Window.png\" alt=\"IZAR datasheet emergency lighting\" width=\"896\" height=\"352\" srcset=\"https:\/\/varat.tn\/wp-content\/uploads\/2023\/08\/2024-07-30-17_38_51-Window.png 896w, https:\/\/varat.tn\/wp-content\/uploads\/2023\/08\/2024-07-30-17_38_51-Window-300x118.png 300w, https:\/\/varat.tn\/wp-content\/uploads\/2023\/08\/2024-07-30-17_38_51-Window-768x302.png 768w, https:\/\/varat.tn\/wp-content\/uploads\/2023\/08\/2024-07-30-17_38_51-Window-18x7.png 18w, https:\/\/varat.tn\/wp-content\/uploads\/2023\/08\/2024-07-30-17_38_51-Window-600x236.png 600w, https:\/\/varat.tn\/wp-content\/uploads\/2023\/08\/2024-07-30-17_38_51-Window-1x1.png 1w, https:\/\/varat.tn\/wp-content\/uploads\/2023\/08\/2024-07-30-17_38_51-Window-10x4.png 10w\" sizes=\"auto, (max-width: 896px) 100vw, 896px\" \/><p id=\"caption-attachment-4172\" class=\"wp-caption-text\">IZAR datasheet emergency lighting<\/p><\/div>\n<p>IZAR is a luminaire made up of three independent modules: optical assembly, electronic system, and batteries. It features two lens options: circulation and anti-panic. It is also equipped with an LED indicator.  <\/p>\n<p>The electronic system enables intelligent battery charge management, ensuring maximum autonomy in the event of a power outage. The <a href=\"https:\/\/en.wikipedia.org\/wiki\/Light_fixture\" target=\"_blank\" rel=\"noopener\">light fixture<\/a> can be easily installed on the wall or ceiling thanks to its adjustable bracket. <\/p>\n<p>IZAR also features an automatic test function that regularly verifies the proper functioning of the luminaire and signals any malfunction. This guarantees a high level of reliability for emergency situations. <\/p>\n<p>This luminaire is ideal for public spaces such as airports, <a href=\"https:\/\/varat.tn\/en\/our-solutions\/office-lighting-2\/\" target=\"_blank\" rel=\"noopener\">shopping centers<\/a>, hospitals, and other high-traffic buildings.<\/p>","protected":false},"excerpt":{"rendered":"<div class=\"page\" title=\"Page 1\">\n<div class=\"section\">\n<div class=\"layoutArea\">\n<div class=\"column\">Luminaire made up of three independent modules: optical assembly, electronic system, and batteries. Two lens options: circulation and anti-panic.<br \/>\nLuminaire equipped with an LED indicator.<br \/>\nDiameter: 46mm <\/div>\n<div class=\"column\">IP 43\/20<\/div>\n<div class=\"column\">IK 04<\/div>\n<div class=\"column\">Warranty: 2 years.<br \/>\nInstallation: Recessed in technical ceiling. An internal microprocessor checks the status of the device and periodically performs functional and autonomy tests.<\/div>\n<div><a target=\"_self\" class=\"btn  small\" href=\"https:\/\/someflighting.com\/wp-content\/uploads\/2024\/06\/Daisalux-IZAR-N8SF-A.pdf\"><span> Datasheet<\/span><\/a><\/div>\n<\/div>\n<\/div>\n<\/div>","protected":false},"featured_media":2369,"template":"","meta":[],"etheme_brands":[],"product_brand":[],"product_cat":[297,287,288,286,289,290],"product_tag":[],"class_list":{"0":"post-6586","1":"product","2":"type-product","3":"status-publish","4":"has-post-thumbnail","6":"product_cat-emergency-lighting","7":"product_cat-home","8":"product_cat-hospital","9":"product_cat-lighting","10":"product_cat-office","11":"product_cat-usine","13":"first","14":"instock","15":"shipping-taxable","16":"product-type-simple"},"yoast_head":"<!-- This site is optimized with the Yoast SEO plugin v27.3 - https:\/\/yoast.com\/product\/yoast-seo-wordpress\/ -->\n<title>IZAR - VARAT<\/title>\n<meta name=\"description\" content=\"IZAR, emergency lighting Tunisia, Luminaire made up of three independent modules: optical assembly, electronic system, and batteries.\" \/>\n<meta name=\"robots\" content=\"index, follow, max-snippet:-1, max-image-preview:large, max-video-preview:-1\" \/>\n<link rel=\"canonical\" href=\"\/en\/https:\/\/varat.tn\/en\/product\/izar\/\/\" \/>\n<meta property=\"og:locale\" content=\"en_US\" \/>\n<meta property=\"og:type\" content=\"article\" \/>\n<meta property=\"og:title\" content=\"IZAR\" \/>\n<meta property=\"og:description\" content=\"IZAR, emergency lighting Tunisia, Luminaire made up of three independent modules: optical assembly, electronic system, and batteries.\" \/>\n<meta property=\"og:url\" content=\"\/en\/https:\/\/varat.tn\/en\/product\/izar\/\/\" \/>\n<meta property=\"og:site_name\" content=\"VARAT\" \/>\n<meta property=\"article:publisher\" content=\"https:\/\/www.facebook.com\/SOMEF.Lighting\/\" \/>\n<meta property=\"article:modified_time\" content=\"2023-08-10T13:32:51+00:00\" \/>\n<meta property=\"og:image\" content=\"https:\/\/varat.tn\/wp-content\/uploads\/2023\/07\/Eclairage-de-secours-4-300x300.png\" \/>\n<meta name=\"twitter:card\" content=\"summary_large_image\" \/>\n<meta name=\"twitter:title\" content=\"IZAR\" \/>\n<meta name=\"twitter:description\" content=\"IZAR, emergency lighting Tunisia, Luminaire made up of three independent modules: optical assembly, electronic system, and batteries.\" \/>\n<meta name=\"twitter:image\" content=\"https:\/\/varat.tn\/wp-content\/uploads\/2023\/07\/Eclairage-de-secours-4.png\" \/>\n<meta name=\"twitter:label1\" content=\"Est. reading time\" \/>\n\t<meta name=\"twitter:data1\" content=\"1 minute\" \/>\n<!-- \/ Yoast SEO plugin. -->","yoast_head_json":{"title":"IZAR - VARAT","description":"IZAR, emergency lighting Tunisia, Luminaire made up of three independent modules: optical assembly, electronic system, and batteries.","robots":{"index":"index","follow":"follow","max-snippet":"max-snippet:-1","max-image-preview":"max-image-preview:large","max-video-preview":"max-video-preview:-1"},"canonical":"\/en\/https:\/\/varat.tn\/en\/product\/izar\/\/","og_locale":"en_US","og_type":"article","og_title":"IZAR","og_description":"IZAR, emergency lighting Tunisia, Luminaire made up of three independent modules: optical assembly, electronic system, and batteries.","og_url":"\/en\/https:\/\/varat.tn\/en\/product\/izar\/\/","og_site_name":"VARAT","article_publisher":"https:\/\/www.facebook.com\/SOMEF.Lighting\/","article_modified_time":"2023-08-10T13:32:51+00:00","og_image":[{"url":"https:\/\/varat.tn\/wp-content\/uploads\/2023\/07\/Eclairage-de-secours-4-300x300.png","type":"","width":"","height":""}],"twitter_card":"summary_large_image","twitter_title":"IZAR","twitter_description":"IZAR, emergency lighting Tunisia, Luminaire made up of three independent modules: optical assembly, electronic system, and batteries.","twitter_image":"https:\/\/varat.tn\/wp-content\/uploads\/2023\/07\/Eclairage-de-secours-4.png","twitter_misc":{"Est. reading time":"1 minute"},"schema":{"@context":"https:\/\/schema.org","@graph":[{"@type":"WebPage","@id":"https:\/\/varat.tn\/en\/product\/izar\/","url":"https:\/\/varat.tn\/en\/product\/izar\/","name":"IZAR - VARAT","isPartOf":{"@id":"https:\/\/varat.tn\/en\/#website"},"primaryImageOfPage":{"@id":"https:\/\/varat.tn\/en\/product\/izar\/#primaryimage"},"image":{"@id":"https:\/\/varat.tn\/en\/product\/izar\/#primaryimage"},"thumbnailUrl":"https:\/\/varat.tn\/wp-content\/uploads\/2023\/07\/Eclairage-de-secours-4.png","datePublished":"2023-08-10T12:32:51+00:00","dateModified":"2023-08-10T13:32:51+00:00","description":"IZAR, emergency lighting Tunisia, Luminaire made up of three independent modules: optical assembly, electronic system, and batteries.","breadcrumb":{"@id":"https:\/\/varat.tn\/en\/product\/izar\/#breadcrumb"},"inLanguage":"en-US","potentialAction":[{"@type":"ReadAction","target":["https:\/\/varat.tn\/en\/product\/izar\/"]}]},{"@type":"ImageObject","inLanguage":"en-US","@id":"https:\/\/varat.tn\/en\/product\/izar\/#primaryimage","url":"https:\/\/varat.tn\/wp-content\/uploads\/2023\/07\/Eclairage-de-secours-4.png","contentUrl":"https:\/\/varat.tn\/wp-content\/uploads\/2023\/07\/Eclairage-de-secours-4.png","width":1000,"height":1000,"caption":"IZAR Emergency Lighting"},{"@type":"BreadcrumbList","@id":"https:\/\/varat.tn\/en\/product\/izar\/#breadcrumb","itemListElement":[{"@type":"ListItem","position":1,"name":"Accueil","item":"https:\/\/varat.tn\/en\/home\/"},{"@type":"ListItem","position":2,"name":"Boutique","item":"https:\/\/varat.tn\/en\/boutique\/"},{"@type":"ListItem","position":3,"name":"IZAR"}]},{"@type":"WebSite","@id":"https:\/\/varat.tn\/en\/#website","url":"https:\/\/varat.tn\/en\/","name":"VARAT","description":"\u00e9clairage Tunisie, Transformateurs \u00e9lectriques, lampes LED, \u00e9clairage r\u00e9sidentiel, \u00e9clairage industriel, \u00e9clairage bureautique et h\u00f4pitaux, \u00e9clairage urbain","potentialAction":[{"@type":"SearchAction","target":{"@type":"EntryPoint","urlTemplate":"https:\/\/varat.tn\/en\/?s={search_term_string}"},"query-input":{"@type":"PropertyValueSpecification","valueRequired":true,"valueName":"search_term_string"}}],"inLanguage":"en-US"}]}},"_links":{"self":[{"href":"https:\/\/varat.tn\/en\/wp-json\/wp\/v2\/product\/6586","targetHints":{"allow":["GET"]}}],"collection":[{"href":"https:\/\/varat.tn\/en\/wp-json\/wp\/v2\/product"}],"about":[{"href":"https:\/\/varat.tn\/en\/wp-json\/wp\/v2\/types\/product"}],"version-history":[{"count":0,"href":"https:\/\/varat.tn\/en\/wp-json\/wp\/v2\/product\/6586\/revisions"}],"wp:featuredmedia":[{"embeddable":true,"href":"https:\/\/varat.tn\/en\/wp-json\/wp\/v2\/media\/2369"}],"wp:attachment":[{"href":"https:\/\/varat.tn\/en\/wp-json\/wp\/v2\/media?parent=6586"}],"wp:term":[{"taxonomy":"brand","embeddable":true,"href":"https:\/\/varat.tn\/en\/wp-json\/wp\/v2\/etheme_brands?post=6586"},{"taxonomy":"product_brand","embeddable":true,"href":"https:\/\/varat.tn\/en\/wp-json\/wp\/v2\/product_brand?post=6586"},{"taxonomy":"product_cat","embeddable":true,"href":"https:\/\/varat.tn\/en\/wp-json\/wp\/v2\/product_cat?post=6586"},{"taxonomy":"product_tag","embeddable":true,"href":"https:\/\/varat.tn\/en\/wp-json\/wp\/v2\/product_tag?post=6586"}],"curies":[{"name":"wp","href":"https:\/\/api.w.org\/{rel}","templated":true}]}}