{"id":6581,"date":"2023-08-11T14:32:51","date_gmt":"2023-08-11T12:32:51","guid":{"rendered":"https:\/\/varat.tn\/produit\/d-ecold\/"},"modified":"2023-08-11T14:32:51","modified_gmt":"2023-08-11T13:32:51","slug":"d-ecold","status":"publish","type":"product","link":"https:\/\/varat.tn\/en\/product\/d-ecold\/","title":{"rendered":"D-ECOLD"},"content":{"rendered":"<p>&nbsp;<\/p>\n<p>&nbsp;<\/p>\n<div id=\"attachment_4169\" style=\"width: 915px\" class=\"wp-caption aligncenter\"><img loading=\"lazy\" decoding=\"async\" aria-describedby=\"caption-attachment-4169\" class=\"wp-image-4169 size-full\" src=\"https:\/\/someflighting.com\/wp-content\/uploads\/2023\/08\/2024-07-30-17_27_21-Window.png\" alt=\"D-ECOLD emergency light technical datasheet\" width=\"905\" height=\"379\" srcset=\"https:\/\/varat.tn\/wp-content\/uploads\/2023\/08\/2024-07-30-17_27_21-Window.png 905w, https:\/\/varat.tn\/wp-content\/uploads\/2023\/08\/2024-07-30-17_27_21-Window-300x126.png 300w, https:\/\/varat.tn\/wp-content\/uploads\/2023\/08\/2024-07-30-17_27_21-Window-768x322.png 768w, https:\/\/varat.tn\/wp-content\/uploads\/2023\/08\/2024-07-30-17_27_21-Window-18x8.png 18w, https:\/\/varat.tn\/wp-content\/uploads\/2023\/08\/2024-07-30-17_27_21-Window-600x251.png 600w, https:\/\/varat.tn\/wp-content\/uploads\/2023\/08\/2024-07-30-17_27_21-Window-1x1.png 1w, https:\/\/varat.tn\/wp-content\/uploads\/2023\/08\/2024-07-30-17_27_21-Window-10x4.png 10w\" sizes=\"auto, (max-width: 905px) 100vw, 905px\" \/><p id=\"caption-attachment-4169\" class=\"wp-caption-text\">D-ECOLD emergency light technical datasheet<\/p><\/div>\n<p>Emergency lighting D-ECOLD range for <a href=\"https:\/\/varat.tn\/en\/produits\/eclairage\/eclairage-de-securite\/\">emergency lighting<\/a> in the event of a power outage. This system is designed to facilitate the evacuation of people in a building in case of emergency. The D-ECOLD uses LED technology that guarantees high brightness and a long lifespan.  <\/p>\n<p>The D-ECOLD range offers several options to meet the specific needs of each building. The units can be installed recessed or surface-mounted, depending on the building configuration. Furthermore, they are available in different sizes and power outputs to adapt to all dimensions and requirements.  <\/p>\n<p>The D-ECOLD emergency lighting system is also equipped with a monitoring system to ensure optimal operation at all times. This guarantees that the units are ready to be used when an emergency occurs. <\/p>\n<p>In addition to its emergency functionality, the D-ECOLD can also be used as daily safety lighting. With its modern and elegant design, it integrates perfectly into any interior environment. <\/p>\n<p>The D-ECOLD range meets the strictest <a href=\"https:\/\/en.wikipedia.org\/wiki\/Workplace_safety_standards\" target=\"_blank\" rel=\"noopener\">safety standards<\/a> and is certified as compliant with local regulations.<\/p>\n<p>Varat offers 4 variants with different lighting capacities (from 70 to 340 lm).<\/p>\n<p>&nbsp;<\/p>","protected":false},"excerpt":{"rendered":"<div class=\"column\"><strong>Diffuser<\/strong>: opal polycarbonate<br \/>\n<strong>Indicator<\/strong>: Mains presence. <br \/>Indicator: Battery charging. <br \/>On\/off button<br \/>\n<strong>IP 43<\/strong><br \/>\n<strong>IK 04<\/strong><br \/>\n<strong>Battery charging time<\/strong>: 24 hours.<br \/>\n<strong>Warranty :<\/strong> 2 years<\/div>\n<div><strong>Installation<\/strong>: Surface-mounted or recessed<\/div>\n<div><a target=\"_self\" class=\"btn  small\" href=\"https:\/\/someflighting.com\/wp-content\/uploads\/2024\/06\/D-ECOLD.pdf\"><span> Datasheet<\/span><\/a><\/div>","protected":false},"featured_media":2361,"template":"","meta":[],"etheme_brands":[],"product_brand":[],"product_cat":[297,287,288,286,289,290],"product_tag":[],"class_list":{"0":"post-6581","1":"product","2":"type-product","3":"status-publish","4":"has-post-thumbnail","6":"product_cat-emergency-lighting","7":"product_cat-home","8":"product_cat-hospital","9":"product_cat-lighting","10":"product_cat-office","11":"product_cat-usine","13":"first","14":"instock","15":"shipping-taxable","16":"product-type-simple"},"yoast_head":"<!-- This site is optimized with the Yoast SEO plugin v27.3 - https:\/\/yoast.com\/product\/yoast-seo-wordpress\/ -->\n<title>D-ECOLD - VARAT<\/title>\n<meta name=\"description\" content=\"D-ECOLD, emergency lighting Varat, emergency lighting Tunisia, Mains presence indicator, Battery charging indicator, On\/off button\" \/>\n<meta name=\"robots\" content=\"index, follow, max-snippet:-1, max-image-preview:large, max-video-preview:-1\" \/>\n<link rel=\"canonical\" href=\"\/en\/https:\/\/varat.tn\/en\/product\/d-ecold\/\/\" \/>\n<meta property=\"og:locale\" content=\"en_US\" \/>\n<meta property=\"og:type\" content=\"article\" \/>\n<meta property=\"og:title\" content=\"D-ECOLD\" \/>\n<meta property=\"og:description\" content=\"D-ECOLD, emergency lighting Varat, emergency lighting Tunisia, Mains presence indicator, Battery charging indicator, On\/off button\" \/>\n<meta property=\"og:url\" content=\"\/en\/https:\/\/varat.tn\/en\/product\/d-ecold\/\/\" \/>\n<meta property=\"og:site_name\" content=\"VARAT\" \/>\n<meta property=\"article:publisher\" content=\"https:\/\/www.facebook.com\/SOMEF.Lighting\/\" \/>\n<meta property=\"article:modified_time\" content=\"2023-08-11T13:32:51+00:00\" \/>\n<meta property=\"og:image\" content=\"https:\/\/varat.tn\/wp-content\/uploads\/2023\/07\/Eclairage-de-secours-1-300x300.png\" \/>\n<meta name=\"twitter:card\" content=\"summary_large_image\" \/>\n<meta name=\"twitter:title\" content=\"D-ECOLD\" \/>\n<meta name=\"twitter:description\" content=\"D-ECOLD, emergency lighting Varat, emergency lighting Tunisia, Mains presence indicator, Battery charging indicator, On\/off button\" \/>\n<meta name=\"twitter:image\" content=\"https:\/\/varat.tn\/wp-content\/uploads\/2023\/07\/Eclairage-de-secours-1.png\" \/>\n<meta name=\"twitter:label1\" content=\"Est. reading time\" \/>\n\t<meta name=\"twitter:data1\" content=\"1 minute\" \/>\n<!-- \/ Yoast SEO plugin. -->","yoast_head_json":{"title":"D-ECOLD - VARAT","description":"D-ECOLD, emergency lighting Varat, emergency lighting Tunisia, Mains presence indicator, Battery charging indicator, On\/off button","robots":{"index":"index","follow":"follow","max-snippet":"max-snippet:-1","max-image-preview":"max-image-preview:large","max-video-preview":"max-video-preview:-1"},"canonical":"\/en\/https:\/\/varat.tn\/en\/product\/d-ecold\/\/","og_locale":"en_US","og_type":"article","og_title":"D-ECOLD","og_description":"D-ECOLD, emergency lighting Varat, emergency lighting Tunisia, Mains presence indicator, Battery charging indicator, On\/off button","og_url":"\/en\/https:\/\/varat.tn\/en\/product\/d-ecold\/\/","og_site_name":"VARAT","article_publisher":"https:\/\/www.facebook.com\/SOMEF.Lighting\/","article_modified_time":"2023-08-11T13:32:51+00:00","og_image":[{"url":"https:\/\/varat.tn\/wp-content\/uploads\/2023\/07\/Eclairage-de-secours-1-300x300.png","type":"","width":"","height":""}],"twitter_card":"summary_large_image","twitter_title":"D-ECOLD","twitter_description":"D-ECOLD, emergency lighting Varat, emergency lighting Tunisia, Mains presence indicator, Battery charging indicator, On\/off button","twitter_image":"https:\/\/varat.tn\/wp-content\/uploads\/2023\/07\/Eclairage-de-secours-1.png","twitter_misc":{"Est. reading time":"1 minute"},"schema":{"@context":"https:\/\/schema.org","@graph":[{"@type":"WebPage","@id":"https:\/\/varat.tn\/en\/product\/d-ecold\/","url":"https:\/\/varat.tn\/en\/product\/d-ecold\/","name":"D-ECOLD - VARAT","isPartOf":{"@id":"https:\/\/varat.tn\/en\/#website"},"primaryImageOfPage":{"@id":"https:\/\/varat.tn\/en\/product\/d-ecold\/#primaryimage"},"image":{"@id":"https:\/\/varat.tn\/en\/product\/d-ecold\/#primaryimage"},"thumbnailUrl":"https:\/\/varat.tn\/wp-content\/uploads\/2023\/07\/Eclairage-de-secours-1.png","datePublished":"2023-08-11T12:32:51+00:00","dateModified":"2023-08-11T13:32:51+00:00","description":"D-ECOLD, emergency lighting Varat, emergency lighting Tunisia, Mains presence indicator, Battery charging indicator, On\/off button","breadcrumb":{"@id":"https:\/\/varat.tn\/en\/product\/d-ecold\/#breadcrumb"},"inLanguage":"en-US","potentialAction":[{"@type":"ReadAction","target":["https:\/\/varat.tn\/en\/product\/d-ecold\/"]}]},{"@type":"ImageObject","inLanguage":"en-US","@id":"https:\/\/varat.tn\/en\/product\/d-ecold\/#primaryimage","url":"https:\/\/varat.tn\/wp-content\/uploads\/2023\/07\/Eclairage-de-secours-1.png","contentUrl":"https:\/\/varat.tn\/wp-content\/uploads\/2023\/07\/Eclairage-de-secours-1.png","width":1000,"height":1000,"caption":"D-ECOLD emergency lighting Tunisia"},{"@type":"BreadcrumbList","@id":"https:\/\/varat.tn\/en\/product\/d-ecold\/#breadcrumb","itemListElement":[{"@type":"ListItem","position":1,"name":"Accueil","item":"https:\/\/varat.tn\/en\/home\/"},{"@type":"ListItem","position":2,"name":"Boutique","item":"https:\/\/varat.tn\/en\/boutique\/"},{"@type":"ListItem","position":3,"name":"D-ECOLD"}]},{"@type":"WebSite","@id":"https:\/\/varat.tn\/en\/#website","url":"https:\/\/varat.tn\/en\/","name":"VARAT","description":"\u00e9clairage Tunisie, Transformateurs \u00e9lectriques, lampes LED, \u00e9clairage r\u00e9sidentiel, \u00e9clairage industriel, \u00e9clairage bureautique et h\u00f4pitaux, \u00e9clairage urbain","potentialAction":[{"@type":"SearchAction","target":{"@type":"EntryPoint","urlTemplate":"https:\/\/varat.tn\/en\/?s={search_term_string}"},"query-input":{"@type":"PropertyValueSpecification","valueRequired":true,"valueName":"search_term_string"}}],"inLanguage":"en-US"}]}},"_links":{"self":[{"href":"https:\/\/varat.tn\/en\/wp-json\/wp\/v2\/product\/6581","targetHints":{"allow":["GET"]}}],"collection":[{"href":"https:\/\/varat.tn\/en\/wp-json\/wp\/v2\/product"}],"about":[{"href":"https:\/\/varat.tn\/en\/wp-json\/wp\/v2\/types\/product"}],"version-history":[{"count":0,"href":"https:\/\/varat.tn\/en\/wp-json\/wp\/v2\/product\/6581\/revisions"}],"wp:featuredmedia":[{"embeddable":true,"href":"https:\/\/varat.tn\/en\/wp-json\/wp\/v2\/media\/2361"}],"wp:attachment":[{"href":"https:\/\/varat.tn\/en\/wp-json\/wp\/v2\/media?parent=6581"}],"wp:term":[{"taxonomy":"brand","embeddable":true,"href":"https:\/\/varat.tn\/en\/wp-json\/wp\/v2\/etheme_brands?post=6581"},{"taxonomy":"product_brand","embeddable":true,"href":"https:\/\/varat.tn\/en\/wp-json\/wp\/v2\/product_brand?post=6581"},{"taxonomy":"product_cat","embeddable":true,"href":"https:\/\/varat.tn\/en\/wp-json\/wp\/v2\/product_cat?post=6581"},{"taxonomy":"product_tag","embeddable":true,"href":"https:\/\/varat.tn\/en\/wp-json\/wp\/v2\/product_tag?post=6581"}],"curies":[{"name":"wp","href":"https:\/\/api.w.org\/{rel}","templated":true}]}}