{"id":6574,"date":"2023-08-13T14:32:51","date_gmt":"2023-08-13T12:32:51","guid":{"rendered":"https:\/\/varat.tn\/produit\/trievo\/"},"modified":"2023-08-13T14:32:51","modified_gmt":"2023-08-13T13:32:51","slug":"trievo","status":"publish","type":"product","link":"https:\/\/varat.tn\/en\/product\/trievo\/","title":{"rendered":"TRIEVO"},"content":{"rendered":"<p>&nbsp;<\/p>\n<div id=\"attachment_4159\" style=\"width: 918px\" class=\"wp-caption aligncenter\"><img loading=\"lazy\" decoding=\"async\" aria-describedby=\"caption-attachment-4159\" class=\"wp-image-4159 size-full\" src=\"https:\/\/someflighting.com\/wp-content\/uploads\/2023\/08\/2024-07-29-15_26_21-Window.png\" alt=\"Trievo datasheet\" width=\"908\" height=\"306\" srcset=\"https:\/\/varat.tn\/wp-content\/uploads\/2023\/08\/2024-07-29-15_26_21-Window.png 908w, https:\/\/varat.tn\/wp-content\/uploads\/2023\/08\/2024-07-29-15_26_21-Window-300x101.png 300w, https:\/\/varat.tn\/wp-content\/uploads\/2023\/08\/2024-07-29-15_26_21-Window-768x259.png 768w, https:\/\/varat.tn\/wp-content\/uploads\/2023\/08\/2024-07-29-15_26_21-Window-18x6.png 18w, https:\/\/varat.tn\/wp-content\/uploads\/2023\/08\/2024-07-29-15_26_21-Window-600x202.png 600w, https:\/\/varat.tn\/wp-content\/uploads\/2023\/08\/2024-07-29-15_26_21-Window-1x1.png 1w, https:\/\/varat.tn\/wp-content\/uploads\/2023\/08\/2024-07-29-15_26_21-Window-10x3.png 10w\" sizes=\"auto, (max-width: 908px) 100vw, 908px\" \/><p id=\"caption-attachment-4159\" class=\"wp-caption-text\">Trievo datasheet<\/p><\/div>\n<p><strong>TRIEVO LED 60Lm Remote-Controlled Emergency Light <\/strong><\/p>\n<p>The TRIEVO emergency light is an LED <a href=\"https:\/\/varat.tn\/en\/produits\/eclairage\/eclairage-de-securite\/\">emergency light<\/a> designed for tertiary and industrial buildings. With a light output of 60 <a href=\"https:\/\/en.wikipedia.org\/wiki\/Lumen\" target=\"_blank\" rel=\"noopener\">lumens<\/a>, it offers optimal visibility in the event of a power outage. <\/p>\n<p>The TRIEVO emergency light is equipped with a remote-controlled system that allows centralized management of the luminaires. It can thus be controlled remotely from a single control unit, thereby facilitating maintenance operations. <\/p>\n<p>Its LED technology gives it reduced energy consumption and a longer lifespan compared to traditional lighting. It is also equipped with a backup battery that ensures autonomy in the event of a power failure. <\/p>\n<p>The TRIEVO emergency light can be installed as a wall fitting or on the ceiling, thus offering great flexibility in its installation. Its elegant and discreet design integrates easily into all types of environments. <\/p>","protected":false},"excerpt":{"rendered":"<div class=\"page\" title=\"Page 1\">\n<div class=\"section\">\n<div class=\"layoutArea\"><strong>Body <\/strong>: polycarbonate<\/div>\n<div class=\"layoutArea\"><strong>Diffuser<\/strong>: opal polycarbonate<\/div>\n<div class=\"layoutArea\">\n<div class=\"column\"><strong>IP42\/IP65<\/strong><br \/>\n<strong>IK 07<\/strong><br \/>\n<strong>Indicator<\/strong>: mains presence<br \/>\n<strong>Installation<\/strong>: Surface-mounted or recessed<br \/>\n<strong>Accumulators<\/strong>: High temperature NICD, rechargeable and sealed. Battery charging time: 24 hours<br \/>\n<strong>Operation<\/strong>: Non-permanent <br \/>Standards: EN60598-1 \/ EN60598-2-22<\/div>\n<div><a target=\"_self\" class=\"btn  small\" href=\"https:\/\/someflighting.com\/wp-content\/uploads\/2024\/06\/Trievo.pdf\"><span> Datasheet<\/span><\/a><\/div>\n<p>&nbsp;<\/p>\n<\/div>\n<\/div>\n<\/div>","protected":false},"featured_media":2358,"template":"","meta":[],"etheme_brands":[],"product_brand":[],"product_cat":[297,287,288,286,289,290],"product_tag":[],"class_list":{"0":"post-6574","1":"product","2":"type-product","3":"status-publish","4":"has-post-thumbnail","6":"product_cat-emergency-lighting","7":"product_cat-home","8":"product_cat-hospital","9":"product_cat-lighting","10":"product_cat-office","11":"product_cat-usine","13":"first","14":"instock","15":"shipping-taxable","16":"product-type-simple"},"yoast_head":"<!-- This site is optimized with the Yoast SEO plugin v27.3 - https:\/\/yoast.com\/product\/yoast-seo-wordpress\/ -->\n<title>TRIEVO - VARAT<\/title>\n<meta name=\"description\" content=\"TRIEVO, emergency lighting somef lighting, emergency lighting Tunisia, Battery charging time is 24 hours, safety lighting Tunisia\" \/>\n<meta name=\"robots\" content=\"index, follow, max-snippet:-1, max-image-preview:large, max-video-preview:-1\" \/>\n<link rel=\"canonical\" href=\"\/en\/https:\/\/varat.tn\/en\/product\/trievo\/\/\" \/>\n<meta property=\"og:locale\" content=\"en_US\" \/>\n<meta property=\"og:type\" content=\"article\" \/>\n<meta property=\"og:title\" content=\"TRIEVO\" \/>\n<meta property=\"og:description\" content=\"TRIEVO, emergency lighting somef lighting, emergency lighting Tunisia, Battery charging time is 24 hours, safety lighting Tunisia\" \/>\n<meta property=\"og:url\" content=\"\/en\/https:\/\/varat.tn\/en\/product\/trievo\/\/\" \/>\n<meta property=\"og:site_name\" content=\"VARAT\" \/>\n<meta property=\"article:publisher\" content=\"https:\/\/www.facebook.com\/SOMEF.Lighting\/\" \/>\n<meta property=\"article:modified_time\" content=\"2023-08-13T13:32:51+00:00\" \/>\n<meta property=\"og:image\" content=\"https:\/\/varat.tn\/wp-content\/uploads\/2023\/07\/Eclairage-de-secours-300x300.png\" \/>\n<meta name=\"twitter:card\" content=\"summary_large_image\" \/>\n<meta name=\"twitter:title\" content=\"TRIEVO\" \/>\n<meta name=\"twitter:description\" content=\"TRIEVO, emergency lighting somef lighting, emergency lighting Tunisia, Battery charging time is 24 hours, safety lighting Tunisia\" \/>\n<meta name=\"twitter:image\" content=\"https:\/\/varat.tn\/wp-content\/uploads\/2023\/07\/Triveo2.png\" \/>\n<meta name=\"twitter:label1\" content=\"Est. reading time\" \/>\n\t<meta name=\"twitter:data1\" content=\"1 minute\" \/>\n<!-- \/ Yoast SEO plugin. -->","yoast_head_json":{"title":"TRIEVO - VARAT","description":"TRIEVO, emergency lighting somef lighting, emergency lighting Tunisia, Battery charging time is 24 hours, safety lighting Tunisia","robots":{"index":"index","follow":"follow","max-snippet":"max-snippet:-1","max-image-preview":"max-image-preview:large","max-video-preview":"max-video-preview:-1"},"canonical":"\/en\/https:\/\/varat.tn\/en\/product\/trievo\/\/","og_locale":"en_US","og_type":"article","og_title":"TRIEVO","og_description":"TRIEVO, emergency lighting somef lighting, emergency lighting Tunisia, Battery charging time is 24 hours, safety lighting Tunisia","og_url":"\/en\/https:\/\/varat.tn\/en\/product\/trievo\/\/","og_site_name":"VARAT","article_publisher":"https:\/\/www.facebook.com\/SOMEF.Lighting\/","article_modified_time":"2023-08-13T13:32:51+00:00","og_image":[{"url":"https:\/\/varat.tn\/wp-content\/uploads\/2023\/07\/Eclairage-de-secours-300x300.png","type":"","width":"","height":""}],"twitter_card":"summary_large_image","twitter_title":"TRIEVO","twitter_description":"TRIEVO, emergency lighting somef lighting, emergency lighting Tunisia, Battery charging time is 24 hours, safety lighting Tunisia","twitter_image":"https:\/\/varat.tn\/wp-content\/uploads\/2023\/07\/Triveo2.png","twitter_misc":{"Est. reading time":"1 minute"},"schema":{"@context":"https:\/\/schema.org","@graph":[{"@type":"WebPage","@id":"https:\/\/varat.tn\/en\/product\/trievo\/","url":"https:\/\/varat.tn\/en\/product\/trievo\/","name":"TRIEVO - VARAT","isPartOf":{"@id":"https:\/\/varat.tn\/en\/#website"},"primaryImageOfPage":{"@id":"https:\/\/varat.tn\/en\/product\/trievo\/#primaryimage"},"image":{"@id":"https:\/\/varat.tn\/en\/product\/trievo\/#primaryimage"},"thumbnailUrl":"https:\/\/varat.tn\/wp-content\/uploads\/2023\/07\/Eclairage-de-secours.png","datePublished":"2023-08-13T12:32:51+00:00","dateModified":"2023-08-13T13:32:51+00:00","description":"TRIEVO, emergency lighting somef lighting, emergency lighting Tunisia, Battery charging time is 24 hours, safety lighting Tunisia","breadcrumb":{"@id":"https:\/\/varat.tn\/en\/product\/trievo\/#breadcrumb"},"inLanguage":"en-US","potentialAction":[{"@type":"ReadAction","target":["https:\/\/varat.tn\/en\/product\/trievo\/"]}]},{"@type":"ImageObject","inLanguage":"en-US","@id":"https:\/\/varat.tn\/en\/product\/trievo\/#primaryimage","url":"https:\/\/varat.tn\/wp-content\/uploads\/2023\/07\/Eclairage-de-secours.png","contentUrl":"https:\/\/varat.tn\/wp-content\/uploads\/2023\/07\/Eclairage-de-secours.png","width":1000,"height":1000,"caption":"Trievo Emergency lighting"},{"@type":"BreadcrumbList","@id":"https:\/\/varat.tn\/en\/product\/trievo\/#breadcrumb","itemListElement":[{"@type":"ListItem","position":1,"name":"Accueil","item":"https:\/\/varat.tn\/en\/home\/"},{"@type":"ListItem","position":2,"name":"Boutique","item":"https:\/\/varat.tn\/en\/boutique\/"},{"@type":"ListItem","position":3,"name":"TRIEVO"}]},{"@type":"WebSite","@id":"https:\/\/varat.tn\/en\/#website","url":"https:\/\/varat.tn\/en\/","name":"VARAT","description":"\u00e9clairage Tunisie, Transformateurs \u00e9lectriques, lampes LED, \u00e9clairage r\u00e9sidentiel, \u00e9clairage industriel, \u00e9clairage bureautique et h\u00f4pitaux, \u00e9clairage urbain","potentialAction":[{"@type":"SearchAction","target":{"@type":"EntryPoint","urlTemplate":"https:\/\/varat.tn\/en\/?s={search_term_string}"},"query-input":{"@type":"PropertyValueSpecification","valueRequired":true,"valueName":"search_term_string"}}],"inLanguage":"en-US"}]}},"_links":{"self":[{"href":"https:\/\/varat.tn\/en\/wp-json\/wp\/v2\/product\/6574","targetHints":{"allow":["GET"]}}],"collection":[{"href":"https:\/\/varat.tn\/en\/wp-json\/wp\/v2\/product"}],"about":[{"href":"https:\/\/varat.tn\/en\/wp-json\/wp\/v2\/types\/product"}],"version-history":[{"count":0,"href":"https:\/\/varat.tn\/en\/wp-json\/wp\/v2\/product\/6574\/revisions"}],"wp:featuredmedia":[{"embeddable":true,"href":"https:\/\/varat.tn\/en\/wp-json\/wp\/v2\/media\/2358"}],"wp:attachment":[{"href":"https:\/\/varat.tn\/en\/wp-json\/wp\/v2\/media?parent=6574"}],"wp:term":[{"taxonomy":"brand","embeddable":true,"href":"https:\/\/varat.tn\/en\/wp-json\/wp\/v2\/etheme_brands?post=6574"},{"taxonomy":"product_brand","embeddable":true,"href":"https:\/\/varat.tn\/en\/wp-json\/wp\/v2\/product_brand?post=6574"},{"taxonomy":"product_cat","embeddable":true,"href":"https:\/\/varat.tn\/en\/wp-json\/wp\/v2\/product_cat?post=6574"},{"taxonomy":"product_tag","embeddable":true,"href":"https:\/\/varat.tn\/en\/wp-json\/wp\/v2\/product_tag?post=6574"}],"curies":[{"name":"wp","href":"https:\/\/api.w.org\/{rel}","templated":true}]}}