{"id":6566,"date":"2023-08-14T08:32:51","date_gmt":"2023-08-14T06:32:51","guid":{"rendered":"https:\/\/varat.tn\/produit\/triled\/"},"modified":"2026-04-07T13:54:54","modified_gmt":"2026-04-07T12:54:54","slug":"triled","status":"publish","type":"product","link":"https:\/\/varat.tn\/en\/product\/triled\/","title":{"rendered":"TRILED"},"content":{"rendered":"<div style=\"width: 2016px\" class=\"wp-caption alignnone\"><img loading=\"lazy\" decoding=\"async\" src=\"http:\/\/someflighting.com\/wp-content\/uploads\/2023\/08\/triled-carac.png\" alt=\"TRILED emergency lights \" width=\"2006\" height=\"318\"><p class=\"wp-caption-text\">TRILED emergency lights<\/p><\/div>\n<div style=\"width: 1838px\" class=\"wp-caption alignnone\"><img loading=\"lazy\" decoding=\"async\" src=\"http:\/\/someflighting.com\/wp-content\/uploads\/2023\/08\/triled-tableau.png\" alt=\"TRILED technical details\" width=\"1828\" height=\"326\"><p class=\"wp-caption-text\">TRILED technical details<\/p><\/div>\n<p><strong>Triled emergency light by Varat<\/strong><\/p>\n<p>The Triled emergency block is a revolutionary product. This emergency block has been specially designed to meet the strictest standards in terms of <a href=\"https:\/\/varat.tn\/en\/produits\/eclairage\/eclairage-de-securite\/\">security <\/a>and efficiency. <\/p>\n<p>This emergency light ensures optimal visibility in case of emergency. It is also very easy to install, whether in residential or commercial buildings. Its compact and elegant design allows it to integrate perfectly into any environment. Furthermore, it can be installed as a primary light source or as a complement to other safety lighting systems.   <\/p>\n<p>Thanks to its rechargeable lithium-ion <a href=\"https:\/\/en.wikipedia.org\/wiki\/Electric_battery\" target=\"_blank\" rel=\"noopener\">battery<\/a>, the Triled emergency light offers significant autonomy in the event of a power outage.<\/p>\n<p>For this range, VARAT makes available 5 references with different light outputs (from 32 to 320 lm) and different autonomies (1h and 2h).<\/p>","protected":false},"excerpt":{"rendered":"<p><strong>Body <\/strong>: polycarbonate<br \/>\n<strong>Diffuser<\/strong>: transparent polycarbonate<br \/>\n<strong>IP42\/IP65<\/strong><br \/>\n<strong>IK 07<\/strong><br \/>\n<strong>Indicator<\/strong>: Mains presence<br \/>\n<strong>Accumulators<\/strong>: High temperature NICD, rechargeable and sealed. Battery charging time: 24 hours. <strong><strong><strong>Operation<\/strong><\/strong><\/strong>: Non-permanent Standards: EN60598-1 \/ EN60598-2-22<br \/>\n<strong>Installation<\/strong>: Surface-mounted or recessed<\/p>\n<p><a target=\"_self\" class=\"btn  small\" href=\"https:\/\/someflighting.com\/wp-content\/uploads\/2024\/06\/Bloc-Secours-TRILED11-copie.pdf\"><span> Datasheet<\/span><\/a><\/p>","protected":false},"featured_media":2356,"template":"","meta":[],"etheme_brands":[],"product_brand":[],"product_cat":[297,287,288,286,289,290],"product_tag":[],"class_list":{"0":"post-6566","1":"product","2":"type-product","3":"status-publish","4":"has-post-thumbnail","6":"product_cat-emergency-lighting","7":"product_cat-home","8":"product_cat-hospital","9":"product_cat-lighting","10":"product_cat-office","11":"product_cat-usine","13":"first","14":"instock","15":"shipping-taxable","16":"product-type-simple"},"yoast_head":"<!-- This site is optimized with the Yoast SEO plugin v27.3 - https:\/\/yoast.com\/product\/yoast-seo-wordpress\/ -->\n<title>TRILED - VARAT<\/title>\n<meta name=\"description\" content=\"TRILED, emergency lighting by Somef Lighting, emergency lighting Tunisia, Polycarbonate body, Transparent polycarbonate diffuser\" \/>\n<meta name=\"robots\" content=\"index, follow, max-snippet:-1, max-image-preview:large, max-video-preview:-1\" \/>\n<link rel=\"canonical\" href=\"\/en\/https:\/\/varat.tn\/en\/product\/triled\/\/\" \/>\n<meta property=\"og:locale\" content=\"en_US\" \/>\n<meta property=\"og:type\" content=\"article\" \/>\n<meta property=\"og:title\" content=\"TRILED\" \/>\n<meta property=\"og:description\" content=\"TRILED, emergency lighting by Somef Lighting, emergency lighting Tunisia, Polycarbonate body, Transparent polycarbonate diffuser\" \/>\n<meta property=\"og:url\" content=\"\/en\/https:\/\/varat.tn\/en\/product\/triled\/\/\" \/>\n<meta property=\"og:site_name\" content=\"VARAT\" \/>\n<meta property=\"article:publisher\" content=\"https:\/\/www.facebook.com\/SOMEF.Lighting\/\" \/>\n<meta property=\"article:modified_time\" content=\"2026-04-07T12:54:54+00:00\" \/>\n<meta property=\"og:image\" content=\"https:\/\/varat.tn\/wp-content\/uploads\/2023\/07\/2-3-300x300.png\" \/>\n<meta name=\"twitter:card\" content=\"summary_large_image\" \/>\n<meta name=\"twitter:title\" content=\"TRILED\" \/>\n<meta name=\"twitter:description\" content=\"TRILED, emergency lighting by Somef Lighting, emergency lighting Tunisia, Polycarbonate body, Transparent polycarbonate diffuser\" \/>\n<meta name=\"twitter:image\" content=\"https:\/\/varat.tn\/wp-content\/uploads\/2023\/07\/2-3.png\" \/>\n<meta name=\"twitter:label1\" content=\"Est. reading time\" \/>\n\t<meta name=\"twitter:data1\" content=\"1 minute\" \/>\n<!-- \/ Yoast SEO plugin. -->","yoast_head_json":{"title":"TRILED - VARAT","description":"TRILED, emergency lighting by Somef Lighting, emergency lighting Tunisia, Polycarbonate body, Transparent polycarbonate diffuser","robots":{"index":"index","follow":"follow","max-snippet":"max-snippet:-1","max-image-preview":"max-image-preview:large","max-video-preview":"max-video-preview:-1"},"canonical":"\/en\/https:\/\/varat.tn\/en\/product\/triled\/\/","og_locale":"en_US","og_type":"article","og_title":"TRILED","og_description":"TRILED, emergency lighting by Somef Lighting, emergency lighting Tunisia, Polycarbonate body, Transparent polycarbonate diffuser","og_url":"\/en\/https:\/\/varat.tn\/en\/product\/triled\/\/","og_site_name":"VARAT","article_publisher":"https:\/\/www.facebook.com\/SOMEF.Lighting\/","article_modified_time":"2026-04-07T12:54:54+00:00","og_image":[{"url":"https:\/\/varat.tn\/wp-content\/uploads\/2023\/07\/2-3-300x300.png","type":"","width":"","height":""}],"twitter_card":"summary_large_image","twitter_title":"TRILED","twitter_description":"TRILED, emergency lighting by Somef Lighting, emergency lighting Tunisia, Polycarbonate body, Transparent polycarbonate diffuser","twitter_image":"https:\/\/varat.tn\/wp-content\/uploads\/2023\/07\/2-3.png","twitter_misc":{"Est. reading time":"1 minute"},"schema":{"@context":"https:\/\/schema.org","@graph":[{"@type":"WebPage","@id":"https:\/\/varat.tn\/en\/product\/triled\/","url":"https:\/\/varat.tn\/en\/product\/triled\/","name":"TRILED - VARAT","isPartOf":{"@id":"https:\/\/varat.tn\/en\/#website"},"primaryImageOfPage":{"@id":"https:\/\/varat.tn\/en\/product\/triled\/#primaryimage"},"image":{"@id":"https:\/\/varat.tn\/en\/product\/triled\/#primaryimage"},"thumbnailUrl":"https:\/\/varat.tn\/wp-content\/uploads\/2023\/07\/2-3.png","datePublished":"2023-08-14T06:32:51+00:00","dateModified":"2026-04-07T12:54:54+00:00","description":"TRILED, emergency lighting by Somef Lighting, emergency lighting Tunisia, Polycarbonate body, Transparent polycarbonate diffuser","breadcrumb":{"@id":"https:\/\/varat.tn\/en\/product\/triled\/#breadcrumb"},"inLanguage":"en-US","potentialAction":[{"@type":"ReadAction","target":["https:\/\/varat.tn\/en\/product\/triled\/"]}]},{"@type":"ImageObject","inLanguage":"en-US","@id":"https:\/\/varat.tn\/en\/product\/triled\/#primaryimage","url":"https:\/\/varat.tn\/wp-content\/uploads\/2023\/07\/2-3.png","contentUrl":"https:\/\/varat.tn\/wp-content\/uploads\/2023\/07\/2-3.png","width":1000,"height":1000,"caption":"TRILED Emergency Light VARAT"},{"@type":"BreadcrumbList","@id":"https:\/\/varat.tn\/en\/product\/triled\/#breadcrumb","itemListElement":[{"@type":"ListItem","position":1,"name":"Accueil","item":"https:\/\/varat.tn\/en\/home\/"},{"@type":"ListItem","position":2,"name":"Boutique","item":"https:\/\/varat.tn\/en\/boutique\/"},{"@type":"ListItem","position":3,"name":"TRILED"}]},{"@type":"WebSite","@id":"https:\/\/varat.tn\/en\/#website","url":"https:\/\/varat.tn\/en\/","name":"VARAT","description":"\u00e9clairage Tunisie, Transformateurs \u00e9lectriques, lampes LED, \u00e9clairage r\u00e9sidentiel, \u00e9clairage industriel, \u00e9clairage bureautique et h\u00f4pitaux, \u00e9clairage urbain","potentialAction":[{"@type":"SearchAction","target":{"@type":"EntryPoint","urlTemplate":"https:\/\/varat.tn\/en\/?s={search_term_string}"},"query-input":{"@type":"PropertyValueSpecification","valueRequired":true,"valueName":"search_term_string"}}],"inLanguage":"en-US"}]}},"_links":{"self":[{"href":"https:\/\/varat.tn\/en\/wp-json\/wp\/v2\/product\/6566","targetHints":{"allow":["GET"]}}],"collection":[{"href":"https:\/\/varat.tn\/en\/wp-json\/wp\/v2\/product"}],"about":[{"href":"https:\/\/varat.tn\/en\/wp-json\/wp\/v2\/types\/product"}],"version-history":[{"count":1,"href":"https:\/\/varat.tn\/en\/wp-json\/wp\/v2\/product\/6566\/revisions"}],"predecessor-version":[{"id":6579,"href":"https:\/\/varat.tn\/en\/wp-json\/wp\/v2\/product\/6566\/revisions\/6579"}],"wp:featuredmedia":[{"embeddable":true,"href":"https:\/\/varat.tn\/en\/wp-json\/wp\/v2\/media\/2356"}],"wp:attachment":[{"href":"https:\/\/varat.tn\/en\/wp-json\/wp\/v2\/media?parent=6566"}],"wp:term":[{"taxonomy":"brand","embeddable":true,"href":"https:\/\/varat.tn\/en\/wp-json\/wp\/v2\/etheme_brands?post=6566"},{"taxonomy":"product_brand","embeddable":true,"href":"https:\/\/varat.tn\/en\/wp-json\/wp\/v2\/product_brand?post=6566"},{"taxonomy":"product_cat","embeddable":true,"href":"https:\/\/varat.tn\/en\/wp-json\/wp\/v2\/product_cat?post=6566"},{"taxonomy":"product_tag","embeddable":true,"href":"https:\/\/varat.tn\/en\/wp-json\/wp\/v2\/product_tag?post=6566"}],"curies":[{"name":"wp","href":"https:\/\/api.w.org\/{rel}","templated":true}]}}