{"id":6563,"date":"2025-08-21T13:51:47","date_gmt":"2025-08-21T12:51:47","guid":{"rendered":"https:\/\/varat.tn\/produit\/tube-led\/"},"modified":"2026-04-07T13:21:30","modified_gmt":"2026-04-07T12:21:30","slug":"tube-led","status":"publish","type":"product","link":"https:\/\/varat.tn\/en\/product\/tube-led\/","title":{"rendered":"Tube LED"},"content":{"rendered":"<div id=\"attachment_6080\" style=\"width: 1034px\" class=\"wp-caption aligncenter\"><img loading=\"lazy\" decoding=\"async\" aria-describedby=\"caption-attachment-6080\" class=\"wp-image-6080 size-large\" src=\"https:\/\/varat.tn\/wp-content\/uploads\/2025\/08\/technique-tube-t-1024x602.jpg\" alt=\"Tube LED\" width=\"1024\" height=\"602\" srcset=\"https:\/\/varat.tn\/wp-content\/uploads\/2025\/08\/technique-tube-t-1024x602.jpg 1024w, https:\/\/varat.tn\/wp-content\/uploads\/2025\/08\/technique-tube-t-300x176.jpg 300w, https:\/\/varat.tn\/wp-content\/uploads\/2025\/08\/technique-tube-t-768x452.jpg 768w, https:\/\/varat.tn\/wp-content\/uploads\/2025\/08\/technique-tube-t-1536x903.jpg 1536w, https:\/\/varat.tn\/wp-content\/uploads\/2025\/08\/technique-tube-t-2048x1204.jpg 2048w, https:\/\/varat.tn\/wp-content\/uploads\/2025\/08\/technique-tube-t-18x12.jpg 18w, https:\/\/varat.tn\/wp-content\/uploads\/2025\/08\/technique-tube-t-600x353.jpg 600w, https:\/\/varat.tn\/wp-content\/uploads\/2025\/08\/technique-tube-t-1x1.jpg 1w, https:\/\/varat.tn\/wp-content\/uploads\/2025\/08\/technique-tube-t-10x6.jpg 10w\" sizes=\"auto, (max-width: 1024px) 100vw, 1024px\" \/><p id=\"caption-attachment-6080\" class=\"wp-caption-text\">Tube LED<\/p><\/div>\n<p><strong>Tube LED <\/strong><\/p>\n<p>Polycarbonate LED Tube<\/p>\n<p>Opt for the performance and efficiency of our LED tubes with polycarbonate diffuser<\/p>\n<ul>\n<li>Power : 15W \/ 24W \/ 28W<\/li>\n<li>Efficiency: 100 lm\/W<\/li>\n<li>Available dimensions: 0.6 m and 1.2 m<\/li>\n<li>Lifespan: 25,000 hours<\/li>\n<li>Color temperature: 8000K<\/li>\n<\/ul>\n<p>Our polycarbonate LED tubes are perfect for replacing your old fluorescent tubes. Designed with a polycarbonate diffuser, they offer better light diffusion and reduce unwanted glare. Additionally, their high output and 100 Lm\/W efficiency will allow you to achieve significant energy savings.  <\/p>\n<p>Available in different power ratings (15W, 24W, 28W) and dimensions (0.6m and 1.2m), our polycarbonate LED tubes will adapt to all your lighting needs. Their 25,000-hour lifespan guarantees long-term use without the need for frequent replacement. <\/p>\n<p>Finally, their 8000K color temperature offers a cool white light ideal for professional spaces such as offices, warehouses, or retail stores. With our polycarbonate LED tubes, you will benefit from better lighting quality while reducing your energy consumption. Do not wait any longer and switch to LED today with VARAT.  <\/p>","protected":false},"excerpt":{"rendered":"<ul>\n<li>Power : 15W \/ 24W \/ 28W<\/li>\n<li>Efficiency: 100 lm\/W<\/li>\n<li>Available dimensions: 0.6 m and 1.2 m<\/li>\n<li>Lifespan: 25,000 hours<\/li>\n<li>Color temperature: 8000K<\/li>\n<\/ul>","protected":false},"featured_media":6079,"template":"","meta":[],"etheme_brands":[],"product_brand":[],"product_cat":[287,288,293,286,294,289,290],"product_tag":[295],"class_list":{"0":"post-6563","1":"product","2":"type-product","3":"status-publish","4":"has-post-thumbnail","6":"product_cat-home","7":"product_cat-hospital","8":"product_cat-led-lamps","9":"product_cat-lighting","10":"product_cat-linear-luminaires","11":"product_cat-office","12":"product_cat-usine","13":"product_tag-led","15":"first","16":"instock","17":"shipping-taxable","18":"product-type-simple"},"yoast_head":"<!-- This site is optimized with the Yoast SEO plugin v27.3 - https:\/\/yoast.com\/product\/yoast-seo-wordpress\/ -->\n<title>Tube LED - VARAT<\/title>\n<meta name=\"description\" content=\"LED tube, LED lighting, LED lamp from the T range, LED lighting solution Tunisia, reduced operational cost thanks to low energy consumption\" \/>\n<meta name=\"robots\" content=\"index, follow, max-snippet:-1, max-image-preview:large, max-video-preview:-1\" \/>\n<link rel=\"canonical\" href=\"\/en\/https:\/\/varat.tn\/en\/product\/tube-led\/\/\" \/>\n<meta property=\"og:locale\" content=\"en_US\" \/>\n<meta property=\"og:type\" content=\"article\" \/>\n<meta property=\"og:title\" content=\"T Lamp\" \/>\n<meta property=\"og:description\" content=\"T Lamp, LED lighting, LED lamp from the T range, LED - 50W - E27, 4500LM, 30W - E27, 2700LM, LED lighting solution Tunisia\" \/>\n<meta property=\"og:url\" content=\"\/en\/https:\/\/varat.tn\/en\/product\/tube-led\/\/\" \/>\n<meta property=\"og:site_name\" content=\"VARAT\" \/>\n<meta property=\"article:publisher\" content=\"https:\/\/www.facebook.com\/SOMEF.Lighting\/\" \/>\n<meta property=\"article:modified_time\" content=\"2026-04-07T12:21:30+00:00\" \/>\n<meta property=\"og:image\" content=\"https:\/\/varat.tn\/wp-content\/uploads\/2023\/08\/5-2-300x300.png\" \/>\n<meta name=\"twitter:card\" content=\"summary_large_image\" \/>\n<meta name=\"twitter:title\" content=\"T Lamp\" \/>\n<meta name=\"twitter:description\" content=\"T Lamp, LED lighting, LED lamp from the T range, LED - 50W - E27, 4500LM, 30W - E27, 2700LM, LED lighting solution Tunisia\" \/>\n<meta name=\"twitter:image\" content=\"https:\/\/varat.tn\/wp-content\/uploads\/2023\/08\/5-2.png\" \/>\n<meta name=\"twitter:label1\" content=\"Est. reading time\" \/>\n\t<meta name=\"twitter:data1\" content=\"1 minute\" \/>\n<!-- \/ Yoast SEO plugin. -->","yoast_head_json":{"title":"Tube LED - VARAT","description":"LED tube, LED lighting, LED lamp from the T range, LED lighting solution Tunisia, reduced operational cost thanks to low energy consumption","robots":{"index":"index","follow":"follow","max-snippet":"max-snippet:-1","max-image-preview":"max-image-preview:large","max-video-preview":"max-video-preview:-1"},"canonical":"\/en\/https:\/\/varat.tn\/en\/product\/tube-led\/\/","og_locale":"en_US","og_type":"article","og_title":"T Lamp","og_description":"T Lamp, LED lighting, LED lamp from the T range, LED - 50W - E27, 4500LM, 30W - E27, 2700LM, LED lighting solution Tunisia","og_url":"\/en\/https:\/\/varat.tn\/en\/product\/tube-led\/\/","og_site_name":"VARAT","article_publisher":"https:\/\/www.facebook.com\/SOMEF.Lighting\/","article_modified_time":"2026-04-07T12:21:30+00:00","og_image":[{"url":"https:\/\/varat.tn\/wp-content\/uploads\/2023\/08\/5-2-300x300.png","type":"","width":"","height":""}],"twitter_card":"summary_large_image","twitter_title":"T Lamp","twitter_description":"T Lamp, LED lighting, LED lamp from the T range, LED - 50W - E27, 4500LM, 30W - E27, 2700LM, LED lighting solution Tunisia","twitter_image":"https:\/\/varat.tn\/wp-content\/uploads\/2023\/08\/5-2.png","twitter_misc":{"Est. reading time":"1 minute"},"schema":{"@context":"https:\/\/schema.org","@graph":[{"@type":"WebPage","@id":"https:\/\/varat.tn\/en\/product\/tube-led\/","url":"https:\/\/varat.tn\/en\/product\/tube-led\/","name":"Tube LED - VARAT","isPartOf":{"@id":"https:\/\/varat.tn\/en\/#website"},"primaryImageOfPage":{"@id":"https:\/\/varat.tn\/en\/product\/tube-led\/#primaryimage"},"image":{"@id":"https:\/\/varat.tn\/en\/product\/tube-led\/#primaryimage"},"thumbnailUrl":"https:\/\/varat.tn\/wp-content\/uploads\/2025\/08\/tube-led.jpg","datePublished":"2025-08-21T12:51:47+00:00","dateModified":"2026-04-07T12:21:30+00:00","description":"LED tube, LED lighting, LED lamp from the T range, LED lighting solution Tunisia, reduced operational cost thanks to low energy consumption","breadcrumb":{"@id":"https:\/\/varat.tn\/en\/product\/tube-led\/#breadcrumb"},"inLanguage":"en-US","potentialAction":[{"@type":"ReadAction","target":["https:\/\/varat.tn\/en\/product\/tube-led\/"]}]},{"@type":"ImageObject","inLanguage":"en-US","@id":"https:\/\/varat.tn\/en\/product\/tube-led\/#primaryimage","url":"https:\/\/varat.tn\/wp-content\/uploads\/2025\/08\/tube-led.jpg","contentUrl":"https:\/\/varat.tn\/wp-content\/uploads\/2025\/08\/tube-led.jpg","width":1000,"height":1000,"caption":"LED Tube"},{"@type":"BreadcrumbList","@id":"https:\/\/varat.tn\/en\/product\/tube-led\/#breadcrumb","itemListElement":[{"@type":"ListItem","position":1,"name":"Accueil","item":"https:\/\/varat.tn\/en\/home\/"},{"@type":"ListItem","position":2,"name":"Boutique","item":"https:\/\/varat.tn\/en\/boutique\/"},{"@type":"ListItem","position":3,"name":"Tube LED"}]},{"@type":"WebSite","@id":"https:\/\/varat.tn\/en\/#website","url":"https:\/\/varat.tn\/en\/","name":"VARAT","description":"\u00e9clairage Tunisie, Transformateurs \u00e9lectriques, lampes LED, \u00e9clairage r\u00e9sidentiel, \u00e9clairage industriel, \u00e9clairage bureautique et h\u00f4pitaux, \u00e9clairage urbain","potentialAction":[{"@type":"SearchAction","target":{"@type":"EntryPoint","urlTemplate":"https:\/\/varat.tn\/en\/?s={search_term_string}"},"query-input":{"@type":"PropertyValueSpecification","valueRequired":true,"valueName":"search_term_string"}}],"inLanguage":"en-US"}]}},"_links":{"self":[{"href":"https:\/\/varat.tn\/en\/wp-json\/wp\/v2\/product\/6563","targetHints":{"allow":["GET"]}}],"collection":[{"href":"https:\/\/varat.tn\/en\/wp-json\/wp\/v2\/product"}],"about":[{"href":"https:\/\/varat.tn\/en\/wp-json\/wp\/v2\/types\/product"}],"version-history":[{"count":1,"href":"https:\/\/varat.tn\/en\/wp-json\/wp\/v2\/product\/6563\/revisions"}],"predecessor-version":[{"id":6565,"href":"https:\/\/varat.tn\/en\/wp-json\/wp\/v2\/product\/6563\/revisions\/6565"}],"wp:featuredmedia":[{"embeddable":true,"href":"https:\/\/varat.tn\/en\/wp-json\/wp\/v2\/media\/6079"}],"wp:attachment":[{"href":"https:\/\/varat.tn\/en\/wp-json\/wp\/v2\/media?parent=6563"}],"wp:term":[{"taxonomy":"brand","embeddable":true,"href":"https:\/\/varat.tn\/en\/wp-json\/wp\/v2\/etheme_brands?post=6563"},{"taxonomy":"product_brand","embeddable":true,"href":"https:\/\/varat.tn\/en\/wp-json\/wp\/v2\/product_brand?post=6563"},{"taxonomy":"product_cat","embeddable":true,"href":"https:\/\/varat.tn\/en\/wp-json\/wp\/v2\/product_cat?post=6563"},{"taxonomy":"product_tag","embeddable":true,"href":"https:\/\/varat.tn\/en\/wp-json\/wp\/v2\/product_tag?post=6563"}],"curies":[{"name":"wp","href":"https:\/\/api.w.org\/{rel}","templated":true}]}}