{"id":6562,"date":"2026-03-05T15:44:59","date_gmt":"2026-03-05T14:44:59","guid":{"rendered":"https:\/\/varat.tn\/produit\/helios\/"},"modified":"2026-03-05T15:44:59","modified_gmt":"2026-03-05T14:44:59","slug":"helios","status":"publish","type":"product","link":"https:\/\/varat.tn\/en\/product\/helios\/","title":{"rendered":"HELIOS"},"content":{"rendered":"<h3 class=\"font-semibold pdf-heading-class-replace pb-xxs text-lg leading-[30px] [&amp;:not(:first-child)]:pt-[15px] [&amp;_.underline]:underline-offset-[6px] [&amp;_a]:underline-offset-[6px]\">HELIOS Industrial Fitting &#8211; Performance and Reliability for Your Spaces<\/h3>\n<p class=\"mb-3 text-sm last:mb-0\">Discover the <strong class=\"font-semibold\">HELIOS Industrial Fitting<\/strong> by VARAT, lighting designed to meet the most demanding needs in industrial environments. Specially engineered to deliver <strong class=\"font-semibold\">durability, efficiency<\/strong>, and <strong class=\"font-semibold\">versatility<\/strong>, this lighting solution combines performance and robustness for optimal output. <\/p>\n<h4 class=\"font-semibold pdf-heading-class-replace pb-xxs text-md leading-[24px] [&amp;:not(:first-child)]:pt-xl [&amp;_.underline]:underline-offset-[6px] [&amp;_a]:underline-offset-[6px]\">Key Features:<\/h4>\n<ul class=\"list-inside list-disc py-1.5 pl-5xl text-sm [&amp;_ol]:py-0 [&amp;_ol]:pl-4 [&amp;_ul]:py-0 [&amp;_ul]:pl-4\">\n<li class=\"[&amp;&gt;p]:inline\"><strong class=\"font-semibold\">Optimal protection<\/strong>: Resistant to dust and water thanks to its IP65 rating and protected against impacts with an <strong class=\"font-semibold\">IK08<\/strong> rating.<\/li>\n<li class=\"[&amp;&gt;p]:inline\">Exceptional longevity: A lifespan of <strong class=\"font-semibold\">50,000 hours<\/strong> to reduce your maintenance needs.<\/li>\n<li class=\"[&amp;&gt;p]:inline\"><strong class=\"font-semibold\">Remarkable luminous efficacy<\/strong>: Illuminate your spaces with a performance of <strong class=\"font-semibold\">150 Lm\/W<\/strong> and a natural white light of <strong class=\"font-semibold\">6000K<\/strong>, ideal for professional environments.<\/li>\n<li class=\"[&amp;&gt;p]:inline\"><strong class=\"font-semibold\">Installation flexibility<\/strong>: Can be mounted on the <strong class=\"font-semibold\">ceiling<\/strong> or suspended according to your needs.<\/li>\n<li class=\"[&amp;&gt;p]:inline\"><strong class=\"font-semibold\">Optimized beam angle<\/strong>: A <strong class=\"font-semibold\">90\u00b0<\/strong> angle for targeted and efficient light distribution.<\/li>\n<li class=\"[&amp;&gt;p]:inline\"><strong class=\"font-semibold\">Advanced control<\/strong>: Compatible with <strong class=\"font-semibold\">0-10V dimmable<\/strong> dimming systems to adjust lighting according to your preferences.<\/li>\n<li class=\"[&amp;&gt;p]:inline\"><strong class=\"font-semibold\">Quality assurance<\/strong>: Peace of mind guaranteed with a <strong class=\"font-semibold\">5-year warranty<\/strong>.<\/li>\n<\/ul>\n<h4 class=\"font-semibold pdf-heading-class-replace pb-xxs text-md leading-[24px] [&amp;:not(:first-child)]:pt-xl [&amp;_.underline]:underline-offset-[6px] [&amp;_a]:underline-offset-[6px]\">Available models :<\/h4>\n<ul class=\"list-inside list-disc py-1.5 pl-5xl text-sm [&amp;_ol]:py-0 [&amp;_ol]:pl-4 [&amp;_ul]:py-0 [&amp;_ul]:pl-4\">\n<li class=\"[&amp;&gt;p]:inline\"><strong class=\"font-semibold\">AIH40-R100-6K<\/strong> : Power <strong class=\"font-semibold\">100W<\/strong> \u2013 Dimensions <strong class=\"font-semibold\">111x146x260mm<\/strong><\/li>\n<li class=\"[&amp;&gt;p]:inline\"><strong class=\"font-semibold\">AIH40-R150-6K<\/strong> : Power <strong class=\"font-semibold\">150W<\/strong> \u2013 Dimensions <strong class=\"font-semibold\">111x146x260mm<\/strong><\/li>\n<li class=\"[&amp;&gt;p]:inline\"><strong class=\"font-semibold\">AIH40-R200-6K<\/strong> : Power <strong class=\"font-semibold\">200W<\/strong> \u2013 Dimensions <strong class=\"font-semibold\">122x157x306mm<\/strong><\/li>\n<\/ul>\n<p class=\"mb-3 text-sm last:mb-0\">Designed with a <strong class=\"font-semibold\">Sosen driver<\/strong> power supply, the HELIOS fitting guarantees uncompromising reliability, while meeting the highest standards of energy performance.<\/p>\n<h3 class=\"font-semibold pdf-heading-class-replace pb-xxs text-lg leading-[30px] [&amp;:not(:first-child)]:pt-[15px] [&amp;_.underline]:underline-offset-[6px] [&amp;_a]:underline-offset-[6px]\">Switch to the industrial lighting of tomorrow.<\/h3>\n<p class=\"mb-3 text-sm last:mb-0\">Choose the <strong class=\"font-semibold\">HELIOS Fitting<\/strong> to optimize your spaces with efficiency and peace of mind. Order today and benefit from lasting performance designed for professionals. <\/p>\n<p>&nbsp;<\/p>\n","protected":false},"excerpt":{"rendered":"<p>IP65<br \/>\nIK08<br \/>\n<strong>Lifespan<\/strong>: 50,000H<br \/>\n<strong>Power supply<\/strong>: Sosen driver<br \/>\n<strong>Luminous Efficacy<\/strong>: 150 Lm\/W<br \/>\n<strong>Color Temperature<\/strong>: 6000K<br \/>\n<strong>Installation type<\/strong>: Ceiling mounted &#8211; Suspended<br \/>\nBeam Angle 90\u00b0<br \/>\nDimmable 0-10W<br \/>\n<strong>WARRANTY<\/strong>: 5 years<\/p>\n<p><a target=\"_self\" class=\"btn  small\" href=\"https:\/\/varat.tn\/wp-content\/uploads\/2026\/03\/fiche-technique-HELIOS-4.pdf\"><span> Datasheet<\/span><\/a><\/p>","protected":false},"featured_media":6185,"template":"","meta":[],"etheme_brands":[],"product_brand":[],"product_cat":[287,288,291,286,289,290],"product_tag":[292],"class_list":{"0":"post-6562","1":"product","2":"type-product","3":"status-publish","4":"has-post-thumbnail","6":"product_cat-home","7":"product_cat-hospital","8":"product_cat-industrial-fixtures","9":"product_cat-lighting","10":"product_cat-office","11":"product_cat-usine","12":"product_tag-helios","14":"first","15":"instock","16":"shipping-taxable","17":"product-type-simple"},"yoast_head":"<!-- This site is optimized with the Yoast SEO plugin v27.3 - https:\/\/yoast.com\/product\/yoast-seo-wordpress\/ -->\n<title>HELIOS - VARAT<\/title>\n<meta name=\"description\" content=\"HELIOS, industrial lighting, industrial fitting from the HELIOS brand, Lifespan: 50,000H, Power supply: Sosen driver, Luminous Efficacy: 150 Lm\/W\" \/>\n<meta name=\"robots\" content=\"index, follow, max-snippet:-1, max-image-preview:large, max-video-preview:-1\" \/>\n<link rel=\"canonical\" href=\"\/en\/https:\/\/varat.tn\/en\/product\/helios\/\/\" \/>\n<meta property=\"og:locale\" content=\"en_US\" \/>\n<meta property=\"og:type\" content=\"article\" \/>\n<meta property=\"og:title\" content=\"TRILED\" \/>\n<meta property=\"og:description\" content=\"TRILED, emergency lighting by Somef Lighting, emergency lighting Tunisia, Polycarbonate body, Transparent polycarbonate diffuser\" \/>\n<meta property=\"og:url\" content=\"\/en\/https:\/\/varat.tn\/en\/product\/helios\/\/\" \/>\n<meta property=\"og:site_name\" content=\"VARAT\" \/>\n<meta property=\"article:publisher\" content=\"https:\/\/www.facebook.com\/SOMEF.Lighting\/\" \/>\n<meta property=\"og:image\" content=\"https:\/\/varat.tn\/wp-content\/uploads\/2023\/07\/2-3-300x300.png\" \/>\n<meta name=\"twitter:card\" content=\"summary_large_image\" \/>\n<meta name=\"twitter:title\" content=\"TRILED\" \/>\n<meta name=\"twitter:description\" content=\"TRILED, emergency lighting by Somef Lighting, emergency lighting Tunisia, Polycarbonate body, Transparent polycarbonate diffuser\" \/>\n<meta name=\"twitter:image\" content=\"https:\/\/varat.tn\/wp-content\/uploads\/2023\/07\/2-3.png\" \/>\n<meta name=\"twitter:label1\" content=\"Est. reading time\" \/>\n\t<meta name=\"twitter:data1\" content=\"1 minute\" \/>\n<!-- \/ Yoast SEO plugin. -->","yoast_head_json":{"title":"HELIOS - VARAT","description":"HELIOS, industrial lighting, industrial fitting from the HELIOS brand, Lifespan: 50,000H, Power supply: Sosen driver, Luminous Efficacy: 150 Lm\/W","robots":{"index":"index","follow":"follow","max-snippet":"max-snippet:-1","max-image-preview":"max-image-preview:large","max-video-preview":"max-video-preview:-1"},"canonical":"\/en\/https:\/\/varat.tn\/en\/product\/helios\/\/","og_locale":"en_US","og_type":"article","og_title":"TRILED","og_description":"TRILED, emergency lighting by Somef Lighting, emergency lighting Tunisia, Polycarbonate body, Transparent polycarbonate diffuser","og_url":"\/en\/https:\/\/varat.tn\/en\/product\/helios\/\/","og_site_name":"VARAT","article_publisher":"https:\/\/www.facebook.com\/SOMEF.Lighting\/","og_image":[{"url":"https:\/\/varat.tn\/wp-content\/uploads\/2023\/07\/2-3-300x300.png","type":"","width":"","height":""}],"twitter_card":"summary_large_image","twitter_title":"TRILED","twitter_description":"TRILED, emergency lighting by Somef Lighting, emergency lighting Tunisia, Polycarbonate body, Transparent polycarbonate diffuser","twitter_image":"https:\/\/varat.tn\/wp-content\/uploads\/2023\/07\/2-3.png","twitter_misc":{"Est. reading time":"1 minute"},"schema":{"@context":"https:\/\/schema.org","@graph":[{"@type":"WebPage","@id":"https:\/\/varat.tn\/en\/product\/helios\/","url":"https:\/\/varat.tn\/en\/product\/helios\/","name":"HELIOS - VARAT","isPartOf":{"@id":"https:\/\/varat.tn\/en\/#website"},"primaryImageOfPage":{"@id":"https:\/\/varat.tn\/en\/product\/helios\/#primaryimage"},"image":{"@id":"https:\/\/varat.tn\/en\/product\/helios\/#primaryimage"},"thumbnailUrl":"https:\/\/varat.tn\/wp-content\/uploads\/2026\/03\/helios.jpg","datePublished":"2026-03-05T14:44:59+00:00","description":"HELIOS, industrial lighting, industrial fitting from the HELIOS brand, Lifespan: 50,000H, Power supply: Sosen driver, Luminous Efficacy: 150 Lm\/W","breadcrumb":{"@id":"https:\/\/varat.tn\/en\/product\/helios\/#breadcrumb"},"inLanguage":"en-US","potentialAction":[{"@type":"ReadAction","target":["https:\/\/varat.tn\/en\/product\/helios\/"]}]},{"@type":"ImageObject","inLanguage":"en-US","@id":"https:\/\/varat.tn\/en\/product\/helios\/#primaryimage","url":"https:\/\/varat.tn\/wp-content\/uploads\/2026\/03\/helios.jpg","contentUrl":"https:\/\/varat.tn\/wp-content\/uploads\/2026\/03\/helios.jpg","width":1085,"height":1085,"caption":"Helios Highbay"},{"@type":"BreadcrumbList","@id":"https:\/\/varat.tn\/en\/product\/helios\/#breadcrumb","itemListElement":[{"@type":"ListItem","position":1,"name":"Accueil","item":"https:\/\/varat.tn\/en\/home\/"},{"@type":"ListItem","position":2,"name":"Boutique","item":"https:\/\/varat.tn\/en\/boutique\/"},{"@type":"ListItem","position":3,"name":"HELIOS"}]},{"@type":"WebSite","@id":"https:\/\/varat.tn\/en\/#website","url":"https:\/\/varat.tn\/en\/","name":"VARAT","description":"\u00e9clairage Tunisie, Transformateurs \u00e9lectriques, lampes LED, \u00e9clairage r\u00e9sidentiel, \u00e9clairage industriel, \u00e9clairage bureautique et h\u00f4pitaux, \u00e9clairage urbain","potentialAction":[{"@type":"SearchAction","target":{"@type":"EntryPoint","urlTemplate":"https:\/\/varat.tn\/en\/?s={search_term_string}"},"query-input":{"@type":"PropertyValueSpecification","valueRequired":true,"valueName":"search_term_string"}}],"inLanguage":"en-US"}]}},"_links":{"self":[{"href":"https:\/\/varat.tn\/en\/wp-json\/wp\/v2\/product\/6562","targetHints":{"allow":["GET"]}}],"collection":[{"href":"https:\/\/varat.tn\/en\/wp-json\/wp\/v2\/product"}],"about":[{"href":"https:\/\/varat.tn\/en\/wp-json\/wp\/v2\/types\/product"}],"version-history":[{"count":0,"href":"https:\/\/varat.tn\/en\/wp-json\/wp\/v2\/product\/6562\/revisions"}],"wp:featuredmedia":[{"embeddable":true,"href":"https:\/\/varat.tn\/en\/wp-json\/wp\/v2\/media\/6185"}],"wp:attachment":[{"href":"https:\/\/varat.tn\/en\/wp-json\/wp\/v2\/media?parent=6562"}],"wp:term":[{"taxonomy":"brand","embeddable":true,"href":"https:\/\/varat.tn\/en\/wp-json\/wp\/v2\/etheme_brands?post=6562"},{"taxonomy":"product_brand","embeddable":true,"href":"https:\/\/varat.tn\/en\/wp-json\/wp\/v2\/product_brand?post=6562"},{"taxonomy":"product_cat","embeddable":true,"href":"https:\/\/varat.tn\/en\/wp-json\/wp\/v2\/product_cat?post=6562"},{"taxonomy":"product_tag","embeddable":true,"href":"https:\/\/varat.tn\/en\/wp-json\/wp\/v2\/product_tag?post=6562"}],"curies":[{"name":"wp","href":"https:\/\/api.w.org\/{rel}","templated":true}]}}