{"id":6521,"date":"2024-05-07T15:45:45","date_gmt":"2024-05-07T14:45:45","guid":{"rendered":"https:\/\/varat.tn\/products\/lighting\/garden-bollard\/"},"modified":"2026-04-03T09:39:56","modified_gmt":"2026-04-03T08:39:56","slug":"garden-bollard","status":"publish","type":"page","link":"https:\/\/varat.tn\/en\/products\/lighting\/garden-bollard\/","title":{"rendered":"Garden Bollard"},"content":{"rendered":"<div data-elementor-type=\"wp-page\" data-elementor-id=\"6521\" class=\"elementor elementor-6521\" data-elementor-settings=\"{&quot;ha_cmc_init_switcher&quot;:&quot;no&quot;}\" data-elementor-post-type=\"page\">\n\t\t\t\t\t\t<section class=\"elementor-section elementor-top-section elementor-element elementor-element-dd9506c elementor-section-full_width elementor-section-stretched elementor-section-height-default elementor-section-height-default\" data-id=\"dd9506c\" data-element_type=\"section\" data-e-type=\"section\" data-settings=\"{&quot;background_background&quot;:&quot;classic&quot;,&quot;stretch_section&quot;:&quot;section-stretched&quot;,&quot;_ha_eqh_enable&quot;:false}\">\n\t\t\t\t\t\t<div class=\"elementor-container elementor-column-gap-default\">\n\t\t\t\t\t<div class=\"elementor-column elementor-col-100 elementor-top-column elementor-element elementor-element-d2e5872\" data-id=\"d2e5872\" data-element_type=\"column\" data-e-type=\"column\">\n\t\t\t<div class=\"elementor-widget-wrap elementor-element-populated\">\n\t\t\t\t\t\t<div class=\"elementor-element elementor-element-5c6ecaa elementor-widget elementor-widget-heading\" data-id=\"5c6ecaa\" data-element_type=\"widget\" data-e-type=\"widget\" data-widget_type=\"heading.default\">\n\t\t\t\t<div class=\"elementor-widget-container\">\n\t\t\t\t\t<h2 class=\"elementor-heading-title elementor-size-default\">Garden Bollard<\/h2>\t\t\t\t<\/div>\n\t\t\t\t<\/div>\n\t\t\t\t\t<\/div>\n\t\t<\/div>\n\t\t\t\t\t<\/div>\n\t\t<\/section>\n\t\t\t\t<section class=\"elementor-section elementor-top-section elementor-element elementor-element-9b84863 elementor-section-boxed elementor-section-height-default elementor-section-height-default\" data-id=\"9b84863\" data-element_type=\"section\" data-e-type=\"section\" data-settings=\"{&quot;_ha_eqh_enable&quot;:false}\">\n\t\t\t\t\t\t<div class=\"elementor-container elementor-column-gap-default\">\n\t\t\t\t\t<div class=\"elementor-column elementor-col-100 elementor-top-column elementor-element elementor-element-1c0e898\" data-id=\"1c0e898\" data-element_type=\"column\" data-e-type=\"column\">\n\t\t\t<div class=\"elementor-widget-wrap elementor-element-populated\">\n\t\t\t\t\t\t<div class=\"elementor-element elementor-element-4c9b91b elementor-widget elementor-widget-etheme_advanced_headline\" data-id=\"4c9b91b\" data-element_type=\"widget\" data-e-type=\"widget\" data-widget_type=\"etheme_advanced_headline.default\">\n\t\t\t\t<div class=\"elementor-widget-container\">\n\t\t\t\t\t        \n        <div class=\"etheme-a-h-wrapper elementor-align-center etheme-a-h-line-both etheme-a-h-line-before etheme-a-h-line-after\">\n        \n            \n\t\t\t\n        <h2 class=\"etheme-advanced-headline\">\n\n            Garden Bollard\n        <\/h2>\n\t\t\n                            <p class=\"etheme-a-h-text-after\">\n                    Whether you are looking for a wall light to illuminate your entrance, living room, or bedroom, we have what you need.                <\/p>\n                    \n        <\/div>\n        \n\t\t\t\t\t\t<\/div>\n\t\t\t\t<\/div>\n\t\t\t\t<div class=\"elementor-element elementor-element-3d3d343 elementor-widget elementor-widget-text-editor\" data-id=\"3d3d343\" data-element_type=\"widget\" data-e-type=\"widget\" data-widget_type=\"text-editor.default\">\n\t\t\t\t<div class=\"elementor-widget-container\">\n\t\t\t\t\t\t\t\t\t<p>At VARAT, we offer garden bollards to illuminate your gardens.<\/p><p>Whether you are looking for a sleek and modern option or a more rustic and traditional one, we have what you need.<\/p><p>Our garden bollards are crafted from premium materials such as aluminum, stainless steel, and tempered glass to ensure long-term durability.<\/p><p>They are also equipped with LEDs for reduced energy consumption while providing bright and efficient lighting.<\/p><p>In addition to being practical, our garden bollards add an aesthetic touch to your outdoor space.<\/p><p>For elegant and functional outdoor lighting, choose VARAT garden bollards.<\/p><p>Visit our website now to discover our complete selection and find the one that perfectly suits your outdoor space.<\/p><h2>What are the criteria for choosing a garden bollard?<\/h2><p>When choosing a garden bollard, it is important to take certain criteria into account to find the ideal model for your outdoor space. First and foremost, it is essential to consider the aesthetics and style of the bollard so that it blends perfectly with your outdoor decor. <\/p><p>Next, you should also analyze the quality of the materials used in its manufacturing. As mentioned previously, at VARAT, we use durable materials such as aluminum, stainless steel, and tempered glass to guarantee a long lifespan for our bollards. <\/p><p>Another important criterion is the functionality of the bollard. Do you want a fixed or adjustable light? RGB lighting options to create a colorful ambiance in your garden? At VARAT, we offer a wide range of features to meet all your outdoor lighting needs.   <\/p><p>Finally, it is crucial to consider the durability and weather resistance of the garden bollard. Our bollards are specially designed to withstand the most challenging weather conditions, so that you can enjoy them to the fullest. <\/p><h2>How to maintain a garden bollard?<\/h2><p> It is recommended to regularly clean the surface of the bollard with a soft cloth and soapy water. Avoid using chemical or abrasive products that could damage the appearance of the bollard. <\/p><p>Check that the bulbs are functioning properly and replace them if necessary. Also make sure that the electrical cables are not damaged. <\/p><p>If you notice any signs of corrosion or wear, do not hesitate to contact our customer service for assistance.<\/p><p>By following these few simple tips, you will be able to enjoy your garden bollard for many years. At VARAT, we are proud to provide durable and easy-to-maintain products to satisfy our most demanding customers. <\/p>\t\t\t\t\t\t\t\t<\/div>\n\t\t\t\t<\/div>\n\t\t\t\t\t<\/div>\n\t\t<\/div>\n\t\t\t\t\t<\/div>\n\t\t<\/section>\n\t\t\t\t<section class=\"elementor-section elementor-top-section elementor-element elementor-element-31e1315 elementor-section-boxed elementor-section-height-default elementor-section-height-default\" data-id=\"31e1315\" data-element_type=\"section\" data-e-type=\"section\" data-settings=\"{&quot;_ha_eqh_enable&quot;:false}\">\n\t\t\t\t\t\t<div class=\"elementor-container elementor-column-gap-default\">\n\t\t\t\t\t<div class=\"elementor-column elementor-col-100 elementor-top-column elementor-element elementor-element-bb690aa\" data-id=\"bb690aa\" data-element_type=\"column\" data-e-type=\"column\">\n\t\t\t<div class=\"elementor-widget-wrap elementor-element-populated\">\n\t\t\t\t\t\t<div class=\"elementor-element elementor-element-5991fce elementor-widget elementor-widget-etheme_advanced_headline\" data-id=\"5991fce\" data-element_type=\"widget\" data-e-type=\"widget\" data-widget_type=\"etheme_advanced_headline.default\">\n\t\t\t\t<div class=\"elementor-widget-container\">\n\t\t\t\t\t        \n        <div class=\"etheme-a-h-wrapper elementor-align-center etheme-a-h-line-both etheme-a-h-line-before etheme-a-h-line-after\">\n        \n                            <span class=\"etheme-a-h-text-before\">\n                    A selection of our products                <\/span>\n            \n\t\t\t\n        <h2 class=\"etheme-advanced-headline\">\n\n            Garden Bollards\n        <\/h2>\n\t\t\n                            <p class=\"etheme-a-h-text-after\">\n                    A wide choice is available at VARAT; simply follow the link below.                <\/p>\n                    \n        <\/div>\n        \n\t\t\t\t\t\t<\/div>\n\t\t\t\t<\/div>\n\t\t\t\t<div class=\"elementor-element elementor-element-8fd7776 elementor-widget elementor-widget-etheme_product_carousel\" data-id=\"8fd7776\" data-element_type=\"widget\" data-e-type=\"widget\" data-settings=\"{&quot;slides_per_view&quot;:&quot;3&quot;,&quot;autoplay&quot;:&quot;yes&quot;,&quot;space_between&quot;:{&quot;unit&quot;:&quot;px&quot;,&quot;size&quot;:20,&quot;sizes&quot;:[]},&quot;space_between_tablet&quot;:{&quot;unit&quot;:&quot;px&quot;,&quot;size&quot;:&quot;&quot;,&quot;sizes&quot;:[]},&quot;space_between_mobile&quot;:{&quot;unit&quot;:&quot;px&quot;,&quot;size&quot;:&quot;&quot;,&quot;sizes&quot;:[]},&quot;loop&quot;:&quot;yes&quot;,&quot;autoplay_speed&quot;:5000,&quot;pause_on_hover&quot;:&quot;yes&quot;,&quot;pause_on_interaction&quot;:&quot;yes&quot;,&quot;navigation&quot;:&quot;arrows&quot;}\" data-widget_type=\"etheme_product_carousel.default\">\n\t\t\t\t<div class=\"elementor-widget-container\">\n\t\t\t\t\t<div class=\"woocommerce-info\">No products were found matching your selection.<\/div>\t\t\t\t<\/div>\n\t\t\t\t<\/div>\n\t\t\t\t<div class=\"elementor-element elementor-element-3af9939 elementor-align-center elementor-widget elementor-widget-button\" data-id=\"3af9939\" data-element_type=\"widget\" data-e-type=\"widget\" data-widget_type=\"button.default\">\n\t\t\t\t<div class=\"elementor-widget-container\">\n\t\t\t\t\t\t\t\t\t<div class=\"elementor-button-wrapper\">\n\t\t\t\t\t<a class=\"elementor-button elementor-button-link elementor-size-sm\" href=\"https:\/\/varat.tn\/en\/product-category\/eclairage\/bornes-de-jardin-eclairage\/\">\n\t\t\t\t\t\t<span class=\"elementor-button-content-wrapper\">\n\t\t\t\t\t\t\t\t\t<span class=\"elementor-button-text\">See +<\/span>\n\t\t\t\t\t<\/span>\n\t\t\t\t\t<\/a>\n\t\t\t\t<\/div>\n\t\t\t\t\t\t\t\t<\/div>\n\t\t\t\t<\/div>\n\t\t\t\t\t<\/div>\n\t\t<\/div>\n\t\t\t\t\t<\/div>\n\t\t<\/section>\n\t\t\t\t<section class=\"elementor-section elementor-top-section elementor-element elementor-element-35e61bc2 elementor-section-boxed elementor-section-height-default elementor-section-height-default\" data-id=\"35e61bc2\" data-element_type=\"section\" data-e-type=\"section\" data-settings=\"{&quot;_ha_eqh_enable&quot;:false}\">\n\t\t\t\t\t\t<div class=\"elementor-container elementor-column-gap-default\">\n\t\t\t\t\t<div class=\"elementor-column elementor-col-100 elementor-top-column elementor-element elementor-element-3c8247f2\" data-id=\"3c8247f2\" data-element_type=\"column\" data-e-type=\"column\">\n\t\t\t<div class=\"elementor-widget-wrap elementor-element-populated\">\n\t\t\t\t\t\t<div class=\"elementor-element elementor-element-52442d6f elementor-widget elementor-widget-etheme_advanced_headline\" data-id=\"52442d6f\" data-element_type=\"widget\" data-e-type=\"widget\" data-widget_type=\"etheme_advanced_headline.default\">\n\t\t\t\t<div class=\"elementor-widget-container\">\n\t\t\t\t\t        \n        <div class=\"etheme-a-h-wrapper elementor-align-center etheme-a-h-line-both etheme-a-h-line-before etheme-a-h-line-after\">\n        \n            \n\t\t\t\n        <h2 class=\"etheme-advanced-headline\">\n\n            Other products\n        <\/h2>\n\t\t\n                            <p class=\"etheme-a-h-text-after\">\n                    Here is a selection of our other products at VARAT                <\/p>\n                    \n        <\/div>\n        \n\t\t\t\t\t\t<\/div>\n\t\t\t\t<\/div>\n\t\t\t\t<div class=\"elementor-element elementor-element-433d3f5a elementor-widget elementor-widget-etheme_slides\" data-id=\"433d3f5a\" data-element_type=\"widget\" data-e-type=\"widget\" data-settings=\"{&quot;slides_per_view&quot;:&quot;3&quot;,&quot;loop&quot;:&quot;yes&quot;,&quot;autoplay&quot;:&quot;yes&quot;,&quot;autoplay_speed&quot;:3000,&quot;effect&quot;:&quot;slide&quot;,&quot;space_between&quot;:{&quot;unit&quot;:&quot;px&quot;,&quot;size&quot;:20,&quot;sizes&quot;:[]},&quot;space_between_tablet&quot;:{&quot;unit&quot;:&quot;px&quot;,&quot;size&quot;:&quot;&quot;,&quot;sizes&quot;:[]},&quot;space_between_mobile&quot;:{&quot;unit&quot;:&quot;px&quot;,&quot;size&quot;:&quot;&quot;,&quot;sizes&quot;:[]},&quot;pause_on_hover&quot;:&quot;yes&quot;,&quot;pause_on_interaction&quot;:&quot;yes&quot;,&quot;navigation&quot;:&quot;arrows&quot;}\" data-widget_type=\"etheme_slides.default\">\n\t\t\t\t<div class=\"elementor-widget-container\">\n\t\t\t\t\t        <div class=\"etheme-elementor-swiper-entry swiper-entry middle-inbox arrows-always\">\n            <div class=\"swiper etheme-elementor-slider swiper-container-main\" dir=\"ltr\" data-animation=\"fadeInRight\">\n                <div class=\"swiper-wrapper etheme-elementor-slides\">\n\t\t\t\t\t\t\t\t\t\t<div class=\"elementor-repeater-item-587b10b swiper-slide\"><div class=\"swiper-slide-bg\" style=\"background-image: url(https:\/\/varat.tn\/wp-content\/uploads\/2024\/08\/appliques-murales.jpg);\"><\/div><div class=\"swiper-slide-inner\" ><div class=\"swiper-slide-contents\"><div class=\"etheme-slide-heading\">Wall Lights<\/div><div class=\"etheme-slide-description\">Wall lights feature unique designs and superior quality<\/div><a href=\"https:\/\/varat.tn\/en\/products\/lighting\/garden-bollard\/\" class=\"elementor-button etheme-slide-button elementor-size-sm\">Learn more +<\/a><\/div><\/div><\/div><div class=\"elementor-repeater-item-095118e swiper-slide\"><div class=\"swiper-slide-bg\" style=\"background-image: url(https:\/\/varat.tn\/wp-content\/uploads\/2024\/08\/hublots.jpg);\"><\/div><div class=\"swiper-slide-inner\" ><div class=\"swiper-slide-contents\"><div class=\"etheme-slide-heading\">Decorative bulkheads<\/div><div class=\"etheme-slide-description\">Our decorative bulkhead lights combine lighting efficiency, safety, and durability.<\/div><a href=\"https:\/\/varat.tn\/en\/produits\/eclairage\/eclairage-hublots\/\" class=\"elementor-button etheme-slide-button elementor-size-sm\">Learn more +<\/a><\/div><\/div><\/div><div class=\"elementor-repeater-item-009490a swiper-slide\"><div class=\"swiper-slide-bg\" style=\"background-image: url(https:\/\/varat.tn\/wp-content\/uploads\/2024\/08\/balisage.jpg);\"><\/div><div class=\"swiper-slide-inner\" ><div class=\"swiper-slide-contents\"><div class=\"etheme-slide-heading\">Marker lights<\/div><div class=\"etheme-slide-description\">For aesthetic, modern wayfinding<\/div><a href=\"https:\/\/varat.tn\/en\/produits\/eclairage\/luminaire-de-balisage\/\" class=\"elementor-button etheme-slide-button elementor-size-sm\">Learn more +<\/a><\/div><\/div><\/div><div class=\"elementor-repeater-item-9765eb8 swiper-slide\"><div class=\"swiper-slide-bg\" style=\"background-image: url(https:\/\/varat.tn\/wp-content\/uploads\/2024\/08\/ruban-led.jpg);\"><\/div><div class=\"swiper-slide-inner\" ><div class=\"swiper-slide-contents\"><div class=\"etheme-slide-heading\">LED strip<\/div><div class=\"etheme-slide-description\">Your go-to choice for LED strips in Tunisia!<\/div><a href=\"https:\/\/varat.tn\/en\/produits\/eclairage\/ruban-led\/\" class=\"elementor-button etheme-slide-button elementor-size-sm\">Learn more +<\/a><\/div><\/div><\/div><div class=\"elementor-repeater-item-ec13985 swiper-slide\"><div class=\"swiper-slide-bg\" style=\"background-image: url(https:\/\/varat.tn\/wp-content\/uploads\/2024\/08\/public.jpg);\"><\/div><div class=\"swiper-slide-inner\" ><div class=\"swiper-slide-contents\"><div class=\"etheme-slide-heading\">Public lighting<\/div><div class=\"etheme-slide-description\">For efficient, high-performance public lighting!<\/div><a href=\"https:\/\/varat.tn\/en\/produits\/eclairage\/eclairage-urbain-et-public\/\" class=\"elementor-button etheme-slide-button elementor-size-sm\">Learn more +<\/a><\/div><\/div><\/div><div class=\"elementor-repeater-item-25d776d swiper-slide\"><div class=\"swiper-slide-bg\" style=\"background-image: url(https:\/\/varat.tn\/wp-content\/uploads\/2024\/08\/secu.jpg);\"><\/div><div class=\"swiper-slide-inner\" ><div class=\"swiper-slide-contents\"><div class=\"etheme-slide-heading\">Emergency lighting units<\/div><div class=\"etheme-slide-description\">At Somef Lighting, we offer a wide range of emergency lighting products<\/div><a href=\"https:\/\/varat.tn\/en\/produits\/eclairage\/eclairage-de-securite\/\" class=\"elementor-button etheme-slide-button elementor-size-sm\">Learn more +<\/a><\/div><\/div><\/div>\t\t\t\t<\/div>\n                \n                \t\t<div class=\"swiper-button-prev swiper-custom-left et-swiper-elementor-nav type-arrow style-2\"><\/div>\n\t\t<div class=\"swiper-button-next swiper-custom-right et-swiper-elementor-nav type-arrow style-2\"><\/div>\n\t\t\t\t\t<\/div>\n\t\n\t                 \n\t\t<\/div>\n\t\t\t\t\t\t<\/div>\n\t\t\t\t<\/div>\n\t\t\t\t\t<\/div>\n\t\t<\/div>\n\t\t\t\t\t<\/div>\n\t\t<\/section>\n\t\t\t\t<\/div>","protected":false},"excerpt":{"rendered":"<p>Garden Bollard Garden Bollard Whether you are looking for a wall light to illuminate your entrance, living room, or bedroom, we have what you need&#8230;.<\/p>","protected":false},"author":4,"featured_media":0,"parent":6374,"menu_order":0,"comment_status":"closed","ping_status":"closed","template":"","meta":{"footnotes":""},"class_list":["post-6521","page","type-page","status-publish","hentry"],"yoast_head":"<!-- This site is optimized with the Yoast SEO plugin v27.3 - https:\/\/yoast.com\/product\/yoast-seo-wordpress\/ -->\n<title>Garden Bollard - VARAT<\/title>\n<meta name=\"description\" content=\"Garden Bollard, we offer garden bollards to illuminate your gardens, garden bollards Tunisia, outdoor lighting solution\" \/>\n<meta name=\"robots\" content=\"index, follow, max-snippet:-1, max-image-preview:large, max-video-preview:-1\" \/>\n<link rel=\"canonical\" href=\"\/en\/https:\/\/varat.tn\/en\/products\/lighting\/garden-bollard\/\/\" \/>\n<meta property=\"og:locale\" content=\"en_US\" \/>\n<meta property=\"og:type\" content=\"article\" \/>\n<meta property=\"og:title\" content=\"Garden Bollard - VARAT\" \/>\n<meta property=\"og:description\" content=\"Garden Bollard, we offer garden bollards to illuminate your gardens, garden bollards Tunisia, outdoor lighting solution\" \/>\n<meta property=\"og:url\" content=\"\/en\/https:\/\/varat.tn\/en\/products\/lighting\/garden-bollard\/\/\" \/>\n<meta property=\"og:site_name\" content=\"VARAT\" \/>\n<meta property=\"article:publisher\" content=\"https:\/\/www.facebook.com\/SOMEF.Lighting\/\" \/>\n<meta property=\"article:modified_time\" content=\"2026-04-03T08:39:56+00:00\" \/>\n<meta property=\"og:image\" content=\"https:\/\/varat.tn\/wp-content\/uploads\/xstore\/xstore-placeholder-1x1.png\" \/>\n<meta name=\"twitter:card\" content=\"summary_large_image\" \/>\n<meta name=\"twitter:label1\" content=\"Est. reading time\" \/>\n\t<meta name=\"twitter:data1\" content=\"3 minutes\" \/>\n<!-- \/ Yoast SEO plugin. -->","yoast_head_json":{"title":"Garden Bollard - VARAT","description":"Garden Bollard, we offer garden bollards to illuminate your gardens, garden bollards Tunisia, outdoor lighting solution","robots":{"index":"index","follow":"follow","max-snippet":"max-snippet:-1","max-image-preview":"max-image-preview:large","max-video-preview":"max-video-preview:-1"},"canonical":"\/en\/https:\/\/varat.tn\/en\/products\/lighting\/garden-bollard\/\/","og_locale":"en_US","og_type":"article","og_title":"Garden Bollard - VARAT","og_description":"Garden Bollard, we offer garden bollards to illuminate your gardens, garden bollards Tunisia, outdoor lighting solution","og_url":"\/en\/https:\/\/varat.tn\/en\/products\/lighting\/garden-bollard\/\/","og_site_name":"VARAT","article_publisher":"https:\/\/www.facebook.com\/SOMEF.Lighting\/","article_modified_time":"2026-04-03T08:39:56+00:00","og_image":[{"url":"https:\/\/varat.tn\/wp-content\/uploads\/xstore\/xstore-placeholder-1x1.png","type":"","width":"","height":""}],"twitter_card":"summary_large_image","twitter_misc":{"Est. reading time":"3 minutes"},"schema":{"@context":"https:\/\/schema.org","@graph":[{"@type":"WebPage","@id":"https:\/\/varat.tn\/en\/products\/lighting\/garden-bollard\/","url":"https:\/\/varat.tn\/en\/products\/lighting\/garden-bollard\/","name":"Garden Bollard - VARAT","isPartOf":{"@id":"https:\/\/varat.tn\/en\/#website"},"primaryImageOfPage":{"@id":"https:\/\/varat.tn\/en\/products\/lighting\/garden-bollard\/#primaryimage"},"image":{"@id":"https:\/\/varat.tn\/en\/products\/lighting\/garden-bollard\/#primaryimage"},"thumbnailUrl":"https:\/\/varat.tn\/wp-content\/uploads\/xstore\/xstore-placeholder-1x1.png","datePublished":"2024-05-07T14:45:45+00:00","dateModified":"2026-04-03T08:39:56+00:00","description":"Garden Bollard, we offer garden bollards to illuminate your gardens, garden bollards Tunisia, outdoor lighting solution","breadcrumb":{"@id":"https:\/\/varat.tn\/en\/products\/lighting\/garden-bollard\/#breadcrumb"},"inLanguage":"en-US","potentialAction":[{"@type":"ReadAction","target":["https:\/\/varat.tn\/en\/products\/lighting\/garden-bollard\/"]}]},{"@type":"ImageObject","inLanguage":"en-US","@id":"https:\/\/varat.tn\/en\/products\/lighting\/garden-bollard\/#primaryimage","url":"https:\/\/varat.tn\/wp-content\/uploads\/xstore\/xstore-placeholder-1x1.png","contentUrl":"https:\/\/varat.tn\/wp-content\/uploads\/xstore\/xstore-placeholder-1x1.png"},{"@type":"BreadcrumbList","@id":"https:\/\/varat.tn\/en\/products\/lighting\/garden-bollard\/#breadcrumb","itemListElement":[{"@type":"ListItem","position":1,"name":"Accueil","item":"https:\/\/varat.tn\/en\/home\/"},{"@type":"ListItem","position":2,"name":"Products","item":"https:\/\/varat.tn\/en\/products\/"},{"@type":"ListItem","position":3,"name":"Lighting","item":"https:\/\/varat.tn\/en\/products\/lighting\/"},{"@type":"ListItem","position":4,"name":"Garden Bollard"}]},{"@type":"WebSite","@id":"https:\/\/varat.tn\/en\/#website","url":"https:\/\/varat.tn\/en\/","name":"VARAT","description":"\u00e9clairage Tunisie, Transformateurs \u00e9lectriques, lampes LED, \u00e9clairage r\u00e9sidentiel, \u00e9clairage industriel, \u00e9clairage bureautique et h\u00f4pitaux, \u00e9clairage urbain","potentialAction":[{"@type":"SearchAction","target":{"@type":"EntryPoint","urlTemplate":"https:\/\/varat.tn\/en\/?s={search_term_string}"},"query-input":{"@type":"PropertyValueSpecification","valueRequired":true,"valueName":"search_term_string"}}],"inLanguage":"en-US"}]}},"_links":{"self":[{"href":"https:\/\/varat.tn\/en\/wp-json\/wp\/v2\/pages\/6521","targetHints":{"allow":["GET"]}}],"collection":[{"href":"https:\/\/varat.tn\/en\/wp-json\/wp\/v2\/pages"}],"about":[{"href":"https:\/\/varat.tn\/en\/wp-json\/wp\/v2\/types\/page"}],"author":[{"embeddable":true,"href":"https:\/\/varat.tn\/en\/wp-json\/wp\/v2\/users\/4"}],"replies":[{"embeddable":true,"href":"https:\/\/varat.tn\/en\/wp-json\/wp\/v2\/comments?post=6521"}],"version-history":[{"count":2,"href":"https:\/\/varat.tn\/en\/wp-json\/wp\/v2\/pages\/6521\/revisions"}],"predecessor-version":[{"id":6523,"href":"https:\/\/varat.tn\/en\/wp-json\/wp\/v2\/pages\/6521\/revisions\/6523"}],"up":[{"embeddable":true,"href":"https:\/\/varat.tn\/en\/wp-json\/wp\/v2\/pages\/6374"}],"wp:attachment":[{"href":"https:\/\/varat.tn\/en\/wp-json\/wp\/v2\/media?parent=6521"}],"curies":[{"name":"wp","href":"https:\/\/api.w.org\/{rel}","templated":true}]}}