{"id":5553,"date":"2024-11-18T17:30:08","date_gmt":"2024-11-18T16:30:08","guid":{"rendered":"https:\/\/someflighting.com\/?page_id=5553"},"modified":"2026-03-05T14:56:42","modified_gmt":"2026-03-05T13:56:42","slug":"cote-divoire","status":"publish","type":"page","link":"https:\/\/varat.tn\/cote-divoire\/","title":{"rendered":"C\u00f4te d&#8217;Ivoire"},"content":{"rendered":"<div data-elementor-type=\"wp-page\" data-elementor-id=\"5553\" class=\"elementor elementor-5553\" data-elementor-settings=\"{&quot;ha_cmc_init_switcher&quot;:&quot;no&quot;}\" data-elementor-post-type=\"page\">\n\t\t\t\t\t\t<section class=\"elementor-section elementor-top-section elementor-element elementor-element-39eb1185 elementor-section-boxed elementor-section-height-default elementor-section-height-default\" data-id=\"39eb1185\" data-element_type=\"section\" data-e-type=\"section\" data-settings=\"{&quot;_ha_eqh_enable&quot;:false}\">\n\t\t\t\t\t\t<div class=\"elementor-container elementor-column-gap-no\">\n\t\t\t\t\t<div class=\"elementor-column elementor-col-50 elementor-top-column elementor-element elementor-element-17a35f8e\" data-id=\"17a35f8e\" data-element_type=\"column\" data-e-type=\"column\">\n\t\t\t<div class=\"elementor-widget-wrap elementor-element-populated\">\n\t\t\t\t\t\t<div class=\"elementor-element elementor-element-190e43f6 elementor-align-left elementor-widget elementor-widget-etheme_advanced_headline\" data-id=\"190e43f6\" data-element_type=\"widget\" data-e-type=\"widget\" data-widget_type=\"etheme_advanced_headline.default\">\n\t\t\t\t<div class=\"elementor-widget-container\">\n\t\t\t\t\t        \n        <div class=\"etheme-a-h-wrapper etheme-a-h-with-bg etheme-a-h-lines-none\">\n        \n            \n\t\t\t\n        <h2 class=\"etheme-advanced-headline\">\n\n                                <span class=\"etheme-a-h-text-before\">\n                    Distributeur                    <\/span>\n                CICOBAT\n        <\/h2>\n\t\t\n                    \n        <\/div>\n        \n\t\t\t\t\t\t<\/div>\n\t\t\t\t<\/div>\n\t\t\t\t<div class=\"elementor-element elementor-element-3951415e elementor-widget elementor-widget-text-editor\" data-id=\"3951415e\" data-element_type=\"widget\" data-e-type=\"widget\" data-widget_type=\"text-editor.default\">\n\t\t\t\t<div class=\"elementor-widget-container\">\n\t\t\t\t\t\t\t\t\t<p>Les produits VARAT sont pr\u00e9sents chez notre distributeur <span data-olk-copy-source=\"MessageBody\">CICOBAT<\/span><span data-olk-copy-source=\"MessageBody\">.<\/span><\/p><p>Nous sommes fiers de pouvoir proposer des produits de qualit\u00e9 sup\u00e9rieure \u00e0 nos clients en c\u00f4te d&#8217;ivoire gr\u00e2ce \u00e0 notre partenariat avec <span data-olk-copy-source=\"MessageBody\">CICOBAT<\/span>. Leur expertise dans le domaine de l&#8217;\u00e9lectricit\u00e9 et leur connaissance du march\u00e9 ivoirien nous permettent de fournir des produits adapt\u00e9s aux besoins et exigences sp\u00e9cifiques de nos clients.<\/p>\t\t\t\t\t\t\t\t<\/div>\n\t\t\t\t<\/div>\n\t\t\t\t\t<\/div>\n\t\t<\/div>\n\t\t\t\t<div class=\"elementor-column elementor-col-50 elementor-top-column elementor-element elementor-element-12af2fff elementor-hidden-mobile elementor-hidden-tablet\" data-id=\"12af2fff\" data-element_type=\"column\" data-e-type=\"column\" data-settings=\"{&quot;background_background&quot;:&quot;classic&quot;}\">\n\t\t\t<div class=\"elementor-widget-wrap elementor-element-populated\">\n\t\t\t\t\t\t<div class=\"elementor-element elementor-element-9490dc8 elementor-widget elementor-widget-image\" data-id=\"9490dc8\" data-element_type=\"widget\" data-e-type=\"widget\" data-widget_type=\"image.default\">\n\t\t\t\t<div class=\"elementor-widget-container\">\n\t\t\t\t\t\t\t\t\t\t\t\t\t\t\t<img loading=\"lazy\" decoding=\"async\" width=\"350\" height=\"500\" src=\"https:\/\/varat.tn\/wp-content\/uploads\/2024\/11\/partners.jpg\" class=\"attachment-large size-large wp-image-5457\" alt=\"Alg\u00e9rie distributeur\" srcset=\"https:\/\/varat.tn\/wp-content\/uploads\/2024\/11\/partners.jpg 350w, https:\/\/varat.tn\/wp-content\/uploads\/2024\/11\/partners-210x300.jpg 210w, https:\/\/varat.tn\/wp-content\/uploads\/2024\/11\/partners-8x12.jpg 8w, https:\/\/varat.tn\/wp-content\/uploads\/2024\/11\/partners-1x1.jpg 1w, https:\/\/varat.tn\/wp-content\/uploads\/2024\/11\/partners-7x10.jpg 7w\" sizes=\"auto, (max-width: 350px) 100vw, 350px\" \/>\t\t\t\t\t\t\t\t\t\t\t\t\t\t\t<\/div>\n\t\t\t\t<\/div>\n\t\t\t\t\t<\/div>\n\t\t<\/div>\n\t\t\t\t\t<\/div>\n\t\t<\/section>\n\t\t\t\t<section class=\"elementor-section elementor-top-section elementor-element elementor-element-1ec8d19e elementor-section-boxed elementor-section-height-default elementor-section-height-default\" data-id=\"1ec8d19e\" data-element_type=\"section\" data-e-type=\"section\" data-settings=\"{&quot;background_background&quot;:&quot;gradient&quot;,&quot;_ha_eqh_enable&quot;:false}\">\n\t\t\t\t\t\t<div class=\"elementor-container elementor-column-gap-default\">\n\t\t\t\t\t<div class=\"elementor-column elementor-col-33 elementor-top-column elementor-element elementor-element-d7d62f8\" data-id=\"d7d62f8\" data-element_type=\"column\" data-e-type=\"column\">\n\t\t\t<div class=\"elementor-widget-wrap elementor-element-populated\">\n\t\t\t\t\t\t<div class=\"elementor-element elementor-element-7a4eec0a elementor-align-center elementor-widget elementor-widget-etheme_icon_box\" data-id=\"7a4eec0a\" data-element_type=\"widget\" data-e-type=\"widget\" data-settings=\"{&quot;icon_type&quot;:&quot;icon&quot;}\" data-widget_type=\"etheme_icon_box.default\">\n\t\t\t\t<div class=\"elementor-widget-container\">\n\t\t\t\t\t\t\t\t<div class=\"etheme-icon-box etheme-icon-box-icon-position-top\">\n        \n                            \n                <div class=\"etheme-icon-box-icon etheme-icon-box-icon-type-icon\">\n        \n                <i aria-hidden=\"true\" class=\"et-icon et-location\"><\/i>        \n                <\/div>\n            \n                <div class=\"etheme-icon-box-content\">\n\t\t\n                                        \n                                            <h3 class=\"etheme-icon-box-title\">\n                            <span>Adresse<\/span>\n                        <\/h3>\n                    \t\t\n                                            <p class=\"etheme-icon-box-description\">\n                            Cocody Abidjan                        <\/p>\n                    \n                            \n                <\/div>\n\t\t\t<\/div>\n\t\t\t\t\t\t<\/div>\n\t\t\t\t<\/div>\n\t\t\t\t\t<\/div>\n\t\t<\/div>\n\t\t\t\t<div class=\"elementor-column elementor-col-33 elementor-top-column elementor-element elementor-element-797c9b88\" data-id=\"797c9b88\" data-element_type=\"column\" data-e-type=\"column\">\n\t\t\t<div class=\"elementor-widget-wrap elementor-element-populated\">\n\t\t\t\t\t\t<div class=\"elementor-element elementor-element-454db691 elementor-align-center elementor-widget elementor-widget-etheme_icon_box\" data-id=\"454db691\" data-element_type=\"widget\" data-e-type=\"widget\" data-settings=\"{&quot;icon_type&quot;:&quot;icon&quot;}\" data-widget_type=\"etheme_icon_box.default\">\n\t\t\t\t<div class=\"elementor-widget-container\">\n\t\t\t\t\t\t\t\t<div class=\"etheme-icon-box etheme-icon-box-icon-position-top\">\n        \n                            \n                <div class=\"etheme-icon-box-icon etheme-icon-box-icon-type-icon\">\n        \n                <i aria-hidden=\"true\" class=\"fas fa-phone-alt\"><\/i>        \n                <\/div>\n            \n                <div class=\"etheme-icon-box-content\">\n\t\t\n                                        \n                                            <h3 class=\"etheme-icon-box-title\">\n                            <span>T\u00e9l\u00e9phone<\/span>\n                        <\/h3>\n                    \t\t\n                                            <p class=\"etheme-icon-box-description\">\n                            +225\u00a07482\u00a090160                        <\/p>\n                    \n                            \n                <\/div>\n\t\t\t<\/div>\n\t\t\t\t\t\t<\/div>\n\t\t\t\t<\/div>\n\t\t\t\t\t<\/div>\n\t\t<\/div>\n\t\t\t\t<div class=\"elementor-column elementor-col-33 elementor-top-column elementor-element elementor-element-203a16a9 elementor-hidden-tablet elementor-hidden-mobile\" data-id=\"203a16a9\" data-element_type=\"column\" data-e-type=\"column\">\n\t\t\t<div class=\"elementor-widget-wrap elementor-element-populated\">\n\t\t\t\t\t\t<div class=\"elementor-element elementor-element-dda8d48 elementor-widget elementor-widget-google_maps\" data-id=\"dda8d48\" data-element_type=\"widget\" data-e-type=\"widget\" data-widget_type=\"google_maps.default\">\n\t\t\t\t<div class=\"elementor-widget-container\">\n\t\t\t\t\t\t\t<div class=\"elementor-custom-embed\">\n\t\t\t<iframe loading=\"lazy\"\n\t\t\t\t\tsrc=\"https:\/\/maps.google.com\/maps?q=9282%2BRRC%2C%20Bd%20des%20Martyrs%2C%20Abidjan%2C%20C%C3%B4te%20d%E2%80%99Ivoire&#038;t=m&#038;z=12&#038;output=embed&#038;iwloc=near\"\n\t\t\t\t\ttitle=\"9282+RRC, Bd des Martyrs, Abidjan, C\u00f4te d\u2019Ivoire\"\n\t\t\t\t\taria-label=\"9282+RRC, Bd des Martyrs, Abidjan, C\u00f4te d\u2019Ivoire\"\n\t\t\t><\/iframe>\n\t\t<\/div>\n\t\t\t\t\t\t<\/div>\n\t\t\t\t<\/div>\n\t\t\t\t\t<\/div>\n\t\t<\/div>\n\t\t\t\t\t<\/div>\n\t\t<\/section>\n\t\t\t\t<\/div>","protected":false},"excerpt":{"rendered":"<p>Distributeur CICOBAT Les produits VARAT sont pr\u00e9sents chez notre distributeur CICOBAT. Nous sommes fiers de pouvoir proposer des produits de qualit\u00e9 sup\u00e9rieure \u00e0 nos clients&#8230;<\/p>","protected":false},"author":4,"featured_media":0,"parent":0,"menu_order":0,"comment_status":"closed","ping_status":"closed","template":"","meta":{"footnotes":""},"class_list":["post-5553","page","type-page","status-publish","hentry"],"yoast_head":"<!-- This site is optimized with the Yoast SEO plugin v27.3 - https:\/\/yoast.com\/product\/yoast-seo-wordpress\/ -->\n<title>C\u00f4te d&#039;Ivoire - VARAT<\/title>\n<meta name=\"description\" content=\"C\u00f4te d&#039;Ivoire, solution d&#039;\u00e9clairage en C\u00f4te d&#039;Ivoire, produits de VARAT en C\u00f4te d&#039;Ivoire, distributeurs des produits somef lighting\" \/>\n<meta name=\"robots\" content=\"index, follow, max-snippet:-1, max-image-preview:large, max-video-preview:-1\" \/>\n<link rel=\"canonical\" href=\"\/en\/https:\/\/varat.tn\/en\/cote-divoire\/\/\" \/>\n<meta property=\"og:locale\" content=\"en_US\" \/>\n<meta property=\"og:type\" content=\"article\" \/>\n<meta property=\"og:title\" content=\"C\u00f4te d&#039;Ivoire - VARAT\" \/>\n<meta property=\"og:description\" content=\"C\u00f4te d&#039;Ivoire, solution d&#039;\u00e9clairage en C\u00f4te d&#039;Ivoire, produits de VARAT en C\u00f4te d&#039;Ivoire, distributeurs des produits somef lighting\" \/>\n<meta property=\"og:url\" content=\"\/en\/https:\/\/varat.tn\/cote-divoire\/\/\" \/>\n<meta property=\"og:site_name\" content=\"VARAT\" \/>\n<meta property=\"article:publisher\" content=\"https:\/\/www.facebook.com\/SOMEF.Lighting\/\" \/>\n<meta property=\"article:modified_time\" content=\"2026-03-05T13:56:42+00:00\" \/>\n<meta property=\"og:image\" content=\"https:\/\/varat.tn\/wp-content\/uploads\/2024\/11\/partners.jpg\" \/>\n\t<meta property=\"og:image:width\" content=\"350\" \/>\n\t<meta property=\"og:image:height\" content=\"500\" \/>\n\t<meta property=\"og:image:type\" content=\"image\/jpeg\" \/>\n<meta name=\"twitter:card\" content=\"summary_large_image\" \/>\n<meta name=\"twitter:label1\" content=\"Est. reading time\" \/>\n\t<meta name=\"twitter:data1\" content=\"1 minute\" \/>\n<!-- \/ Yoast SEO plugin. -->","yoast_head_json":{"title":"C\u00f4te d'Ivoire - VARAT","description":"C\u00f4te d'Ivoire, solution d'\u00e9clairage en C\u00f4te d'Ivoire, produits de VARAT en C\u00f4te d'Ivoire, distributeurs des produits somef lighting","robots":{"index":"index","follow":"follow","max-snippet":"max-snippet:-1","max-image-preview":"max-image-preview:large","max-video-preview":"max-video-preview:-1"},"canonical":"\/en\/https:\/\/varat.tn\/en\/cote-divoire\/\/","og_locale":"en_US","og_type":"article","og_title":"C\u00f4te d'Ivoire - VARAT","og_description":"C\u00f4te d'Ivoire, solution d'\u00e9clairage en C\u00f4te d'Ivoire, produits de VARAT en C\u00f4te d'Ivoire, distributeurs des produits somef lighting","og_url":"\/en\/https:\/\/varat.tn\/cote-divoire\/\/","og_site_name":"VARAT","article_publisher":"https:\/\/www.facebook.com\/SOMEF.Lighting\/","article_modified_time":"2026-03-05T13:56:42+00:00","og_image":[{"width":350,"height":500,"url":"https:\/\/varat.tn\/wp-content\/uploads\/2024\/11\/partners.jpg","type":"image\/jpeg"}],"twitter_card":"summary_large_image","twitter_misc":{"Est. reading time":"1 minute"},"schema":{"@context":"https:\/\/schema.org","@graph":[{"@type":"WebPage","@id":"https:\/\/varat.tn\/cote-divoire\/","url":"https:\/\/varat.tn\/cote-divoire\/","name":"C\u00f4te d'Ivoire - VARAT","isPartOf":{"@id":"https:\/\/varat.tn\/en\/#website"},"primaryImageOfPage":{"@id":"https:\/\/varat.tn\/cote-divoire\/#primaryimage"},"image":{"@id":"https:\/\/varat.tn\/cote-divoire\/#primaryimage"},"thumbnailUrl":"https:\/\/varat.tn\/wp-content\/uploads\/2024\/11\/partners.jpg","datePublished":"2024-11-18T16:30:08+00:00","dateModified":"2026-03-05T13:56:42+00:00","description":"C\u00f4te d'Ivoire, solution d'\u00e9clairage en C\u00f4te d'Ivoire, produits de VARAT en C\u00f4te d'Ivoire, distributeurs des produits somef lighting","breadcrumb":{"@id":"https:\/\/varat.tn\/cote-divoire\/#breadcrumb"},"inLanguage":"en-US","potentialAction":[{"@type":"ReadAction","target":["https:\/\/varat.tn\/cote-divoire\/"]}]},{"@type":"ImageObject","inLanguage":"en-US","@id":"https:\/\/varat.tn\/cote-divoire\/#primaryimage","url":"https:\/\/varat.tn\/wp-content\/uploads\/2024\/11\/partners.jpg","contentUrl":"https:\/\/varat.tn\/wp-content\/uploads\/2024\/11\/partners.jpg"},{"@type":"BreadcrumbList","@id":"https:\/\/varat.tn\/cote-divoire\/#breadcrumb","itemListElement":[{"@type":"ListItem","position":1,"name":"Accueil","item":"https:\/\/varat.tn\/en\/home\/"},{"@type":"ListItem","position":2,"name":"C\u00f4te d&#8217;Ivoire"}]},{"@type":"WebSite","@id":"https:\/\/varat.tn\/en\/#website","url":"https:\/\/varat.tn\/en\/","name":"VARAT","description":"\u00e9clairage Tunisie, Transformateurs \u00e9lectriques, lampes LED, \u00e9clairage r\u00e9sidentiel, \u00e9clairage industriel, \u00e9clairage bureautique et h\u00f4pitaux, \u00e9clairage urbain","potentialAction":[{"@type":"SearchAction","target":{"@type":"EntryPoint","urlTemplate":"https:\/\/varat.tn\/en\/?s={search_term_string}"},"query-input":{"@type":"PropertyValueSpecification","valueRequired":true,"valueName":"search_term_string"}}],"inLanguage":"en-US"}]}},"_links":{"self":[{"href":"https:\/\/varat.tn\/en\/wp-json\/wp\/v2\/pages\/5553","targetHints":{"allow":["GET"]}}],"collection":[{"href":"https:\/\/varat.tn\/en\/wp-json\/wp\/v2\/pages"}],"about":[{"href":"https:\/\/varat.tn\/en\/wp-json\/wp\/v2\/types\/page"}],"author":[{"embeddable":true,"href":"https:\/\/varat.tn\/en\/wp-json\/wp\/v2\/users\/4"}],"replies":[{"embeddable":true,"href":"https:\/\/varat.tn\/en\/wp-json\/wp\/v2\/comments?post=5553"}],"version-history":[{"count":10,"href":"https:\/\/varat.tn\/en\/wp-json\/wp\/v2\/pages\/5553\/revisions"}],"predecessor-version":[{"id":6165,"href":"https:\/\/varat.tn\/en\/wp-json\/wp\/v2\/pages\/5553\/revisions\/6165"}],"wp:attachment":[{"href":"https:\/\/varat.tn\/en\/wp-json\/wp\/v2\/media?parent=5553"}],"curies":[{"name":"wp","href":"https:\/\/api.w.org\/{rel}","templated":true}]}}