{"id":5520,"date":"2024-11-18T15:53:28","date_gmt":"2024-11-18T14:53:28","guid":{"rendered":"https:\/\/someflighting.com\/?page_id=5520"},"modified":"2026-03-05T14:58:47","modified_gmt":"2026-03-05T13:58:47","slug":"libye","status":"publish","type":"page","link":"https:\/\/varat.tn\/libye\/","title":{"rendered":"Libye"},"content":{"rendered":"<div data-elementor-type=\"wp-page\" data-elementor-id=\"5520\" class=\"elementor elementor-5520\" data-elementor-settings=\"{&quot;ha_cmc_init_switcher&quot;:&quot;no&quot;}\" data-elementor-post-type=\"page\">\n\t\t\t\t\t\t<section class=\"elementor-section elementor-top-section elementor-element elementor-element-39eb1185 elementor-section-boxed elementor-section-height-default elementor-section-height-default\" data-id=\"39eb1185\" data-element_type=\"section\" data-e-type=\"section\" data-settings=\"{&quot;_ha_eqh_enable&quot;:false}\">\n\t\t\t\t\t\t<div class=\"elementor-container elementor-column-gap-no\">\n\t\t\t\t\t<div class=\"elementor-column elementor-col-50 elementor-top-column elementor-element elementor-element-17a35f8e\" data-id=\"17a35f8e\" data-element_type=\"column\" data-e-type=\"column\">\n\t\t\t<div class=\"elementor-widget-wrap elementor-element-populated\">\n\t\t\t\t\t\t<div class=\"elementor-element elementor-element-190e43f6 elementor-align-left elementor-widget elementor-widget-etheme_advanced_headline\" data-id=\"190e43f6\" data-element_type=\"widget\" data-e-type=\"widget\" data-widget_type=\"etheme_advanced_headline.default\">\n\t\t\t\t<div class=\"elementor-widget-container\">\n\t\t\t\t\t        \n        <div class=\"etheme-a-h-wrapper etheme-a-h-with-bg etheme-a-h-lines-none\">\n        \n            \n\t\t\t\n        <h2 class=\"etheme-advanced-headline\">\n\n                                <span class=\"etheme-a-h-text-before\">\n                    Distributeur                    <\/span>\n                ALTTAWASUL ALMOTAKAMEL CO. for BUILDING MATERIALS\n        <\/h2>\n\t\t\n                    \n        <\/div>\n        \n\t\t\t\t\t\t<\/div>\n\t\t\t\t<\/div>\n\t\t\t\t<div class=\"elementor-element elementor-element-3951415e elementor-widget elementor-widget-text-editor\" data-id=\"3951415e\" data-element_type=\"widget\" data-e-type=\"widget\" data-widget_type=\"text-editor.default\">\n\t\t\t\t<div class=\"elementor-widget-container\">\n\t\t\t\t\t\t\t\t\t<p>Les produits VARAT sont pr\u00e9sents chez notre distributeur ALTTAWASUL ALMOTAKAMEL CO. for BUILDING MATERIALS en Libye.<\/p><p>Nous sommes fiers de pouvoir proposer des produits de qualit\u00e9 sup\u00e9rieure \u00e0 nos clients en Libye gr\u00e2ce \u00e0 notre partenariat avec ALTTAWASUL ALMOTAKAMEL CO. for BUILDING MATERIALS. Leur expertise dans le domaine de l&#8217;\u00e9lectricit\u00e9 et leur connaissance du march\u00e9 Libyen nous permettent de fournir des produits adapt\u00e9s aux besoins et exigences sp\u00e9cifiques de nos clients.<\/p>\t\t\t\t\t\t\t\t<\/div>\n\t\t\t\t<\/div>\n\t\t\t\t\t<\/div>\n\t\t<\/div>\n\t\t\t\t<div class=\"elementor-column elementor-col-50 elementor-top-column elementor-element elementor-element-12af2fff elementor-hidden-mobile elementor-hidden-tablet\" data-id=\"12af2fff\" data-element_type=\"column\" data-e-type=\"column\" data-settings=\"{&quot;background_background&quot;:&quot;classic&quot;}\">\n\t\t\t<div class=\"elementor-widget-wrap elementor-element-populated\">\n\t\t\t\t\t\t<div class=\"elementor-element elementor-element-9490dc8 elementor-widget elementor-widget-image\" data-id=\"9490dc8\" data-element_type=\"widget\" data-e-type=\"widget\" data-widget_type=\"image.default\">\n\t\t\t\t<div class=\"elementor-widget-container\">\n\t\t\t\t\t\t\t\t\t\t\t\t\t\t\t<img loading=\"lazy\" decoding=\"async\" width=\"350\" height=\"500\" src=\"https:\/\/varat.tn\/wp-content\/uploads\/2024\/11\/partners.jpg\" class=\"attachment-large size-large wp-image-5457\" alt=\"Alg\u00e9rie distributeur\" srcset=\"https:\/\/varat.tn\/wp-content\/uploads\/2024\/11\/partners.jpg 350w, https:\/\/varat.tn\/wp-content\/uploads\/2024\/11\/partners-210x300.jpg 210w, https:\/\/varat.tn\/wp-content\/uploads\/2024\/11\/partners-8x12.jpg 8w, https:\/\/varat.tn\/wp-content\/uploads\/2024\/11\/partners-1x1.jpg 1w, https:\/\/varat.tn\/wp-content\/uploads\/2024\/11\/partners-7x10.jpg 7w\" sizes=\"auto, (max-width: 350px) 100vw, 350px\" \/>\t\t\t\t\t\t\t\t\t\t\t\t\t\t\t<\/div>\n\t\t\t\t<\/div>\n\t\t\t\t\t<\/div>\n\t\t<\/div>\n\t\t\t\t\t<\/div>\n\t\t<\/section>\n\t\t\t\t<section class=\"elementor-section elementor-top-section elementor-element elementor-element-1ec8d19e elementor-section-boxed elementor-section-height-default elementor-section-height-default\" data-id=\"1ec8d19e\" data-element_type=\"section\" data-e-type=\"section\" data-settings=\"{&quot;background_background&quot;:&quot;gradient&quot;,&quot;_ha_eqh_enable&quot;:false}\">\n\t\t\t\t\t\t<div class=\"elementor-container elementor-column-gap-default\">\n\t\t\t\t\t<div class=\"elementor-column elementor-col-33 elementor-top-column elementor-element elementor-element-d7d62f8\" data-id=\"d7d62f8\" data-element_type=\"column\" data-e-type=\"column\">\n\t\t\t<div class=\"elementor-widget-wrap elementor-element-populated\">\n\t\t\t\t\t\t<div class=\"elementor-element elementor-element-7a4eec0a elementor-align-center elementor-widget elementor-widget-etheme_icon_box\" data-id=\"7a4eec0a\" data-element_type=\"widget\" data-e-type=\"widget\" data-settings=\"{&quot;icon_type&quot;:&quot;icon&quot;}\" data-widget_type=\"etheme_icon_box.default\">\n\t\t\t\t<div class=\"elementor-widget-container\">\n\t\t\t\t\t\t\t\t<div class=\"etheme-icon-box etheme-icon-box-icon-position-top\">\n        \n                            \n                <div class=\"etheme-icon-box-icon etheme-icon-box-icon-type-icon\">\n        \n                <i aria-hidden=\"true\" class=\"et-icon et-location\"><\/i>        \n                <\/div>\n            \n                <div class=\"etheme-icon-box-content\">\n\t\t\n                                        \n                                            <h3 class=\"etheme-icon-box-title\">\n                            <span>Adresse<\/span>\n                        <\/h3>\n                    \t\t\n                                            <p class=\"etheme-icon-box-description\">\n                            \u0627\u0644\u0633\u0631\u0627\u062c \u0627\u0644\u0634\u0631\u0642\u064a\u0629\u060c, Janzur, Libye                        <\/p>\n                    \n                            \n                <\/div>\n\t\t\t<\/div>\n\t\t\t\t\t\t<\/div>\n\t\t\t\t<\/div>\n\t\t\t\t\t<\/div>\n\t\t<\/div>\n\t\t\t\t<div class=\"elementor-column elementor-col-33 elementor-top-column elementor-element elementor-element-797c9b88\" data-id=\"797c9b88\" data-element_type=\"column\" data-e-type=\"column\">\n\t\t\t<div class=\"elementor-widget-wrap elementor-element-populated\">\n\t\t\t\t\t\t<div class=\"elementor-element elementor-element-454db691 elementor-align-center elementor-widget elementor-widget-etheme_icon_box\" data-id=\"454db691\" data-element_type=\"widget\" data-e-type=\"widget\" data-settings=\"{&quot;icon_type&quot;:&quot;icon&quot;}\" data-widget_type=\"etheme_icon_box.default\">\n\t\t\t\t<div class=\"elementor-widget-container\">\n\t\t\t\t\t\t\t\t<div class=\"etheme-icon-box etheme-icon-box-icon-position-top\">\n        \n                            \n                <div class=\"etheme-icon-box-icon etheme-icon-box-icon-type-icon\">\n        \n                <i aria-hidden=\"true\" class=\"fas fa-phone-alt\"><\/i>        \n                <\/div>\n            \n                <div class=\"etheme-icon-box-content\">\n\t\t\n                                        \n                                            <h3 class=\"etheme-icon-box-title\">\n                            <span>T\u00e9l\u00e9phone<\/span>\n                        <\/h3>\n                    \t\t\n                                            <p class=\"etheme-icon-box-description\">\n                            +218 92-5392230                        <\/p>\n                    \n                            \n                <\/div>\n\t\t\t<\/div>\n\t\t\t\t\t\t<\/div>\n\t\t\t\t<\/div>\n\t\t\t\t\t<\/div>\n\t\t<\/div>\n\t\t\t\t<div class=\"elementor-column elementor-col-33 elementor-top-column elementor-element elementor-element-203a16a9 elementor-hidden-tablet elementor-hidden-mobile\" data-id=\"203a16a9\" data-element_type=\"column\" data-e-type=\"column\">\n\t\t\t<div class=\"elementor-widget-wrap elementor-element-populated\">\n\t\t\t\t\t\t<div class=\"elementor-element elementor-element-dda8d48 elementor-widget elementor-widget-google_maps\" data-id=\"dda8d48\" data-element_type=\"widget\" data-e-type=\"widget\" data-widget_type=\"google_maps.default\">\n\t\t\t\t<div class=\"elementor-widget-container\">\n\t\t\t\t\t\t\t<div class=\"elementor-custom-embed\">\n\t\t\t<iframe loading=\"lazy\"\n\t\t\t\t\tsrc=\"https:\/\/maps.google.com\/maps?q=R4P2%2B39C%D8%8C%20%D8%A7%D9%84%D8%B3%D8%B1%D8%A7%D8%AC%20%D8%A7%D9%84%D8%B4%D8%B1%D9%82%D9%8A%D8%A9%D8%8C%2C%20Janzur%2C%20Libye&#038;t=m&#038;z=11&#038;output=embed&#038;iwloc=near\"\n\t\t\t\t\ttitle=\"R4P2+39C\u060c \u0627\u0644\u0633\u0631\u0627\u062c \u0627\u0644\u0634\u0631\u0642\u064a\u0629\u060c, Janzur, Libye\"\n\t\t\t\t\taria-label=\"R4P2+39C\u060c \u0627\u0644\u0633\u0631\u0627\u062c \u0627\u0644\u0634\u0631\u0642\u064a\u0629\u060c, Janzur, Libye\"\n\t\t\t><\/iframe>\n\t\t<\/div>\n\t\t\t\t\t\t<\/div>\n\t\t\t\t<\/div>\n\t\t\t\t\t<\/div>\n\t\t<\/div>\n\t\t\t\t\t<\/div>\n\t\t<\/section>\n\t\t\t\t<section class=\"elementor-section elementor-top-section elementor-element elementor-element-94e2d20 elementor-section-boxed elementor-section-height-default elementor-section-height-default\" data-id=\"94e2d20\" data-element_type=\"section\" data-e-type=\"section\" data-settings=\"{&quot;_ha_eqh_enable&quot;:false}\">\n\t\t\t\t\t\t<div class=\"elementor-container elementor-column-gap-no\">\n\t\t\t\t\t<div class=\"elementor-column elementor-col-50 elementor-top-column elementor-element elementor-element-cefff1b\" data-id=\"cefff1b\" data-element_type=\"column\" data-e-type=\"column\">\n\t\t\t<div class=\"elementor-widget-wrap elementor-element-populated\">\n\t\t\t\t\t\t<div class=\"elementor-element elementor-element-e6d1a57 elementor-align-left elementor-widget elementor-widget-etheme_advanced_headline\" data-id=\"e6d1a57\" data-element_type=\"widget\" data-e-type=\"widget\" data-widget_type=\"etheme_advanced_headline.default\">\n\t\t\t\t<div class=\"elementor-widget-container\">\n\t\t\t\t\t        \n        <div class=\"etheme-a-h-wrapper etheme-a-h-with-bg etheme-a-h-lines-none\">\n        \n            \n\t\t\t\n        <h2 class=\"etheme-advanced-headline\">\n\n                                <span class=\"etheme-a-h-text-before\">\n                    Distributeur                    <\/span>\n                Al Arabi \n        <\/h2>\n\t\t\n                    \n        <\/div>\n        \n\t\t\t\t\t\t<\/div>\n\t\t\t\t<\/div>\n\t\t\t\t<div class=\"elementor-element elementor-element-0c95644 elementor-widget elementor-widget-text-editor\" data-id=\"0c95644\" data-element_type=\"widget\" data-e-type=\"widget\" data-widget_type=\"text-editor.default\">\n\t\t\t\t<div class=\"elementor-widget-container\">\n\t\t\t\t\t\t\t\t\t<p>Les produits VARAT sont pr\u00e9sents chez notre distributeur Al Arabi pour les mat\u00e9riaux de piscine \u00e0 Tripoli en Libye.<\/p><p>Nous sommes fiers de pouvoir proposer des produits de qualit\u00e9 sup\u00e9rieure \u00e0 nos clients en Libye gr\u00e2ce \u00e0 notre partenariat avec Al Arabi pour les mat\u00e9riaux de piscine. Leur expertise dans le domaine de l&#8217;\u00e9lectricit\u00e9 et leur connaissance du march\u00e9 Libyen nous permettent de fournir des produits adapt\u00e9s aux besoins et exigences sp\u00e9cifiques de nos clients.<\/p>\t\t\t\t\t\t\t\t<\/div>\n\t\t\t\t<\/div>\n\t\t\t\t<div class=\"elementor-element elementor-element-397f93a elementor-align-left elementor-mobile-align-left elementor-widget elementor-widget-text_button\" data-id=\"397f93a\" data-element_type=\"widget\" data-e-type=\"widget\" data-widget_type=\"text_button.default\">\n\t\t\t\t<div class=\"elementor-widget-container\">\n\t\t\t\t\t<div class=\"etheme-button-wrapper\"><a href=\"#\" class=\"fill-none etheme-text-button elementor-button\" role=\"button\">\n        <span class=\"elementor-button-content-wrapper\">\n            \n\t\t\t<span class=\"elementor-button-text\">Contact<\/span>\n\n            \n            \n        <\/span><\/a><\/div>\t\t\t\t<\/div>\n\t\t\t\t<\/div>\n\t\t\t\t\t<\/div>\n\t\t<\/div>\n\t\t\t\t<div class=\"elementor-column elementor-col-50 elementor-top-column elementor-element elementor-element-8f8dd97 elementor-hidden-mobile elementor-hidden-tablet\" data-id=\"8f8dd97\" data-element_type=\"column\" data-e-type=\"column\" data-settings=\"{&quot;background_background&quot;:&quot;classic&quot;}\">\n\t\t\t<div class=\"elementor-widget-wrap elementor-element-populated\">\n\t\t\t\t\t\t<div class=\"elementor-element elementor-element-04651b6 elementor-widget elementor-widget-image\" data-id=\"04651b6\" data-element_type=\"widget\" data-e-type=\"widget\" data-widget_type=\"image.default\">\n\t\t\t\t<div class=\"elementor-widget-container\">\n\t\t\t\t\t\t\t\t\t\t\t\t\t\t\t<img loading=\"lazy\" decoding=\"async\" width=\"350\" height=\"500\" src=\"https:\/\/varat.tn\/wp-content\/uploads\/2024\/11\/partners2.jpg\" class=\"attachment-large size-large wp-image-5475\" alt=\"Alg\u00e9rie distributeur\" srcset=\"https:\/\/varat.tn\/wp-content\/uploads\/2024\/11\/partners2.jpg 350w, https:\/\/varat.tn\/wp-content\/uploads\/2024\/11\/partners2-210x300.jpg 210w, https:\/\/varat.tn\/wp-content\/uploads\/2024\/11\/partners2-8x12.jpg 8w, https:\/\/varat.tn\/wp-content\/uploads\/2024\/11\/partners2-1x1.jpg 1w, https:\/\/varat.tn\/wp-content\/uploads\/2024\/11\/partners2-7x10.jpg 7w\" sizes=\"auto, (max-width: 350px) 100vw, 350px\" \/>\t\t\t\t\t\t\t\t\t\t\t\t\t\t\t<\/div>\n\t\t\t\t<\/div>\n\t\t\t\t\t<\/div>\n\t\t<\/div>\n\t\t\t\t\t<\/div>\n\t\t<\/section>\n\t\t\t\t<section class=\"elementor-section elementor-top-section elementor-element elementor-element-b791d2c elementor-section-boxed elementor-section-height-default elementor-section-height-default\" data-id=\"b791d2c\" data-element_type=\"section\" data-e-type=\"section\" data-settings=\"{&quot;background_background&quot;:&quot;gradient&quot;,&quot;_ha_eqh_enable&quot;:false}\">\n\t\t\t\t\t\t<div class=\"elementor-container elementor-column-gap-default\">\n\t\t\t\t\t<div class=\"elementor-column elementor-col-33 elementor-top-column elementor-element elementor-element-ff02910\" data-id=\"ff02910\" data-element_type=\"column\" data-e-type=\"column\">\n\t\t\t<div class=\"elementor-widget-wrap elementor-element-populated\">\n\t\t\t\t\t\t<div class=\"elementor-element elementor-element-75fabe7 elementor-align-center elementor-widget elementor-widget-etheme_icon_box\" data-id=\"75fabe7\" data-element_type=\"widget\" data-e-type=\"widget\" data-settings=\"{&quot;icon_type&quot;:&quot;icon&quot;}\" data-widget_type=\"etheme_icon_box.default\">\n\t\t\t\t<div class=\"elementor-widget-container\">\n\t\t\t\t\t\t\t\t<div class=\"etheme-icon-box etheme-icon-box-icon-position-top\">\n        \n                            \n                <div class=\"etheme-icon-box-icon etheme-icon-box-icon-type-icon\">\n        \n                <i aria-hidden=\"true\" class=\"et-icon et-location\"><\/i>        \n                <\/div>\n            \n                <div class=\"etheme-icon-box-content\">\n\t\t\n                                        \n                                            <h3 class=\"etheme-icon-box-title\">\n                            <span>Adresse<\/span>\n                        <\/h3>\n                    \t\t\n                                            <p class=\"etheme-icon-box-description\">\n                            11 \u064a\u0648\u0646\u064a\u0648 \u0628\u0627\u0644\u0642\u0631\u0628 \u0645\u0646 \u0645\u0635\u0631\u0641 \u0627\u0644\u0646\u0648\u0631\u0627\u0646 Tripoli, Libye                        <\/p>\n                    \n                            \n                <\/div>\n\t\t\t<\/div>\n\t\t\t\t\t\t<\/div>\n\t\t\t\t<\/div>\n\t\t\t\t\t<\/div>\n\t\t<\/div>\n\t\t\t\t<div class=\"elementor-column elementor-col-33 elementor-top-column elementor-element elementor-element-1118b93\" data-id=\"1118b93\" data-element_type=\"column\" data-e-type=\"column\">\n\t\t\t<div class=\"elementor-widget-wrap elementor-element-populated\">\n\t\t\t\t\t\t<div class=\"elementor-element elementor-element-1485e6e elementor-align-center elementor-widget elementor-widget-etheme_icon_box\" data-id=\"1485e6e\" data-element_type=\"widget\" data-e-type=\"widget\" data-settings=\"{&quot;icon_type&quot;:&quot;icon&quot;}\" data-widget_type=\"etheme_icon_box.default\">\n\t\t\t\t<div class=\"elementor-widget-container\">\n\t\t\t\t\t\t\t\t<div class=\"etheme-icon-box etheme-icon-box-icon-position-top\">\n        \n                            \n                <div class=\"etheme-icon-box-icon etheme-icon-box-icon-type-icon\">\n        \n                <i aria-hidden=\"true\" class=\"fas fa-phone-alt\"><\/i>        \n                <\/div>\n            \n                <div class=\"etheme-icon-box-content\">\n\t\t\n                                        \n                                            <h3 class=\"etheme-icon-box-title\">\n                            <span>T\u00e9l\u00e9phone<\/span>\n                        <\/h3>\n                    \t\t\n                                            <p class=\"etheme-icon-box-description\">\n                            +218 91-2149930                        <\/p>\n                    \n                            \n                <\/div>\n\t\t\t<\/div>\n\t\t\t\t\t\t<\/div>\n\t\t\t\t<\/div>\n\t\t\t\t\t<\/div>\n\t\t<\/div>\n\t\t\t\t<div class=\"elementor-column elementor-col-33 elementor-top-column elementor-element elementor-element-0866a61 elementor-hidden-tablet elementor-hidden-mobile\" data-id=\"0866a61\" data-element_type=\"column\" data-e-type=\"column\">\n\t\t\t<div class=\"elementor-widget-wrap elementor-element-populated\">\n\t\t\t\t\t\t<div class=\"elementor-element elementor-element-463350b elementor-widget elementor-widget-google_maps\" data-id=\"463350b\" data-element_type=\"widget\" data-e-type=\"widget\" data-widget_type=\"google_maps.default\">\n\t\t\t\t<div class=\"elementor-widget-container\">\n\t\t\t\t\t\t\t<div class=\"elementor-custom-embed\">\n\t\t\t<iframe loading=\"lazy\"\n\t\t\t\t\tsrc=\"https:\/\/maps.google.com\/maps?q=R29J%2B3FF%2C%20Janzur%2C%20Libye&#038;t=m&#038;z=12&#038;output=embed&#038;iwloc=near\"\n\t\t\t\t\ttitle=\"R29J+3FF, Janzur, Libye\"\n\t\t\t\t\taria-label=\"R29J+3FF, Janzur, Libye\"\n\t\t\t><\/iframe>\n\t\t<\/div>\n\t\t\t\t\t\t<\/div>\n\t\t\t\t<\/div>\n\t\t\t\t\t<\/div>\n\t\t<\/div>\n\t\t\t\t\t<\/div>\n\t\t<\/section>\n\t\t\t\t<\/div>","protected":false},"excerpt":{"rendered":"<p>Distributeur ALTTAWASUL ALMOTAKAMEL CO. for BUILDING MATERIALS Les produits VARAT sont pr\u00e9sents chez notre distributeur ALTTAWASUL ALMOTAKAMEL CO. for BUILDING MATERIALS en Libye. Nous sommes&#8230;<\/p>","protected":false},"author":4,"featured_media":0,"parent":0,"menu_order":0,"comment_status":"closed","ping_status":"closed","template":"","meta":{"footnotes":""},"class_list":["post-5520","page","type-page","status-publish","hentry"],"yoast_head":"<!-- This site is optimized with the Yoast SEO plugin v27.3 - https:\/\/yoast.com\/product\/yoast-seo-wordpress\/ -->\n<title>Libye - VARAT<\/title>\n<meta name=\"description\" content=\"Libye, solution d&#039;\u00e9clairage en Libye, produits de VARAT en Libye, distributeurs des produits somef lighting en Libye\" \/>\n<meta name=\"robots\" content=\"index, follow, max-snippet:-1, max-image-preview:large, max-video-preview:-1\" \/>\n<link rel=\"canonical\" href=\"\/en\/https:\/\/varat.tn\/en\/libye\/\/\" \/>\n<meta property=\"og:locale\" content=\"en_US\" \/>\n<meta property=\"og:type\" content=\"article\" \/>\n<meta property=\"og:title\" content=\"Libye - VARAT\" \/>\n<meta property=\"og:description\" content=\"Libye, solution d&#039;\u00e9clairage en Libye, produits de VARAT en Libye, distributeurs des produits somef lighting en Libye\" \/>\n<meta property=\"og:url\" content=\"\/en\/https:\/\/varat.tn\/libye\/\/\" \/>\n<meta property=\"og:site_name\" content=\"VARAT\" \/>\n<meta property=\"article:publisher\" content=\"https:\/\/www.facebook.com\/SOMEF.Lighting\/\" \/>\n<meta property=\"article:modified_time\" content=\"2026-03-05T13:58:47+00:00\" \/>\n<meta property=\"og:image\" content=\"https:\/\/varat.tn\/wp-content\/uploads\/2024\/11\/partners.jpg\" \/>\n\t<meta property=\"og:image:width\" content=\"350\" \/>\n\t<meta property=\"og:image:height\" content=\"500\" \/>\n\t<meta property=\"og:image:type\" content=\"image\/jpeg\" \/>\n<meta name=\"twitter:card\" content=\"summary_large_image\" \/>\n<meta name=\"twitter:label1\" content=\"Est. reading time\" \/>\n\t<meta name=\"twitter:data1\" content=\"2 minutes\" \/>\n<!-- \/ Yoast SEO plugin. -->","yoast_head_json":{"title":"Libye - VARAT","description":"Libye, solution d'\u00e9clairage en Libye, produits de VARAT en Libye, distributeurs des produits somef lighting en Libye","robots":{"index":"index","follow":"follow","max-snippet":"max-snippet:-1","max-image-preview":"max-image-preview:large","max-video-preview":"max-video-preview:-1"},"canonical":"\/en\/https:\/\/varat.tn\/en\/libye\/\/","og_locale":"en_US","og_type":"article","og_title":"Libye - VARAT","og_description":"Libye, solution d'\u00e9clairage en Libye, produits de VARAT en Libye, distributeurs des produits somef lighting en Libye","og_url":"\/en\/https:\/\/varat.tn\/libye\/\/","og_site_name":"VARAT","article_publisher":"https:\/\/www.facebook.com\/SOMEF.Lighting\/","article_modified_time":"2026-03-05T13:58:47+00:00","og_image":[{"width":350,"height":500,"url":"https:\/\/varat.tn\/wp-content\/uploads\/2024\/11\/partners.jpg","type":"image\/jpeg"}],"twitter_card":"summary_large_image","twitter_misc":{"Est. reading time":"2 minutes"},"schema":{"@context":"https:\/\/schema.org","@graph":[{"@type":"WebPage","@id":"https:\/\/varat.tn\/libye\/","url":"https:\/\/varat.tn\/libye\/","name":"Libye - VARAT","isPartOf":{"@id":"https:\/\/varat.tn\/en\/#website"},"primaryImageOfPage":{"@id":"https:\/\/varat.tn\/libye\/#primaryimage"},"image":{"@id":"https:\/\/varat.tn\/libye\/#primaryimage"},"thumbnailUrl":"https:\/\/varat.tn\/wp-content\/uploads\/2024\/11\/partners.jpg","datePublished":"2024-11-18T14:53:28+00:00","dateModified":"2026-03-05T13:58:47+00:00","description":"Libye, solution d'\u00e9clairage en Libye, produits de VARAT en Libye, distributeurs des produits somef lighting en Libye","breadcrumb":{"@id":"https:\/\/varat.tn\/libye\/#breadcrumb"},"inLanguage":"en-US","potentialAction":[{"@type":"ReadAction","target":["https:\/\/varat.tn\/libye\/"]}]},{"@type":"ImageObject","inLanguage":"en-US","@id":"https:\/\/varat.tn\/libye\/#primaryimage","url":"https:\/\/varat.tn\/wp-content\/uploads\/2024\/11\/partners.jpg","contentUrl":"https:\/\/varat.tn\/wp-content\/uploads\/2024\/11\/partners.jpg"},{"@type":"BreadcrumbList","@id":"https:\/\/varat.tn\/libye\/#breadcrumb","itemListElement":[{"@type":"ListItem","position":1,"name":"Accueil","item":"https:\/\/varat.tn\/en\/home\/"},{"@type":"ListItem","position":2,"name":"Libye"}]},{"@type":"WebSite","@id":"https:\/\/varat.tn\/en\/#website","url":"https:\/\/varat.tn\/en\/","name":"VARAT","description":"\u00e9clairage Tunisie, Transformateurs \u00e9lectriques, lampes LED, \u00e9clairage r\u00e9sidentiel, \u00e9clairage industriel, \u00e9clairage bureautique et h\u00f4pitaux, \u00e9clairage urbain","potentialAction":[{"@type":"SearchAction","target":{"@type":"EntryPoint","urlTemplate":"https:\/\/varat.tn\/en\/?s={search_term_string}"},"query-input":{"@type":"PropertyValueSpecification","valueRequired":true,"valueName":"search_term_string"}}],"inLanguage":"en-US"}]}},"_links":{"self":[{"href":"https:\/\/varat.tn\/en\/wp-json\/wp\/v2\/pages\/5520","targetHints":{"allow":["GET"]}}],"collection":[{"href":"https:\/\/varat.tn\/en\/wp-json\/wp\/v2\/pages"}],"about":[{"href":"https:\/\/varat.tn\/en\/wp-json\/wp\/v2\/types\/page"}],"author":[{"embeddable":true,"href":"https:\/\/varat.tn\/en\/wp-json\/wp\/v2\/users\/4"}],"replies":[{"embeddable":true,"href":"https:\/\/varat.tn\/en\/wp-json\/wp\/v2\/comments?post=5520"}],"version-history":[{"count":17,"href":"https:\/\/varat.tn\/en\/wp-json\/wp\/v2\/pages\/5520\/revisions"}],"predecessor-version":[{"id":6171,"href":"https:\/\/varat.tn\/en\/wp-json\/wp\/v2\/pages\/5520\/revisions\/6171"}],"wp:attachment":[{"href":"https:\/\/varat.tn\/en\/wp-json\/wp\/v2\/media?parent=5520"}],"curies":[{"name":"wp","href":"https:\/\/api.w.org\/{rel}","templated":true}]}}